{"id":765552,"date":"2025-08-28T11:45:52","date_gmt":"2025-08-28T08:45:52","guid":{"rendered":"https:\/\/roveyayinevi.com.tr\/index.php\/urun\/kuramdan-uygulamaya-kamu-yonetiminin-donusumu\/"},"modified":"2025-10-05T23:16:53","modified_gmt":"2025-10-05T20:16:53","slug":"kuramdan-uygulamaya-kamu-yonetiminin-donusumu","status":"publish","type":"product","link":"https:\/\/roveyayinevi.com.tr\/index.php\/urun\/kuramdan-uygulamaya-kamu-yonetiminin-donusumu\/","title":{"rendered":"Kuramdan Uygulamaya Kamu Y\u00f6netiminin D\u00f6n\u00fc\u015f\u00fcm\u00fc"},"content":{"rendered":"<p>1980&#8217;li y\u0131llardan g\u00fcn\u00fcm\u00fcze, \u00f6zellikle ba\u015fta k\u00fcreselle\u015fme, ileti\u015fim ve haberle\u015fme ara\u00e7lar\u0131ndaki geli\u015fmeler, toplum ve bireyleri etkiledi\u011fi kadar kamu y\u00f6netiminde de \u00f6nemli geli\u015fmelerin ya\u015fanmas\u0131na sebep olmu\u015ftur. Kamu y\u00f6netiminde ge\u00e7mi\u015ften g\u00fcn\u00fcm\u00fcze gelen felsefi d\u00fc\u015f\u00fcncede bu de\u011fi\u015fimden \u00f6nemli \u00f6l\u00e7\u00fcde etkilenmi\u015ftir. Kamu y\u00f6netiminin tarihsel geli\u015fim ser\u00fcveni incelendi\u011finde klasik yakla\u015f\u0131mlarla ba\u015flayan Taylor, Fayol ve Weber gibi klasik d\u00fc\u015f\u00fcn\u00fcrlerin felsefi fikirleriyle \u015fekillenen klasik yakla\u015f\u0131mlar\u0131n yerine g\u00fcn\u00fcm\u00fcz kamu y\u00f6netimi anlay\u0131\u015f\u0131nda \u00f6nemli bir yere sahip olan yeni kamu y\u00f6netimi yakla\u015f\u0131m\u0131 etraf\u0131nda kendine yeni bir y\u00f6netim felsefesi olu\u015fturmaya \u00e7al\u0131\u015ft\u0131\u011f\u0131 g\u00f6zlenmektedir. Kamu y\u00f6netiminin klasik yakla\u015f\u0131mlardan portmodern yakla\u015f\u0131mlara bir nevi yolculu\u011funun anlat\u0131ld\u0131\u011f\u0131 bu eserde, kamu y\u00f6netiminde aksayan y\u00f6nler, yeni kamu y\u00f6netimi yakla\u015f\u0131m\u0131 \u00e7er\u00e7evesinde ileri s\u00fcr\u00fclen yakla\u015f\u0131mlarla ele al\u0131narak, kamu y\u00f6netimin temel sorunlar\u0131na getirdikleri \u00e7\u00f6z\u00fcm \u00f6nerileri de\u011ferlendirilmektedir. Bu ama\u00e7 do\u011frultusunda kaleme al\u0131nan eserin kamu y\u00f6netimi alan\u0131yla ilgilenen ba\u015fta akademisyenler, kamu \u00e7al\u0131\u015fanlar\u0131 ve \u00f6\u011frenciler olmak \u00fczere bu alan\u0131 merak edenlere k\u0131lavuzluk edece\u011fi d\u00fc\u015f\u00fcn\u00fclmektedir.<\/p>\n","protected":false},"excerpt":{"rendered":"<p>1980&#8217;li y\u0131llardan g\u00fcn\u00fcm\u00fcze, \u00f6zellikle ba\u015fta k\u00fcreselle\u015fme, ileti\u015fim ve haberle\u015fme ara\u00e7lar\u0131ndaki geli\u015fmeler, toplum ve bireyleri etkiledi\u011fi kadar kamu y\u00f6netiminde de \u00f6nemli geli\u015fmelerin ya\u015fanmas\u0131na sebep olmu\u015ftur. Kamu y\u00f6netiminde<span class=\"excerpt-hellip\"> [\u2026]<\/span><\/p>\n","protected":false},"featured_media":0,"template":"","meta":{"_monsterinsights_skip_tracking":false,"_monsterinsights_sitenote_active":false,"_monsterinsights_sitenote_note":"","_monsterinsights_sitenote_category":0},"product_brand":[],"product_cat":[13043],"product_tag":[],"class_list":{"0":"post-765552","1":"product","2":"type-product","3":"status-publish","5":"product_cat-ekonomi","6":"pa_cilt-ciltsiz","7":"pa_tur-kitap","8":"pa_yayinevi-orion-kitabevi","9":"pa_yazar-ahmet-guven","11":"first","12":"instock","13":"sale","14":"shipping-taxable","15":"purchasable","16":"product-type-simple"},"_links":{"self":[{"href":"https:\/\/roveyayinevi.com.tr\/index.php\/wp-json\/wp\/v2\/product\/765552","targetHints":{"allow":["GET"]}}],"collection":[{"href":"https:\/\/roveyayinevi.com.tr\/index.php\/wp-json\/wp\/v2\/product"}],"about":[{"href":"https:\/\/roveyayinevi.com.tr\/index.php\/wp-json\/wp\/v2\/types\/product"}],"wp:attachment":[{"href":"https:\/\/roveyayinevi.com.tr\/index.php\/wp-json\/wp\/v2\/media?parent=765552"}],"wp:term":[{"taxonomy":"product_brand","embeddable":true,"href":"https:\/\/roveyayinevi.com.tr\/index.php\/wp-json\/wp\/v2\/product_brand?post=765552"},{"taxonomy":"product_cat","embeddable":true,"href":"https:\/\/roveyayinevi.com.tr\/index.php\/wp-json\/wp\/v2\/product_cat?post=765552"},{"taxonomy":"product_tag","embeddable":true,"href":"https:\/\/roveyayinevi.com.tr\/index.php\/wp-json\/wp\/v2\/product_tag?post=765552"}],"curies":[{"name":"wp","href":"https:\/\/api.w.org\/{rel}","templated":true}]}}