{"id":765551,"date":"2025-08-28T11:45:51","date_gmt":"2025-08-28T08:45:51","guid":{"rendered":"https:\/\/roveyayinevi.com.tr\/index.php\/urun\/kriz-yonetimi\/"},"modified":"2026-04-15T03:31:29","modified_gmt":"2026-04-15T00:31:29","slug":"kriz-yonetimi","status":"publish","type":"product","link":"https:\/\/roveyayinevi.com.tr\/index.php\/urun\/kriz-yonetimi\/","title":{"rendered":"Kriz Y\u00f6netimi"},"content":{"rendered":"<p>Kriz y\u00f6netimi, y\u00f6netim s\u00fcrecinde ortaya \u00e7\u0131kan krizleri \u00f6nlemek amac\u0131yla ger\u00e7ekle\u015ftirilen y\u00f6nlendirmelerin tamam\u0131d\u0131r. Kriz an\u0131, kriz \u00f6ncesi ve sonras\u0131 boyutlar\u0131 ile bir s\u00fcre\u00e7 y\u00f6netimi olarak da tarif edilmektedir. Kriz y\u00f6netimi, T\u00fcrkiye\u2019de daha \u00e7ok deprem, sel, \u00e7\u0131\u011f gibi m\u00fccbir sebeplerle birlikte hat\u0131rlanan bir y\u00f6netim yakla\u015f\u0131m\u0131 olmu\u015ftur. Oysaki kriz y\u00f6netimi sadece m\u00fccbir durumlar sonras\u0131 de\u011fil siyasetten ekonomiye, psikolojiden sosyolojiye her anlamda hayat\u0131n bir par\u00e7as\u0131 haline gelmi\u015ftir. Bu ba\u011flamda bu eser, akademide bir eksiklik olarak g\u00f6r\u00fclen kriz y\u00f6netimi anlay\u0131\u015f\u0131n\u0131 farkl\u0131 boyutlar\u0131 ile ele almay\u0131 ama\u00e7lam\u0131\u015ft\u0131r. Kriz y\u00f6netimini sadece y\u00f6netsel boyutu ile ele almak do\u011fru de\u011fildir. Krizi, y\u00f6netsel seviyeye indiren sebeplere de dikkat \u00e7ekmek gerekmektedir. Bu eser, son iki y\u0131l i\u00e7erisinde T\u00fcrkiye\u2019de arka arkaya ger\u00e7ekle\u015fen covid-19 pandemisi, orman yang\u0131nlar\u0131, sel ve baraj krizleri \u00f6ncesi ve sonras\u0131nda neler yap\u0131ld\u0131 veya yap\u0131lmal\u0131 sorusuna aranan cevaplarla g\u00fcndemin merkezine oturan kriz y\u00f6netimi politikalar\u0131na \u0131\u015f\u0131k tutmay\u0131 ama\u00e7lamaktad\u0131r. Eserin \u00f6zg\u00fcn y\u00f6n\u00fc, ekolojik, toplumsal, yasal, siyasal ve ekonomik boyutlar\u0131 ile kriz y\u00f6netimi anlay\u0131\u015f\u0131n\u0131n sorgulanarak tek bir eserde toplanmas\u0131d\u0131r. Bu sorgulanma, alan\u0131nda uzman ara\u015ft\u0131rmac\u0131lar taraf\u0131ndan kaleme al\u0131nm\u0131\u015ft\u0131r. Bu ba\u011flamda, kriz y\u00f6netimi ile ilgilenen b\u00fct\u00fcn farkl\u0131 bilim dallar\u0131n\u0131n yararlanabilece\u011fi bir eser olan \u201cKriz Y\u00f6netimi (Yap\u0131lar, Fonksiyonlar ve Politikalar)\u201d kitab\u0131, alana katk\u0131 sunma potansiyeli y\u00fcksek bir eser olma niteli\u011fi ta\u015f\u0131maktad\u0131r.<\/p>\n","protected":false},"excerpt":{"rendered":"<p>Kriz y\u00f6netimi, y\u00f6netim s\u00fcrecinde ortaya \u00e7\u0131kan krizleri \u00f6nlemek amac\u0131yla ger\u00e7ekle\u015ftirilen y\u00f6nlendirmelerin tamam\u0131d\u0131r. Kriz an\u0131, kriz \u00f6ncesi ve sonras\u0131 boyutlar\u0131 ile bir s\u00fcre\u00e7 y\u00f6netimi olarak da tarif<span class=\"excerpt-hellip\"> [\u2026]<\/span><\/p>\n","protected":false},"featured_media":0,"template":"","meta":{"_monsterinsights_skip_tracking":false,"_monsterinsights_sitenote_active":false,"_monsterinsights_sitenote_note":"","_monsterinsights_sitenote_category":0},"product_brand":[],"product_cat":[12338,12337],"product_tag":[],"class_list":{"0":"post-765551","1":"product","2":"type-product","3":"status-publish","5":"product_cat-dunya-siyaseti-ve-politikasi","6":"product_cat-politika-siyaset","7":"pa_cilt-ciltsiz","8":"pa_tur-kitap","9":"pa_yayinevi-orion-kitabevi","10":"pa_yazar-yildiz-atmaca","12":"first","13":"instock","14":"sale","15":"shipping-taxable","16":"purchasable","17":"product-type-simple"},"_links":{"self":[{"href":"https:\/\/roveyayinevi.com.tr\/index.php\/wp-json\/wp\/v2\/product\/765551","targetHints":{"allow":["GET"]}}],"collection":[{"href":"https:\/\/roveyayinevi.com.tr\/index.php\/wp-json\/wp\/v2\/product"}],"about":[{"href":"https:\/\/roveyayinevi.com.tr\/index.php\/wp-json\/wp\/v2\/types\/product"}],"wp:attachment":[{"href":"https:\/\/roveyayinevi.com.tr\/index.php\/wp-json\/wp\/v2\/media?parent=765551"}],"wp:term":[{"taxonomy":"product_brand","embeddable":true,"href":"https:\/\/roveyayinevi.com.tr\/index.php\/wp-json\/wp\/v2\/product_brand?post=765551"},{"taxonomy":"product_cat","embeddable":true,"href":"https:\/\/roveyayinevi.com.tr\/index.php\/wp-json\/wp\/v2\/product_cat?post=765551"},{"taxonomy":"product_tag","embeddable":true,"href":"https:\/\/roveyayinevi.com.tr\/index.php\/wp-json\/wp\/v2\/product_tag?post=765551"}],"curies":[{"name":"wp","href":"https:\/\/api.w.org\/{rel}","templated":true}]}}