{"id":765550,"date":"2025-08-28T11:45:50","date_gmt":"2025-08-28T08:45:50","guid":{"rendered":"https:\/\/roveyayinevi.com.tr\/index.php\/urun\/kore-toplumu-kulturu-siyaseti\/"},"modified":"2026-04-15T03:31:29","modified_gmt":"2026-04-15T00:31:29","slug":"kore-toplumu-kulturu-siyaseti","status":"publish","type":"product","link":"https:\/\/roveyayinevi.com.tr\/index.php\/urun\/kore-toplumu-kulturu-siyaseti\/","title":{"rendered":"Kore Toplumu, K\u00fclt\u00fcr\u00fc, Siyaseti"},"content":{"rendered":"<p>Elinizdeki bu kitap yakla\u015f\u0131k 10 y\u0131l boyunca Kore ve Korelilerle ilgili edindi\u011fimiz izlenimlere dayanarak yaz\u0131lm\u0131\u015ft\u0131r. Bununla birlikte bu izlenimlerimizi sistematik bir \u015fekilde sizlere sunmaya \u00e7al\u0131\u015ft\u0131k. Kore&#8217;yle ilgili \u00e7ok \u00e7e\u015fitli konularda g\u00f6r\u00fc\u015flerimizi m\u00fcmk\u00fcn oldu\u011funca objektif ve tarafs\u0131z dille kaleme ald\u0131k. Elbette bu t\u00fcr konularda insan\u0131n kendi k\u00fclt\u00fcrel kal\u0131plar\u0131n\u0131 a\u015fmas\u0131 ve ba\u015fka bir k\u00fclt\u00fcre objektif bir \u015fekilde yakla\u015fmas\u0131 olduk\u00e7a zordur. Yaln\u0131z biz burada \u00f6zellikle T\u00fcrklerin g\u00f6z\u00fcyle Kore&#8217;yi ve Korelileri tan\u0131tmaya \u00e7al\u0131\u015ft\u0131k. Kore&#8217;yle ilgili \u00e7ok say\u0131da \u0130ngilizce ve ba\u015fka bir dilde yay\u0131n olmakla birlikte bunlar ya ba\u015fka \u00fclke vatanda\u015flar\u0131 taraf\u0131ndan kaleme al\u0131n\u0131yor ya da Korelilerin kendilerini Bat\u0131l\u0131lara tan\u0131tmak i\u00e7in haz\u0131rlad\u0131klar\u0131 yaz\u0131lar oluyor. Do\u011frudan T\u00fcrklerin g\u00f6z\u00fcyle Korelileri de\u011ferlendiren \u00e7ok az say\u0131da yay\u0131n bulunuyor. Bizim de amac\u0131m\u0131z Kore&#8217;nin T\u00fcrkiye&#8217;de do\u011fru olarak tan\u0131nmas\u0131na katk\u0131da bulunmak. Korelilere T\u00fcrkiye&#8217;yi ve T\u00fcrkleri tan\u0131tmaya y\u00f6nelik benzer \u00e7al\u0131\u015fmalar Korece&#8217;de daha \u00e7ok bulunuyor. Bunda Koreli T\u00fcrkiye uzman\u0131 say\u0131s\u0131n\u0131n fazla olmas\u0131n\u0131n etkisi b\u00fcy\u00fckt\u00fcr.T\u00fcrklerin ve Korelilerin do\u011frudan birbirlerini tan\u0131mas\u0131n\u0131n iki \u00fclke aras\u0131ndaki ili\u015fkilerin daha da geli\u015ftirilmesi i\u00e7in b\u00fcy\u00fck \u00f6nem ta\u015f\u0131d\u0131\u011f\u0131n\u0131 d\u00fc\u015f\u00fcn\u00fcyoruz. Dolay\u0131s\u0131yla bu t\u00fcr yay\u0131nlar T\u00fcrkiye ve Kore aras\u0131ndaki yak\u0131nla\u015fmaya b\u00fcy\u00fck katk\u0131 sa\u011flayacakt\u0131r.<\/p>\n","protected":false},"excerpt":{"rendered":"<p>Elinizdeki bu kitap yakla\u015f\u0131k 10 y\u0131l boyunca Kore ve Korelilerle ilgili edindi\u011fimiz izlenimlere dayanarak yaz\u0131lm\u0131\u015ft\u0131r. Bununla birlikte bu izlenimlerimizi sistematik bir \u015fekilde sizlere sunmaya \u00e7al\u0131\u015ft\u0131k. Kore&#8217;yle<span class=\"excerpt-hellip\"> [\u2026]<\/span><\/p>\n","protected":false},"featured_media":0,"template":"","meta":{"_monsterinsights_skip_tracking":false,"_monsterinsights_sitenote_active":false,"_monsterinsights_sitenote_note":"","_monsterinsights_sitenote_category":0},"product_brand":[],"product_cat":[12365,12364],"product_tag":[],"class_list":{"0":"post-765550","1":"product","2":"type-product","3":"status-publish","5":"product_cat-diger-genel-konular","6":"product_cat-genel-konular","7":"pa_cilt-ciltsiz","8":"pa_tur-kitap","9":"pa_yayinevi-orion-kitabevi","10":"pa_yazar-selcuk-colakoglu","12":"first","13":"instock","14":"sale","15":"shipping-taxable","16":"purchasable","17":"product-type-simple"},"_links":{"self":[{"href":"https:\/\/roveyayinevi.com.tr\/index.php\/wp-json\/wp\/v2\/product\/765550","targetHints":{"allow":["GET"]}}],"collection":[{"href":"https:\/\/roveyayinevi.com.tr\/index.php\/wp-json\/wp\/v2\/product"}],"about":[{"href":"https:\/\/roveyayinevi.com.tr\/index.php\/wp-json\/wp\/v2\/types\/product"}],"wp:attachment":[{"href":"https:\/\/roveyayinevi.com.tr\/index.php\/wp-json\/wp\/v2\/media?parent=765550"}],"wp:term":[{"taxonomy":"product_brand","embeddable":true,"href":"https:\/\/roveyayinevi.com.tr\/index.php\/wp-json\/wp\/v2\/product_brand?post=765550"},{"taxonomy":"product_cat","embeddable":true,"href":"https:\/\/roveyayinevi.com.tr\/index.php\/wp-json\/wp\/v2\/product_cat?post=765550"},{"taxonomy":"product_tag","embeddable":true,"href":"https:\/\/roveyayinevi.com.tr\/index.php\/wp-json\/wp\/v2\/product_tag?post=765550"}],"curies":[{"name":"wp","href":"https:\/\/api.w.org\/{rel}","templated":true}]}}