{"id":765549,"date":"2025-08-28T11:45:48","date_gmt":"2025-08-28T08:45:48","guid":{"rendered":"https:\/\/roveyayinevi.com.tr\/index.php\/urun\/kobi-ve-aile-isletmelerinde-yonetim-ve-organizasyon-sorunlari\/"},"modified":"2026-04-15T03:31:29","modified_gmt":"2026-04-15T00:31:29","slug":"kobi-ve-aile-isletmelerinde-yonetim-ve-organizasyon-sorunlari","status":"publish","type":"product","link":"https:\/\/roveyayinevi.com.tr\/index.php\/urun\/kobi-ve-aile-isletmelerinde-yonetim-ve-organizasyon-sorunlari\/","title":{"rendered":"Kobi ve Aile \u0130\u015fletmelerinde Y\u00f6netim ve Organizasyon Sorunlar\u0131"},"content":{"rendered":"<p>\u00dclkemizde yakla\u015f\u0131k 2,5 milyon i\u015fletmenin y\u00fczde 99.9&#8217;unu K\u00fc\u00e7\u00fck ve Orta B\u00fcy\u00fckl\u00fckteki \u0130\u015fletmeler (KOB\u0130) olu\u015fturmakta ve \u00fcretilen katma de\u011ferin %55&#8217;i KOB\u0130&#8217;ler taraf\u0131ndan sa\u011flanmaktad\u0131r. Gerek ekonomiye olan katk\u0131lar\u0131 gerekse istihdam yaratma potansiyelleri g\u00f6z \u00f6n\u00fcne al\u0131nd\u0131\u011f\u0131nda KOB\u0130 ve Aile \u0130\u015fletmenlerinde kar\u015f\u0131la\u015f\u0131lan y\u00f6netim ve organizasyon sorunlar\u0131n\u0131n bilimsel y\u00f6ntemlerle belirlenmesi ve gerekli \u00e7\u00f6z\u00fcm \u00f6nerilerinin ortaya konulmas\u0131, bu i\u015fletmenlerin s\u00fcrd\u00fcr\u00fclebilirli\u011fi ve \u00fclkemizin s\u0131n\u0131rl\u0131 kaynaklar\u0131n\u0131n etkin ve verimli kullan\u0131m\u0131 a\u00e7\u0131s\u0131ndan b\u00fcy\u00fck \u00f6nem ta\u015f\u0131maktad\u0131r.Bu eserde, KOB\u0130 ve Aile \u0130\u015fletmesi kavramlar\u0131na y\u00f6nelik literat\u00fcr incelemesi yap\u0131larak Burdur \u0130linde mermer sekt\u00f6r\u00fcnde faaliyet g\u00f6steren KOB\u0130 ve Aile \u0130\u015fletmesi niteli\u011fi ta\u015f\u0131yan i\u015fletmelerin kar\u015f\u0131la\u015ft\u0131\u011f\u0131 y\u00f6netsel ve \u00f6rg\u00fctsel sorunlar tespit edilmi\u015ftir. Kitab\u0131n son k\u0131sm\u0131nda ise tespit edilen sorunlara y\u00f6nelik \u00e7\u00f6z\u00fcm \u00f6nerileri getirilmi\u015f ve bu i\u015fletmelerin y\u00f6netim kademelerine \u00e7\u00f6z\u00fcm odakl\u0131 bir bak\u0131\u015f a\u00e7\u0131s\u0131 sunularak katk\u0131da bulunulmaya \u00e7al\u0131\u015f\u0131lm\u0131\u015ft\u0131r. Asl\u0131nda mermer sekt\u00f6r\u00fcnde faaliyet g\u00f6steren KOB\u0130 ve Aile \u0130\u015fletmelerinin y\u00f6netim ve organizasyon sorunlar\u0131n\u0131n, sadece bu i\u015fletmelerde \u00f6zg\u00fc sorunlar olmad\u0131\u011f\u0131, di\u011fer sekt\u00f6rlerde faaliyet g\u00f6steren KOB\u0130 ve Aile \u0130\u015fletmelerinin de benzer sorunlarla kar\u015f\u0131la\u015ft\u0131\u011f\u0131n\u0131 s\u00f6ylemek m\u00fcmk\u00fcnd\u00fcr. Dolay\u0131s\u0131yla bu \u00e7al\u0131\u015fma t\u00fcm KOB\u0130 ve Aile \u0130\u015fletmelerinin yararlanabilece\u011fi bilgiler sunmaktad\u0131r.Elinizdeki eserin bu alanda \u00e7al\u0131\u015fan akademisyen \u00f6\u011frenci, KOB\u0130 ve Aile \u0130\u015fletmelerinin sahipleri ve y\u00f6neticileri ile konuyla ilgilenen herkese yol g\u00f6stermesini \u00fcmit ediyoruz.<\/p>\n","protected":false},"excerpt":{"rendered":"<p>\u00dclkemizde yakla\u015f\u0131k 2,5 milyon i\u015fletmenin y\u00fczde 99.9&#8217;unu K\u00fc\u00e7\u00fck ve Orta B\u00fcy\u00fckl\u00fckteki \u0130\u015fletmeler (KOB\u0130) olu\u015fturmakta ve \u00fcretilen katma de\u011ferin %55&#8217;i KOB\u0130&#8217;ler taraf\u0131ndan sa\u011flanmaktad\u0131r. Gerek ekonomiye olan katk\u0131lar\u0131<span class=\"excerpt-hellip\"> [\u2026]<\/span><\/p>\n","protected":false},"featured_media":0,"template":"","meta":{"_monsterinsights_skip_tracking":false,"_monsterinsights_sitenote_active":false,"_monsterinsights_sitenote_note":"","_monsterinsights_sitenote_category":0},"product_brand":[],"product_cat":[13043,14381],"product_tag":[],"class_list":{"0":"post-765549","1":"product","2":"type-product","3":"status-publish","5":"product_cat-ekonomi","6":"product_cat-isletme-muhasebe-maliye","7":"pa_cilt-ciltsiz","8":"pa_tur-kitap","9":"pa_yayinevi-orion-kitabevi","10":"pa_yazar-kursat-ozdasli","12":"first","13":"instock","14":"sale","15":"shipping-taxable","16":"purchasable","17":"product-type-simple"},"_links":{"self":[{"href":"https:\/\/roveyayinevi.com.tr\/index.php\/wp-json\/wp\/v2\/product\/765549","targetHints":{"allow":["GET"]}}],"collection":[{"href":"https:\/\/roveyayinevi.com.tr\/index.php\/wp-json\/wp\/v2\/product"}],"about":[{"href":"https:\/\/roveyayinevi.com.tr\/index.php\/wp-json\/wp\/v2\/types\/product"}],"wp:attachment":[{"href":"https:\/\/roveyayinevi.com.tr\/index.php\/wp-json\/wp\/v2\/media?parent=765549"}],"wp:term":[{"taxonomy":"product_brand","embeddable":true,"href":"https:\/\/roveyayinevi.com.tr\/index.php\/wp-json\/wp\/v2\/product_brand?post=765549"},{"taxonomy":"product_cat","embeddable":true,"href":"https:\/\/roveyayinevi.com.tr\/index.php\/wp-json\/wp\/v2\/product_cat?post=765549"},{"taxonomy":"product_tag","embeddable":true,"href":"https:\/\/roveyayinevi.com.tr\/index.php\/wp-json\/wp\/v2\/product_tag?post=765549"}],"curies":[{"name":"wp","href":"https:\/\/api.w.org\/{rel}","templated":true}]}}