{"id":765548,"date":"2025-08-28T11:45:47","date_gmt":"2025-08-28T08:45:47","guid":{"rendered":"https:\/\/roveyayinevi.com.tr\/index.php\/urun\/kilo-verme-ve-saglikli-yasam-sirlari\/"},"modified":"2026-04-15T03:31:29","modified_gmt":"2026-04-15T00:31:29","slug":"kilo-verme-ve-saglikli-yasam-sirlari","status":"publish","type":"product","link":"https:\/\/roveyayinevi.com.tr\/index.php\/urun\/kilo-verme-ve-saglikli-yasam-sirlari\/","title":{"rendered":"Kilo Verme ve Sa\u011fl\u0131kl\u0131 Ya\u015fam S\u0131rlar\u0131"},"content":{"rendered":"<p>Kilo Verme ve Sa\u011fl\u0131kl\u0131 Ya\u015fam S\u0131rlar\u0131Kitap, sa\u011fl\u0131kl\u0131 beslenmenin ilk basama\u011f\u0131 olan do\u011fru beslenme konusunda ihtiyac\u0131n\u0131z olan bir\u00e7ok bilgiyi derli toplu bir \u015fekilde sunmaktad\u0131r. Kitapta \u00e7a\u011f\u0131m\u0131z\u0131n en \u00f6nemli hastal\u0131\u011f\u0131 diyebilece\u011fimiz obezite ve bundan kurtulu\u015f yollar\u0131 ile ilgili \u00e7ok k\u0131ymeli bilgiler bulacaks\u0131n\u0131z. Sadece kilo vermek de\u011fil, verilen kilonun tekrar al\u0131nmamas\u0131 i\u00e7in do\u011fru beslenme al\u0131\u015fkanl\u0131klar\u0131n\u0131n geli\u015ftirilebilmesi i\u00e7in ipu\u00e7lar\u0131 sizi beklemektedir.-Prof. Dr. Fatih G\u00fcltekin (T\u00fcba Asli \u00dcyesi, Sa\u011fl\u0131k Bilimleri \u00dcniversitesi T\u0131bbi Biyokimya Anabilim Dal\u0131 Ba\u015fkan\u0131, Di\u015f Hekimli\u011fi Fak\u00fcltesi Dekan\u0131, Helal ve Sa\u011fl\u0131kl\u0131 G\u0131da Koordinat\u00f6r\u00fc.)Kitap yazmak, bildiklerini payla\u015fmak ve bunu olabildi\u011fince sadece bir  \u015fekilde yapmaya \u00e7al\u0131\u015fmak olduk\u00e7a zordur. Hasan bahri hoca bu kitapta bunu ba\u015farm\u0131\u015f. \u0130lerleme ve medeniyet olarak  takdim  edilen \u00fcr\u00fcnlerin ve  dayat\u0131lan ya\u015fam tarz\u0131n\u0131n yanl\u0131\u015fl\u0131\u011f\u0131 \u00fczerinde durup olmas\u0131 gerekene yani f\u0131trat\u0131m\u0131za d\u00f6n\u00fc\u015f i\u00e7in bu kitab\u0131n vesile olmas\u0131 dile\u011fiyle.-Prof. Dr. B\u00fclent Adil Ta\u015fba\u015f (Alanya Alaaddin Keykubat \u00dcniversitesi Alanya E\u011fitim ve Ara\u015ft\u0131rma Hastanesi Ba\u015fhekimi.)Bu kitapta pratik, basit, uygulanabilir ve devam ettirebilir tavsiyeler ile sa\u011fl\u0131kl\u0131 beslenmenin, kilo vermenin ve ya\u015fam\u0131n s\u0131rlar\u0131  sunulmaktad\u0131r. Elde Edilecek s\u0131rlar sayesinde beslenme ile ilgili karma\u015f\u0131k g\u00f6r\u00fclen konular\u0131n ayd\u0131nlanmas\u0131 ve i\u015flerin kolayla\u015fmas\u0131 beklenmektedir.-Dr. \u00d6\u011fretim \u00dcyesi Hasan Basri Sava\u015f (Alanya Alaaddin Keykubat \u00dcniversitesi T\u0131p Fak\u00fcltesi T\u0131bbi Biyokimya Anabilim Dal\u0131 Ba\u015fkan\u0131.)<\/p>\n","protected":false},"excerpt":{"rendered":"<p>Kilo Verme ve Sa\u011fl\u0131kl\u0131 Ya\u015fam S\u0131rlar\u0131Kitap, sa\u011fl\u0131kl\u0131 beslenmenin ilk basama\u011f\u0131 olan do\u011fru beslenme konusunda ihtiyac\u0131n\u0131z olan bir\u00e7ok bilgiyi derli toplu bir \u015fekilde sunmaktad\u0131r. Kitapta \u00e7a\u011f\u0131m\u0131z\u0131n en<span class=\"excerpt-hellip\"> [\u2026]<\/span><\/p>\n","protected":false},"featured_media":0,"template":"","meta":{"_monsterinsights_skip_tracking":false,"_monsterinsights_sitenote_active":false,"_monsterinsights_sitenote_note":"","_monsterinsights_sitenote_category":0},"product_brand":[],"product_cat":[13402,13365],"product_tag":[],"class_list":{"0":"post-765548","1":"product","2":"type-product","3":"status-publish","5":"product_cat-beslenme-ve-diyet","6":"product_cat-saglik","7":"pa_cilt-ciltsiz","8":"pa_tur-kitap","9":"pa_yayinevi-orion-kitabevi","10":"pa_yazar-hasan-bahri-savas","12":"first","13":"instock","14":"sale","15":"shipping-taxable","16":"purchasable","17":"product-type-simple"},"_links":{"self":[{"href":"https:\/\/roveyayinevi.com.tr\/index.php\/wp-json\/wp\/v2\/product\/765548","targetHints":{"allow":["GET"]}}],"collection":[{"href":"https:\/\/roveyayinevi.com.tr\/index.php\/wp-json\/wp\/v2\/product"}],"about":[{"href":"https:\/\/roveyayinevi.com.tr\/index.php\/wp-json\/wp\/v2\/types\/product"}],"wp:attachment":[{"href":"https:\/\/roveyayinevi.com.tr\/index.php\/wp-json\/wp\/v2\/media?parent=765548"}],"wp:term":[{"taxonomy":"product_brand","embeddable":true,"href":"https:\/\/roveyayinevi.com.tr\/index.php\/wp-json\/wp\/v2\/product_brand?post=765548"},{"taxonomy":"product_cat","embeddable":true,"href":"https:\/\/roveyayinevi.com.tr\/index.php\/wp-json\/wp\/v2\/product_cat?post=765548"},{"taxonomy":"product_tag","embeddable":true,"href":"https:\/\/roveyayinevi.com.tr\/index.php\/wp-json\/wp\/v2\/product_tag?post=765548"}],"curies":[{"name":"wp","href":"https:\/\/api.w.org\/{rel}","templated":true}]}}