{"id":765547,"date":"2025-08-28T11:45:46","date_gmt":"2025-08-28T08:45:46","guid":{"rendered":"https:\/\/roveyayinevi.com.tr\/index.php\/urun\/kibris-bir-cozumsuzluk-sarmali\/"},"modified":"2026-04-15T03:31:29","modified_gmt":"2026-04-15T00:31:29","slug":"kibris-bir-cozumsuzluk-sarmali","status":"publish","type":"product","link":"https:\/\/roveyayinevi.com.tr\/index.php\/urun\/kibris-bir-cozumsuzluk-sarmali\/","title":{"rendered":"K\u0131br\u0131s &#8211; Bir \u00c7\u00f6z\u00fcms\u00fczl\u00fck Sarmal\u0131"},"content":{"rendered":"<p>K\u0131br\u0131s sorunu can s\u0131k\u0131c\u0131, modas\u0131 ge\u00e7mi\u015f ve ilgili b\u00fct\u00fcn taraflar\u0131 b\u0131kt\u0131rm\u0131\u015f bir sorunmu\u015f gibi g\u00f6z\u00fckmektedir. Konuyla ilgili pek kitap yay\u0131nlanmamas\u0131, bu durumun bir g\u00f6stergesi olarak alg\u0131lanabilir. Ancak sorun, do\u011frudan ilgili olan taraflar\u0131n i\u00e7 ve d\u0131\u015f politikalar\u0131nda \u00f6nemli bir mesele olmay\u0131 s\u00fcrd\u00fcrmekte ve \u00f6zellikle milliyet\u00e7ilik taraf\u0131ndan desteklendi\u011fi durumlarda taraflar\u0131 kar\u015f\u0131 kar\u015f\u0131ya getirme potansiyeli ta\u015f\u0131maktad\u0131r. \u00d6rne\u011fin T\u00fcrkiye&#8217;nin Avrupa Birli\u011fi&#8217;yle ili\u015fkilerinde olumsuz y\u00f6nde k\u0131r\u0131lmay\u0131 ba\u015flatan K\u0131br\u0131s sorunu oldu\u011fu gibi son d\u00f6nemlerde Do\u011fu Akdeniz&#8217;de ke\u015ffedilen do\u011fal gaz yataklar\u0131 ba\u011flam\u0131nda T\u00fcrkiye&#8217;nin kar\u015f\u0131 kar\u015f\u0131ya geldi\u011fi ciddi durumlar\u0131n K\u0131br\u0131s sorunuyla do\u011frudan ba\u011flant\u0131s\u0131 bulunmaktad\u0131r. K\u0131saca K\u0131br\u0131s sorunu, g\u00fcn\u00fcm\u00fczde ve gelecekte takip edilecek i\u00e7 ve d\u0131\u015f politikalar ba\u011flam\u0131nda bilinmesi ve dikkate al\u0131nmas\u0131 gereken bir sorundur.<\/p>\n","protected":false},"excerpt":{"rendered":"<p>K\u0131br\u0131s sorunu can s\u0131k\u0131c\u0131, modas\u0131 ge\u00e7mi\u015f ve ilgili b\u00fct\u00fcn taraflar\u0131 b\u0131kt\u0131rm\u0131\u015f bir sorunmu\u015f gibi g\u00f6z\u00fckmektedir. Konuyla ilgili pek kitap yay\u0131nlanmamas\u0131, bu durumun bir g\u00f6stergesi olarak alg\u0131lanabilir.<span class=\"excerpt-hellip\"> [\u2026]<\/span><\/p>\n","protected":false},"featured_media":0,"template":"","meta":{"_monsterinsights_skip_tracking":false,"_monsterinsights_sitenote_active":false,"_monsterinsights_sitenote_note":"","_monsterinsights_sitenote_category":0},"product_brand":[],"product_cat":[13590,12337],"product_tag":[],"class_list":{"0":"post-765547","1":"product","2":"type-product","3":"status-publish","5":"product_cat-arastirma-inceleme-politika-siyaset","6":"product_cat-politika-siyaset","7":"pa_cilt-ciltsiz","8":"pa_tur-kitap","9":"pa_yayinevi-orion-kitabevi","10":"pa_yazar-nasuh-uslu","12":"first","13":"instock","14":"sale","15":"shipping-taxable","16":"purchasable","17":"product-type-simple"},"_links":{"self":[{"href":"https:\/\/roveyayinevi.com.tr\/index.php\/wp-json\/wp\/v2\/product\/765547","targetHints":{"allow":["GET"]}}],"collection":[{"href":"https:\/\/roveyayinevi.com.tr\/index.php\/wp-json\/wp\/v2\/product"}],"about":[{"href":"https:\/\/roveyayinevi.com.tr\/index.php\/wp-json\/wp\/v2\/types\/product"}],"wp:attachment":[{"href":"https:\/\/roveyayinevi.com.tr\/index.php\/wp-json\/wp\/v2\/media?parent=765547"}],"wp:term":[{"taxonomy":"product_brand","embeddable":true,"href":"https:\/\/roveyayinevi.com.tr\/index.php\/wp-json\/wp\/v2\/product_brand?post=765547"},{"taxonomy":"product_cat","embeddable":true,"href":"https:\/\/roveyayinevi.com.tr\/index.php\/wp-json\/wp\/v2\/product_cat?post=765547"},{"taxonomy":"product_tag","embeddable":true,"href":"https:\/\/roveyayinevi.com.tr\/index.php\/wp-json\/wp\/v2\/product_tag?post=765547"}],"curies":[{"name":"wp","href":"https:\/\/api.w.org\/{rel}","templated":true}]}}