{"id":765546,"date":"2025-08-28T11:45:45","date_gmt":"2025-08-28T08:45:45","guid":{"rendered":"https:\/\/roveyayinevi.com.tr\/index.php\/urun\/kent-tartismalari-ve-yeni-yaklasimlar\/"},"modified":"2026-04-15T03:31:29","modified_gmt":"2026-04-15T00:31:29","slug":"kent-tartismalari-ve-yeni-yaklasimlar","status":"publish","type":"product","link":"https:\/\/roveyayinevi.com.tr\/index.php\/urun\/kent-tartismalari-ve-yeni-yaklasimlar\/","title":{"rendered":"Kent Tart\u0131\u015fmalar\u0131 ve Yeni Yakla\u015f\u0131mlar"},"content":{"rendered":"<p>Sanayi Devriminden sonra kentlerin n\u00fcfus ve alan olarak b\u00fcy\u00fcmesi kentlerde trafik, ula\u015f\u0131m, altyap\u0131, g\u00fcvenlik gibi yeni bir\u00e7ok sorunun ortaya \u00e7\u0131kmas\u0131na neden olmu\u015ftur. Kentlerde rahat, huzurlu ve g\u00fcvenli bir ortamda ya\u015fam\u0131n s\u00fcrd\u00fcr\u00fclmesi i\u00e7in kentlileri ilgilendiren insan haklar\u0131 alan\u0131nda yeni d\u00fczenlemelere ihtiya\u00e7 duyulmu\u015ftur. Bu kapsamda temel hak ve h\u00fcrriyetlerin yan\u0131nda kentli haklar\u0131 da geli\u015ftirilmi\u015ftir.Avrupa Konseyi Kentli Haklar\u0131 Bildirgesi ile Avrapa Kentsel \u015eart\u0131&#8217;n\u0131 kabul ederek kentli haklar\u0131n\u0131n uygulanabilirli\u011fini g\u00f6stermi\u015ftir. Bu geli\u015fme kapsam\u0131nda yerel d\u00fczeyde vatanda\u015flar\u0131n yerel y\u00f6netime kat\u0131lmas\u0131 kentli hakk\u0131 olarak kabul edilmektedir. G\u00fcn\u00fcm\u00fczde kentlerle ilgili \u00f6nemli bir geli\u015fme de kentsel sorunlar\u0131n azalt\u0131lmas\u0131, kentlerde rahat ve sakin bir hayat\u0131n s\u00fcrd\u00fcr\u00fclmesi i\u00e7in ak\u0131ll\u0131 kent uygulamalar\u0131d\u0131r.<\/p>\n","protected":false},"excerpt":{"rendered":"<p>Sanayi Devriminden sonra kentlerin n\u00fcfus ve alan olarak b\u00fcy\u00fcmesi kentlerde trafik, ula\u015f\u0131m, altyap\u0131, g\u00fcvenlik gibi yeni bir\u00e7ok sorunun ortaya \u00e7\u0131kmas\u0131na neden olmu\u015ftur. Kentlerde rahat, huzurlu ve<span class=\"excerpt-hellip\"> [\u2026]<\/span><\/p>\n","protected":false},"featured_media":0,"template":"","meta":{"_monsterinsights_skip_tracking":false,"_monsterinsights_sitenote_active":false,"_monsterinsights_sitenote_note":"","_monsterinsights_sitenote_category":0},"product_brand":[],"product_cat":[14787,13488],"product_tag":[],"class_list":{"0":"post-765546","1":"product","2":"type-product","3":"status-publish","5":"product_cat-diger-toplum-ve-insan","6":"product_cat-toplum-ve-insan","7":"pa_cilt-ciltsiz","8":"pa_tur-kitap","9":"pa_yayinevi-orion-kitabevi","10":"pa_yazar-ozcan-sezer","12":"first","13":"instock","14":"sale","15":"shipping-taxable","16":"purchasable","17":"product-type-simple"},"_links":{"self":[{"href":"https:\/\/roveyayinevi.com.tr\/index.php\/wp-json\/wp\/v2\/product\/765546","targetHints":{"allow":["GET"]}}],"collection":[{"href":"https:\/\/roveyayinevi.com.tr\/index.php\/wp-json\/wp\/v2\/product"}],"about":[{"href":"https:\/\/roveyayinevi.com.tr\/index.php\/wp-json\/wp\/v2\/types\/product"}],"wp:attachment":[{"href":"https:\/\/roveyayinevi.com.tr\/index.php\/wp-json\/wp\/v2\/media?parent=765546"}],"wp:term":[{"taxonomy":"product_brand","embeddable":true,"href":"https:\/\/roveyayinevi.com.tr\/index.php\/wp-json\/wp\/v2\/product_brand?post=765546"},{"taxonomy":"product_cat","embeddable":true,"href":"https:\/\/roveyayinevi.com.tr\/index.php\/wp-json\/wp\/v2\/product_cat?post=765546"},{"taxonomy":"product_tag","embeddable":true,"href":"https:\/\/roveyayinevi.com.tr\/index.php\/wp-json\/wp\/v2\/product_tag?post=765546"}],"curies":[{"name":"wp","href":"https:\/\/api.w.org\/{rel}","templated":true}]}}