{"id":765545,"date":"2025-08-28T11:45:44","date_gmt":"2025-08-28T08:45:44","guid":{"rendered":"https:\/\/roveyayinevi.com.tr\/index.php\/urun\/kent-hakki-2\/"},"modified":"2026-04-15T03:31:29","modified_gmt":"2026-04-15T00:31:29","slug":"kent-hakki-2","status":"publish","type":"product","link":"https:\/\/roveyayinevi.com.tr\/index.php\/urun\/kent-hakki-2\/","title":{"rendered":"Kent Hakk\u0131"},"content":{"rendered":"<p>Kent hakk\u0131, \u00fclkemizde hen\u00fcz geni\u015f kitlelerce bilinen bir konu de\u011fil, \u00f6teden beri sadece akademinin ve baz\u0131 sivil toplu \u00f6rg\u00fctlerinin g\u00fcndeminde. Devletin konuyu bir &#8220;hak&#8221; olarak alg\u0131lay\u0131p geli\u015ftirme giri\u015fiminde bulunmamas\u0131, ku\u015fkusuz bu durumu \u00f6nemli sebeplerinden birisi. \u00dclkemiz kentlerinde ortalama her bireyin ya\u015fad\u0131\u011f\u0131 mek\u00e2na kar\u015f\u0131 ele\u015ftirel psikolojiye sahip oldu\u011fu s\u00f6ylenebilir. G\u00fcn ge\u00e7miyor ki insan\u0131m\u0131z\u0131n g\u00fcndelik ya\u015fant\u0131s\u0131nda k\u0131zd\u0131\u011f\u0131, \u00fcz\u00fcld\u00fc\u011f\u00fc, talep etti\u011fi ya da s\u00f6ylenmekle ge\u00e7i\u015ftirdi\u011fi bir durum ya da olgu olmas\u0131n. Asl\u0131nda b\u00f6yle bir psikolojiyi kent hakk\u0131 i\u00e7in bir potansiyel olarak de\u011ferlendirmek m\u00fcmk\u00fcn. Ancak kente ve kent ya\u015fam\u0131na dair ele\u015ftirel duygu ve alg\u0131lar\u0131m\u0131z bir hak arama eylemine d\u00f6n\u00fc\u015femedi\u011finden \u00f6fke, kavga ya da etrafa zarar vermek bi\u00e7imine d\u00f6n\u00fc\u015fmektedir. Yani hak arama potansiyeli kolayca su\u00e7 i\u015fleme potansiyeline d\u00f6n\u00fc\u015febilmektedir. Bu kitab\u0131n amac\u0131, kentteki sorunlar kar\u015f\u0131s\u0131nda insan\u0131m\u0131z\u0131n mevcut potansiyelini hak aray\u0131\u015f\u0131na y\u00f6nlendirebilmek \u00fczere fark\u0131ndal\u0131k olu\u015fturmak ve bu t\u00fcr hak aray\u0131\u015flar\u0131 kar\u015f\u0131s\u0131nda \u00f6zellikle yerel y\u00f6neticilerin bilgi, bilin\u00e7 ve duyarl\u0131l\u0131klar\u0131na katk\u0131 sa\u011flamakt\u0131r. Kitap, kent hakk\u0131 hususunda kavramlar\u0131 ve s\u00fcre\u00e7leri i\u00e7ermekte; bu niteli\u011fiyle kent hakk\u0131 \u00fczerine derin tart\u0131\u015fmalar yapmaktan ziyade konunun temel d\u00fczeyde anla\u015f\u0131lmas\u0131n\u0131 hedeflemektedir.<\/p>\n","protected":false},"excerpt":{"rendered":"<p>Kent hakk\u0131, \u00fclkemizde hen\u00fcz geni\u015f kitlelerce bilinen bir konu de\u011fil, \u00f6teden beri sadece akademinin ve baz\u0131 sivil toplu \u00f6rg\u00fctlerinin g\u00fcndeminde. Devletin konuyu bir &#8220;hak&#8221; olarak alg\u0131lay\u0131p<span class=\"excerpt-hellip\"> [\u2026]<\/span><\/p>\n","protected":false},"featured_media":0,"template":"","meta":{"_monsterinsights_skip_tracking":false,"_monsterinsights_sitenote_active":false,"_monsterinsights_sitenote_note":"","_monsterinsights_sitenote_category":0},"product_brand":[],"product_cat":[12364],"product_tag":[],"class_list":{"0":"post-765545","1":"product","2":"type-product","3":"status-publish","5":"product_cat-genel-konular","6":"pa_cilt-ciltsiz","7":"pa_tur-kitap","8":"pa_yayinevi-orion-kitabevi","9":"pa_yazar-ahmet-mutlu","11":"first","12":"instock","13":"sale","14":"shipping-taxable","15":"purchasable","16":"product-type-simple"},"_links":{"self":[{"href":"https:\/\/roveyayinevi.com.tr\/index.php\/wp-json\/wp\/v2\/product\/765545","targetHints":{"allow":["GET"]}}],"collection":[{"href":"https:\/\/roveyayinevi.com.tr\/index.php\/wp-json\/wp\/v2\/product"}],"about":[{"href":"https:\/\/roveyayinevi.com.tr\/index.php\/wp-json\/wp\/v2\/types\/product"}],"wp:attachment":[{"href":"https:\/\/roveyayinevi.com.tr\/index.php\/wp-json\/wp\/v2\/media?parent=765545"}],"wp:term":[{"taxonomy":"product_brand","embeddable":true,"href":"https:\/\/roveyayinevi.com.tr\/index.php\/wp-json\/wp\/v2\/product_brand?post=765545"},{"taxonomy":"product_cat","embeddable":true,"href":"https:\/\/roveyayinevi.com.tr\/index.php\/wp-json\/wp\/v2\/product_cat?post=765545"},{"taxonomy":"product_tag","embeddable":true,"href":"https:\/\/roveyayinevi.com.tr\/index.php\/wp-json\/wp\/v2\/product_tag?post=765545"}],"curies":[{"name":"wp","href":"https:\/\/api.w.org\/{rel}","templated":true}]}}