{"id":765544,"date":"2025-08-28T11:45:43","date_gmt":"2025-08-28T08:45:43","guid":{"rendered":"https:\/\/roveyayinevi.com.tr\/index.php\/urun\/kamu-yonetimi-4\/"},"modified":"2026-04-15T03:31:29","modified_gmt":"2026-04-15T00:31:29","slug":"kamu-yonetimi-4","status":"publish","type":"product","link":"https:\/\/roveyayinevi.com.tr\/index.php\/urun\/kamu-yonetimi-4\/","title":{"rendered":"Kamu Y\u00f6netimi"},"content":{"rendered":"<p>Lisans \u00d6grencileriKPSS A GrubuKaymakaml\u0131kTodai S\u0131navlar\u0131na Y\u00f6nelikKonu Anlat\u0131ml\u0131 \u00c7oktan Se\u00e7meli TestlerKpss A Kaymakaml\u0131k Ve Todai S\u0131navlar\u0131nda \u00c7\u0131km\u0131\u015f Sorular ve \u00c7\u00f6z\u00fcmleriTemel HukukAnyasa Hukuku\u0130dare ve \u0130dari Yarg\u0131lama HukukuY\u00f6netim BilimiSiyaset BilimiT\u00fcrk Siyasal Hayat\u0131SosyolojiKentle\u015fme ve \u00c7evre Sorunlar\u0131<\/p>\n","protected":false},"excerpt":{"rendered":"<p>Lisans \u00d6grencileriKPSS A GrubuKaymakaml\u0131kTodai S\u0131navlar\u0131na Y\u00f6nelikKonu Anlat\u0131ml\u0131 \u00c7oktan Se\u00e7meli TestlerKpss A Kaymakaml\u0131k Ve Todai S\u0131navlar\u0131nda \u00c7\u0131km\u0131\u015f Sorular ve \u00c7\u00f6z\u00fcmleriTemel HukukAnyasa Hukuku\u0130dare ve \u0130dari Yarg\u0131lama HukukuY\u00f6netim BilimiSiyaset<span class=\"excerpt-hellip\"> [\u2026]<\/span><\/p>\n","protected":false},"featured_media":0,"template":"","meta":{"_monsterinsights_skip_tracking":false,"_monsterinsights_sitenote_active":false,"_monsterinsights_sitenote_note":"","_monsterinsights_sitenote_category":0},"product_brand":[],"product_cat":[20333,13043],"product_tag":[],"class_list":{"0":"post-765544","1":"product","2":"type-product","3":"status-publish","5":"product_cat-diger-ekonomi","6":"product_cat-ekonomi","7":"pa_cilt-ciltsiz","8":"pa_tur-kitap","9":"pa_yayinevi-orion-kitabevi","10":"pa_yazar-yusuf-tekin","12":"first","13":"instock","14":"sale","15":"shipping-taxable","16":"purchasable","17":"product-type-simple"},"_links":{"self":[{"href":"https:\/\/roveyayinevi.com.tr\/index.php\/wp-json\/wp\/v2\/product\/765544","targetHints":{"allow":["GET"]}}],"collection":[{"href":"https:\/\/roveyayinevi.com.tr\/index.php\/wp-json\/wp\/v2\/product"}],"about":[{"href":"https:\/\/roveyayinevi.com.tr\/index.php\/wp-json\/wp\/v2\/types\/product"}],"wp:attachment":[{"href":"https:\/\/roveyayinevi.com.tr\/index.php\/wp-json\/wp\/v2\/media?parent=765544"}],"wp:term":[{"taxonomy":"product_brand","embeddable":true,"href":"https:\/\/roveyayinevi.com.tr\/index.php\/wp-json\/wp\/v2\/product_brand?post=765544"},{"taxonomy":"product_cat","embeddable":true,"href":"https:\/\/roveyayinevi.com.tr\/index.php\/wp-json\/wp\/v2\/product_cat?post=765544"},{"taxonomy":"product_tag","embeddable":true,"href":"https:\/\/roveyayinevi.com.tr\/index.php\/wp-json\/wp\/v2\/product_tag?post=765544"}],"curies":[{"name":"wp","href":"https:\/\/api.w.org\/{rel}","templated":true}]}}