{"id":765542,"date":"2025-08-28T11:45:40","date_gmt":"2025-08-28T08:45:40","guid":{"rendered":"https:\/\/roveyayinevi.com.tr\/index.php\/urun\/kamu-ekonomisi\/"},"modified":"2026-04-15T03:31:29","modified_gmt":"2026-04-15T00:31:29","slug":"kamu-ekonomisi","status":"publish","type":"product","link":"https:\/\/roveyayinevi.com.tr\/index.php\/urun\/kamu-ekonomisi\/","title":{"rendered":"Kamu Ekonomisi"},"content":{"rendered":"<p>Bu kitap, T\u00fcrkiye&#8217;de yay\u0131nlanan ilk Kamu Ekonomisi kitab\u0131 olup, be\u015finci bask\u0131s\u0131n\u0131 yapmaktad\u0131r. Kamu Ekonomisi yakla\u015f\u0131m\u0131, Kamu Maliyesi&#8217;nin, \u0130ktisat&#8217;\u0131n bir alt dal\u0131 olarak ele al\u0131nmas\u0131 ile ortaya \u00e7\u0131km\u0131\u015ft\u0131r. Kitap, bir toplumun hayat\u0131ndaki iki b\u00fcy\u00fck \u00f6rg\u00fctlenme olan devlet ve piyasa ili\u015fkilerini ele alarak kamunun etkin kaynak tahsislerini ve sonu\u00e7lar\u0131n\u0131 incelemektedir. Bilindi\u011fi gibi devlet, piyasa ba\u015far\u0131s\u0131zl\u0131klar\u0131 sonucu olarak, kamusal mallar(kamu hizmetleri) sa\u011flamak i\u00e7in kurulmu\u015f bir kurumdur. Asl\u0131nda piyasa ba\u015far\u0131s\u0131zl\u0131klar\u0131n\u0131n tedavisi i\u00e7in ortaya \u00e7\u0131kan devletin m\u00fcdahalesinin de; do\u011furdu\u011fu ba\u015far\u0131s\u0131zl\u0131klar(israf) mevcuttur. Kitap, kamu sekt\u00f6r\u00fcnde kaynak tahsis mekanizmalar\u0131n\u0131, d\u0131\u015fsall\u0131klar\u0131, gelirin yeniden da\u011f\u0131l\u0131m\u0131n\u0131, maliyet yarar analizini, be\u015feri sermaye teorisini (e\u011fitim harcamalar\u0131n\u0131), vergi teorisindeki geli\u015fmeleri, ele alarak incelemektedir. Bu kitap, Kamu Ekonomisi dersi \u00f6\u011frencileri ve se\u00e7me s\u0131navlar\u0131na haz\u0131rlananlar i\u00e7in Kamu Ekonomisi\/Kamu Maliyesi alan\u0131nda de\u011ferli bir referans eserdir.<\/p>\n","protected":false},"excerpt":{"rendered":"<p>Bu kitap, T\u00fcrkiye&#8217;de yay\u0131nlanan ilk Kamu Ekonomisi kitab\u0131 olup, be\u015finci bask\u0131s\u0131n\u0131 yapmaktad\u0131r. Kamu Ekonomisi yakla\u015f\u0131m\u0131, Kamu Maliyesi&#8217;nin, \u0130ktisat&#8217;\u0131n bir alt dal\u0131 olarak ele al\u0131nmas\u0131 ile ortaya<span class=\"excerpt-hellip\"> [\u2026]<\/span><\/p>\n","protected":false},"featured_media":0,"template":"","meta":{"_monsterinsights_skip_tracking":false,"_monsterinsights_sitenote_active":false,"_monsterinsights_sitenote_note":"","_monsterinsights_sitenote_category":0},"product_brand":[],"product_cat":[13043,19008],"product_tag":[],"class_list":{"0":"post-765542","1":"product","2":"type-product","3":"status-publish","5":"product_cat-ekonomi","6":"product_cat-yonetim","7":"pa_cilt-ciltsiz","8":"pa_tur-kitap","9":"pa_yayinevi-orion-kitabevi","10":"pa_yazar-guneri-akalin","12":"first","13":"instock","14":"sale","15":"shipping-taxable","16":"purchasable","17":"product-type-simple"},"_links":{"self":[{"href":"https:\/\/roveyayinevi.com.tr\/index.php\/wp-json\/wp\/v2\/product\/765542","targetHints":{"allow":["GET"]}}],"collection":[{"href":"https:\/\/roveyayinevi.com.tr\/index.php\/wp-json\/wp\/v2\/product"}],"about":[{"href":"https:\/\/roveyayinevi.com.tr\/index.php\/wp-json\/wp\/v2\/types\/product"}],"wp:attachment":[{"href":"https:\/\/roveyayinevi.com.tr\/index.php\/wp-json\/wp\/v2\/media?parent=765542"}],"wp:term":[{"taxonomy":"product_brand","embeddable":true,"href":"https:\/\/roveyayinevi.com.tr\/index.php\/wp-json\/wp\/v2\/product_brand?post=765542"},{"taxonomy":"product_cat","embeddable":true,"href":"https:\/\/roveyayinevi.com.tr\/index.php\/wp-json\/wp\/v2\/product_cat?post=765542"},{"taxonomy":"product_tag","embeddable":true,"href":"https:\/\/roveyayinevi.com.tr\/index.php\/wp-json\/wp\/v2\/product_tag?post=765542"}],"curies":[{"name":"wp","href":"https:\/\/api.w.org\/{rel}","templated":true}]}}