{"id":765540,"date":"2025-08-28T11:45:38","date_gmt":"2025-08-28T08:45:38","guid":{"rendered":"https:\/\/roveyayinevi.com.tr\/index.php\/urun\/kalkinma-sorunu\/"},"modified":"2026-04-15T03:31:29","modified_gmt":"2026-04-15T00:31:29","slug":"kalkinma-sorunu","status":"publish","type":"product","link":"https:\/\/roveyayinevi.com.tr\/index.php\/urun\/kalkinma-sorunu\/","title":{"rendered":"Kalk\u0131nma Sorunu"},"content":{"rendered":"<p>Kalk\u0131nma sorunu d\u00fcnyan\u0131n en \u00f6ncelikli g\u00fcndemlerinden biridir. \u00c7o\u011funlu\u011fun yoksul oldu\u011fu yerde, zengin az\u0131nl\u0131\u011f\u0131n mutlu ya\u015fayaca\u011f\u0131 d\u00fc\u015f\u00fcn\u00fclemez. B\u00f6yle bir durum hem etik hem de fiil olarak m\u00fcmk\u00fcn de\u011fildir. Zenginliklerin elde edilmesi s\u00fcrecinde d\u00fcnyay\u0131 kirletenler, kirlili\u011fe hi\u00e7 katk\u0131lar\u0131 olmayan fakirlerin gelece\u011fini de kirlettiklerini bilmelidirler. B\u00f6yle bir s\u00fcre\u00e7te yoksullar\u0131n, zenginlerden alacakl\u0131 oldu\u011fu ka\u00e7\u0131n\u0131lmazd\u0131r. Zenginler, iktisatta negatif d\u0131\u015fsall\u0131k dedi\u011fimiz fiyatlara yans\u0131mayan bu t\u00fcr maliyetlerin bedelini yard\u0131m veya herhangi bir ba\u011f\u0131i ad\u0131 alt\u0131nda yoksul d\u00fcnyaya transfer etmek zorundad\u0131rlar. B\u00f6yle yapmay\u0131p, hoyrat\u00e7a davrananlar, gelecek nesillere daha karanl\u0131k bir gelecek b\u0131rakacaklar\u0131n\u0131 unutmamal\u0131d\u0131rlar.Bu kitap d\u00fcnyan\u0131n yoksullar\u0131 ile zenginlerinin k\u0131sa bir ser\u00fcvenini okuyucuya sunmay\u0131 ama\u00e7lamaktad\u0131r.<\/p>\n","protected":false},"excerpt":{"rendered":"<p>Kalk\u0131nma sorunu d\u00fcnyan\u0131n en \u00f6ncelikli g\u00fcndemlerinden biridir. \u00c7o\u011funlu\u011fun yoksul oldu\u011fu yerde, zengin az\u0131nl\u0131\u011f\u0131n mutlu ya\u015fayaca\u011f\u0131 d\u00fc\u015f\u00fcn\u00fclemez. B\u00f6yle bir durum hem etik hem de fiil olarak m\u00fcmk\u00fcn<span class=\"excerpt-hellip\"> [\u2026]<\/span><\/p>\n","protected":false},"featured_media":0,"template":"","meta":{"_monsterinsights_skip_tracking":false,"_monsterinsights_sitenote_active":false,"_monsterinsights_sitenote_note":"","_monsterinsights_sitenote_category":0},"product_brand":[],"product_cat":[12365,12364],"product_tag":[],"class_list":{"0":"post-765540","1":"product","2":"type-product","3":"status-publish","5":"product_cat-diger-genel-konular","6":"product_cat-genel-konular","7":"pa_cilt-ciltsiz","8":"pa_tur-kitap","9":"pa_yayinevi-orion-kitabevi","10":"pa_yazar-aziz-kutlar","12":"first","13":"instock","14":"sale","15":"shipping-taxable","16":"purchasable","17":"product-type-simple"},"_links":{"self":[{"href":"https:\/\/roveyayinevi.com.tr\/index.php\/wp-json\/wp\/v2\/product\/765540","targetHints":{"allow":["GET"]}}],"collection":[{"href":"https:\/\/roveyayinevi.com.tr\/index.php\/wp-json\/wp\/v2\/product"}],"about":[{"href":"https:\/\/roveyayinevi.com.tr\/index.php\/wp-json\/wp\/v2\/types\/product"}],"wp:attachment":[{"href":"https:\/\/roveyayinevi.com.tr\/index.php\/wp-json\/wp\/v2\/media?parent=765540"}],"wp:term":[{"taxonomy":"product_brand","embeddable":true,"href":"https:\/\/roveyayinevi.com.tr\/index.php\/wp-json\/wp\/v2\/product_brand?post=765540"},{"taxonomy":"product_cat","embeddable":true,"href":"https:\/\/roveyayinevi.com.tr\/index.php\/wp-json\/wp\/v2\/product_cat?post=765540"},{"taxonomy":"product_tag","embeddable":true,"href":"https:\/\/roveyayinevi.com.tr\/index.php\/wp-json\/wp\/v2\/product_tag?post=765540"}],"curies":[{"name":"wp","href":"https:\/\/api.w.org\/{rel}","templated":true}]}}