{"id":765533,"date":"2025-08-28T11:45:29","date_gmt":"2025-08-28T08:45:29","guid":{"rendered":"https:\/\/roveyayinevi.com.tr\/index.php\/urun\/imparatorluklar\/"},"modified":"2026-04-15T03:31:29","modified_gmt":"2026-04-15T00:31:29","slug":"imparatorluklar","status":"publish","type":"product","link":"https:\/\/roveyayinevi.com.tr\/index.php\/urun\/imparatorluklar\/","title":{"rendered":"\u0130mparatorluklar"},"content":{"rendered":"<p>\u0130mparatorluklar tarihsel olarak sonlanmayan ve sistemi domine eden g\u00fc\u00e7 merkezleri olarak varl\u0131klar\u0131n\u0131 devam ettirmektedir. \u0130mparatorluklar\u0131n sistem \u00fczerinde etkileri tarih boyunca de\u011fi\u015firken e\u015f zamanl\u0131 olarak bu de\u011fi\u015fim uluslararas\u0131 ili\u015fkilerin do\u011fas\u0131nda da s\u00f6z konusudur. Var olan Bat\u0131 odakl\u0131 okumalar\u0131m\u0131zda imparatorluklar\u0131n sistemde etkileri ve t\u00fcrleri bize s\u0131n\u0131rl\u0131 bir yakla\u015f\u0131m\u0131n sonucunda verilmi\u015ftir. Ancak tarih bundan \u00e7ok daha derin ve kapsaml\u0131 imparatorluklar ve medeniyetlerin yer ald\u0131\u011f\u0131 bir aland\u0131r. Bu a\u00e7\u0131dan imparatorluklar \u00e7al\u0131\u015fmas\u0131ndaki temel hedef sadece bir tarih okumas\u0131 de\u011fil ayn\u0131 zamanda sistemde g\u00fc\u00e7, hegemonya, emperyal yay\u0131l\u0131m, askeri yap\u0131lar, sosyo k\u00fclt\u00fcrel etkiler gibi pek \u00e7ok alan\u0131 i\u00e7ine alan yeni bir okuma sunmakt\u0131r. Tarihin tekerr\u00fcr etmesi deyiminden hareket ile asl\u0131nda ortaya konan her reel politik ger\u00e7e\u011fin kendi konjonkt\u00fcrel varl\u0131\u011f\u0131 i\u00e7inde vuku buldu\u011fu \u00f6n kabul\u00fc olmal\u0131d\u0131r. \u00c7\u00fcnk\u00fc sistem de\u011fi\u015ftik\u00e7e akt\u00f6rler de de\u011fi\u015fir.<\/p>\n","protected":false},"excerpt":{"rendered":"<p>\u0130mparatorluklar tarihsel olarak sonlanmayan ve sistemi domine eden g\u00fc\u00e7 merkezleri olarak varl\u0131klar\u0131n\u0131 devam ettirmektedir. \u0130mparatorluklar\u0131n sistem \u00fczerinde etkileri tarih boyunca de\u011fi\u015firken e\u015f zamanl\u0131 olarak bu de\u011fi\u015fim<span class=\"excerpt-hellip\"> [\u2026]<\/span><\/p>\n","protected":false},"featured_media":0,"template":"","meta":{"_monsterinsights_skip_tracking":false,"_monsterinsights_sitenote_active":false,"_monsterinsights_sitenote_note":"","_monsterinsights_sitenote_category":0},"product_brand":[],"product_cat":[12337,17225],"product_tag":[],"class_list":{"0":"post-765533","1":"product","2":"type-product","3":"status-publish","5":"product_cat-politika-siyaset","6":"product_cat-uluslararasi-iliskiler","7":"pa_cilt-ciltsiz","8":"pa_tur-kitap","9":"pa_yayinevi-orion-kitabevi","10":"pa_yazar-merve-suna-ozel-ozcan","12":"first","13":"instock","14":"sale","15":"shipping-taxable","16":"purchasable","17":"product-type-simple"},"_links":{"self":[{"href":"https:\/\/roveyayinevi.com.tr\/index.php\/wp-json\/wp\/v2\/product\/765533","targetHints":{"allow":["GET"]}}],"collection":[{"href":"https:\/\/roveyayinevi.com.tr\/index.php\/wp-json\/wp\/v2\/product"}],"about":[{"href":"https:\/\/roveyayinevi.com.tr\/index.php\/wp-json\/wp\/v2\/types\/product"}],"wp:attachment":[{"href":"https:\/\/roveyayinevi.com.tr\/index.php\/wp-json\/wp\/v2\/media?parent=765533"}],"wp:term":[{"taxonomy":"product_brand","embeddable":true,"href":"https:\/\/roveyayinevi.com.tr\/index.php\/wp-json\/wp\/v2\/product_brand?post=765533"},{"taxonomy":"product_cat","embeddable":true,"href":"https:\/\/roveyayinevi.com.tr\/index.php\/wp-json\/wp\/v2\/product_cat?post=765533"},{"taxonomy":"product_tag","embeddable":true,"href":"https:\/\/roveyayinevi.com.tr\/index.php\/wp-json\/wp\/v2\/product_tag?post=765533"}],"curies":[{"name":"wp","href":"https:\/\/api.w.org\/{rel}","templated":true}]}}