{"id":765531,"date":"2025-08-28T11:45:27","date_gmt":"2025-08-28T08:45:27","guid":{"rendered":"https:\/\/roveyayinevi.com.tr\/index.php\/urun\/iktisatci-gibi-dusunmek\/"},"modified":"2026-04-15T03:31:29","modified_gmt":"2026-04-15T00:31:29","slug":"iktisatci-gibi-dusunmek","status":"publish","type":"product","link":"https:\/\/roveyayinevi.com.tr\/index.php\/urun\/iktisatci-gibi-dusunmek\/","title":{"rendered":"\u0130ktisat\u00e7\u0131 Gibi D\u00fc\u015f\u00fcnmek"},"content":{"rendered":"<p>\u0130ktisat\u00e7\u0131 gibi d\u00fc\u015f\u00fcnmeyi \u00f6\u011frenmek, iktisat biliminin geli\u015fmesinin  insanl\u0131k alemine neler kazand\u0131rd\u0131\u011f\u0131n\u0131  kavrayabilmek a\u00e7\u0131s\u0131ndan \u00f6nemlidir.G\u00fcn\u00fcm\u00fczde belli bir iktisat e\u011fitimi g\u00f6rd\u00fc\u011f\u00fc i\u00e7in  veya iktisadi hayat\u0131n i\u00e7inde yer ald\u0131\u011f\u0131 i\u00e7in  kendisini iktisat\u00e7\u0131 olarak  nitelendiren pek \u00e7ok ki\u015fi vard\u0131r.  Ancak bu ki\u015filerden  \u00e7o\u011funun iktisat\u00e7\u0131  gibi d\u00fc\u015f\u00fcnd\u00fc\u011f\u00fcn\u00fc   s\u00f6ylemek m\u00fcmk\u00fcn de\u011fildir. Bu kitap okuruna, iktisat\u00e7\u0131 gibi  d\u00fc\u015f\u00fcnenin \u00f6nemini kavrama i\u00e7in gerekli,  donan\u0131m\u0131n\u0131 kazand\u0131rabilirse amac\u0131na ula\u015fm\u0131\u015f olacakt\u0131r.<\/p>\n","protected":false},"excerpt":{"rendered":"<p>\u0130ktisat\u00e7\u0131 gibi d\u00fc\u015f\u00fcnmeyi \u00f6\u011frenmek, iktisat biliminin geli\u015fmesinin insanl\u0131k alemine neler kazand\u0131rd\u0131\u011f\u0131n\u0131 kavrayabilmek a\u00e7\u0131s\u0131ndan \u00f6nemlidir.G\u00fcn\u00fcm\u00fczde belli bir iktisat e\u011fitimi g\u00f6rd\u00fc\u011f\u00fc i\u00e7in veya iktisadi hayat\u0131n i\u00e7inde yer ald\u0131\u011f\u0131<span class=\"excerpt-hellip\"> [\u2026]<\/span><\/p>\n","protected":false},"featured_media":0,"template":"","meta":{"_monsterinsights_skip_tracking":false,"_monsterinsights_sitenote_active":false,"_monsterinsights_sitenote_note":"","_monsterinsights_sitenote_category":0},"product_brand":[],"product_cat":[13043,14381],"product_tag":[],"class_list":{"0":"post-765531","1":"product","2":"type-product","3":"status-publish","5":"product_cat-ekonomi","6":"product_cat-isletme-muhasebe-maliye","7":"pa_cilt-ciltsiz","8":"pa_tur-kitap","9":"pa_yayinevi-orion-kitabevi","10":"pa_yazar-erdal-turkkan","12":"first","13":"instock","14":"sale","15":"shipping-taxable","16":"purchasable","17":"product-type-simple"},"_links":{"self":[{"href":"https:\/\/roveyayinevi.com.tr\/index.php\/wp-json\/wp\/v2\/product\/765531","targetHints":{"allow":["GET"]}}],"collection":[{"href":"https:\/\/roveyayinevi.com.tr\/index.php\/wp-json\/wp\/v2\/product"}],"about":[{"href":"https:\/\/roveyayinevi.com.tr\/index.php\/wp-json\/wp\/v2\/types\/product"}],"wp:attachment":[{"href":"https:\/\/roveyayinevi.com.tr\/index.php\/wp-json\/wp\/v2\/media?parent=765531"}],"wp:term":[{"taxonomy":"product_brand","embeddable":true,"href":"https:\/\/roveyayinevi.com.tr\/index.php\/wp-json\/wp\/v2\/product_brand?post=765531"},{"taxonomy":"product_cat","embeddable":true,"href":"https:\/\/roveyayinevi.com.tr\/index.php\/wp-json\/wp\/v2\/product_cat?post=765531"},{"taxonomy":"product_tag","embeddable":true,"href":"https:\/\/roveyayinevi.com.tr\/index.php\/wp-json\/wp\/v2\/product_tag?post=765531"}],"curies":[{"name":"wp","href":"https:\/\/api.w.org\/{rel}","templated":true}]}}