{"id":765529,"date":"2025-08-28T11:45:24","date_gmt":"2025-08-28T08:45:24","guid":{"rendered":"https:\/\/roveyayinevi.com.tr\/index.php\/urun\/iktisadi-sistemler\/"},"modified":"2026-04-15T03:31:29","modified_gmt":"2026-04-15T00:31:29","slug":"iktisadi-sistemler","status":"publish","type":"product","link":"https:\/\/roveyayinevi.com.tr\/index.php\/urun\/iktisadi-sistemler\/","title":{"rendered":"\u0130ktisadi Sistemler"},"content":{"rendered":"<p>\u0130ktisadi sistemler, uzun s\u00fcre statik bir yakla\u015f\u0131mla ele al\u0131nm\u0131\u015ft\u0131r. Bu yakla\u015f\u0131mda veri iktisadi sistemlerin i\u015fleyi\u015f mant\u0131\u011f\u0131n\u0131n ve nispi \u00fcst\u00fcnl\u00fcklerinin analiz edilmesine \u00f6ncelik verilmi\u015ftir. Bu kitapta ise iktisadi sis-temler konusuna dinamik bir bak\u0131\u015fla yakla\u015fmak ama\u00e7lanm\u0131\u015ft\u0131r. Burada dinamik yakla\u015f\u0131m, iktisadi sistemlerde g\u00f6zlenen s\u00fcrekli de\u011fi\u015fmelerin y\u00f6n\u00fcn\u00fc ve mant\u0131\u011f\u0131n\u0131 ara\u015ft\u0131rmay\u0131 ifade etmektedir. Di\u011fer bir ifade ile bu yakla\u015f\u0131m \u00e7er\u00e7evesinde iktisadi sistemler dura\u011fan veya de\u011fi\u015fmez olgular olarak de\u011fil, s\u00fcrekli de\u011fi\u015fim i\u00e7inde olan olgular olarak ele al\u0131nmaktad\u0131r.Bu kitapta iktisadi sistemler aras\u0131ndaki farkl\u0131l\u0131klar ve iktisadi sistemlerin geli\u015fme dinamikleri esas itibariyle \u00fc\u00e7 temel olgu \u00e7er\u00e7evesinde ele al\u0131nmaktad\u0131r. Bu farkl\u0131l\u0131k ve dinamikler, iktisadi sistemlerin teknik ve sosyal i\u015fb\u00f6l\u00fcm\u00fcn\u00fc geli\u015ftirip y\u00f6nlendirmesi, iktisadi sistemlerin de\u011fer kanununu i\u015fletme ve y\u00f6nlendirmesi, iktisadi sistemlerin e\u015fitsiz geli\u015fme yasas\u0131n\u0131 i\u015fletme ve y\u00f6nlendirmesi \u00e7er\u00e7evesinde ele al\u0131nmaktad\u0131r. Bu boyutlar kitab\u0131n bir ba\u015fka orijinal \u00f6zelli\u011fini g\u00f6stermektedir.Bu kitapta geleneksel sistemlerin, kapitalizm ve sosyalizmin etkinlik, adalet ve \u00f6zg\u00fcrl\u00fck eksenlerinde g\u00f6sterdi\u011fi de\u011fi\u015fmelerin dinamikleri ortaya \u00e7\u0131kar\u0131lmaya \u00e7al\u0131\u015f\u0131lm\u0131\u015ft\u0131r. Bu \u00e7er\u00e7evede \u0130ngiltere ve Rusya \u00f6rnekleri esas al\u0131narak geleneksel ve yar\u0131 geleneksel sistemlerden kapitalizm ve sosyalizme ge\u00e7i\u015f ve Do\u011fu Blo\u011fu \u00fclkeleri ve \u00c7in \u00f6rne\u011fi \u00e7er\u00e7evesinde sosyalizmden piyasa ekonomisine ve piyasa sosyalizmine ge\u00e7i\u015f s\u00fcre\u00e7leri incelenmi\u015ftir.<\/p>\n","protected":false},"excerpt":{"rendered":"<p>\u0130ktisadi sistemler, uzun s\u00fcre statik bir yakla\u015f\u0131mla ele al\u0131nm\u0131\u015ft\u0131r. Bu yakla\u015f\u0131mda veri iktisadi sistemlerin i\u015fleyi\u015f mant\u0131\u011f\u0131n\u0131n ve nispi \u00fcst\u00fcnl\u00fcklerinin analiz edilmesine \u00f6ncelik verilmi\u015ftir. Bu kitapta ise<span class=\"excerpt-hellip\"> [\u2026]<\/span><\/p>\n","protected":false},"featured_media":0,"template":"","meta":{"_monsterinsights_skip_tracking":false,"_monsterinsights_sitenote_active":false,"_monsterinsights_sitenote_note":"","_monsterinsights_sitenote_category":0},"product_brand":[],"product_cat":[20333,13043],"product_tag":[],"class_list":{"0":"post-765529","1":"product","2":"type-product","3":"status-publish","5":"product_cat-diger-ekonomi","6":"product_cat-ekonomi","7":"pa_cilt-ciltsiz","8":"pa_tur-kitap","9":"pa_yayinevi-orion-kitabevi","10":"pa_yazar-erdal-turkkan","12":"first","13":"instock","14":"sale","15":"shipping-taxable","16":"purchasable","17":"product-type-simple"},"_links":{"self":[{"href":"https:\/\/roveyayinevi.com.tr\/index.php\/wp-json\/wp\/v2\/product\/765529","targetHints":{"allow":["GET"]}}],"collection":[{"href":"https:\/\/roveyayinevi.com.tr\/index.php\/wp-json\/wp\/v2\/product"}],"about":[{"href":"https:\/\/roveyayinevi.com.tr\/index.php\/wp-json\/wp\/v2\/types\/product"}],"wp:attachment":[{"href":"https:\/\/roveyayinevi.com.tr\/index.php\/wp-json\/wp\/v2\/media?parent=765529"}],"wp:term":[{"taxonomy":"product_brand","embeddable":true,"href":"https:\/\/roveyayinevi.com.tr\/index.php\/wp-json\/wp\/v2\/product_brand?post=765529"},{"taxonomy":"product_cat","embeddable":true,"href":"https:\/\/roveyayinevi.com.tr\/index.php\/wp-json\/wp\/v2\/product_cat?post=765529"},{"taxonomy":"product_tag","embeddable":true,"href":"https:\/\/roveyayinevi.com.tr\/index.php\/wp-json\/wp\/v2\/product_tag?post=765529"}],"curies":[{"name":"wp","href":"https:\/\/api.w.org\/{rel}","templated":true}]}}