{"id":765527,"date":"2025-08-28T11:45:22","date_gmt":"2025-08-28T08:45:22","guid":{"rendered":"https:\/\/roveyayinevi.com.tr\/index.php\/urun\/iktisadin-temelleri\/"},"modified":"2026-04-15T03:31:29","modified_gmt":"2026-04-15T00:31:29","slug":"iktisadin-temelleri","status":"publish","type":"product","link":"https:\/\/roveyayinevi.com.tr\/index.php\/urun\/iktisadin-temelleri\/","title":{"rendered":"\u0130ktisad\u0131n Temelleri"},"content":{"rendered":"<p>Bilindi\u011fi gibi, iktisat okuman\u0131n \u00e7ok \u00e7e\u015fitli nedenleri vard\u0131r. Bu nedenlerin ba\u015f\u0131nda, hi\u00e7 ku\u015fkusuz, g\u00fcn\u00fcm\u00fcz d\u00fcnyas\u0131n\u0131, insan ili\u015fkilerini, \u00fclkeler aras\u0131 ili\u015fkileri, birey ya da firma davran\u0131\u015flar\u0131n\u0131 kavrama iste\u011fi gelmektedir. Asl\u0131na bakarsan\u0131z, hangi bilim alan\u0131nda \u00e7al\u0131\u015f\u0131yor olursa olsun bi bireyin \u00e7evresinde olup bitenleri kavramas\u0131 i\u00e7in ekonomi bilgisi ta\u015f\u0131yor olmas\u0131 bir zorunluktur. \u0130nsan\u0131n yery\u00fcz\u00fcnde varolmas\u0131ndan beri ka\u015f\u0131la\u015ft\u0131\u011f\u0131 &#8220;\u0130ktisadi sorun&#8221;, belki de bug\u00fcn, hi\u00e7 olmad\u0131\u011f\u0131 kadar b\u00fcy\u00fck bir \u00f6nem ta\u015f\u0131maktad\u0131r.Bu kitap kaleme al\u0131n\u0131rken, ekonomi yaz\u0131n\u0131ndaki en son geli\u015fmelerin \u0131\u015f\u0131\u011f\u0131nda iktisat bilimini yeniden de\u011ferlendirmek, temel ama\u00e7 olmu\u015ftur. Bu olgulardan hareketle yaz\u0131lan bu kitab\u0131n amac\u0131, mikro ve makro iktisad\u0131n temel konular\u0131n\u0131 yeniden ele almak ve iki d\u00f6nemlik \u0130ktisada Giri\u015f derslerinde kullan\u0131labilecek bi\u00e7imde ger\u00e7ek d\u00fcnya olaylar\u0131na uygulanabilecek bir bak\u0131\u015f a\u00e7as\u0131yla konular\u0131 b\u00fct\u00fcnle\u015ftirmektir.Kitaptaki konular\u0131n kapsam\u0131 ve d\u00fczeyi belirlenirken, \u00fc\u00e7 temel d\u00fc\u015f\u00fcnceden hareket edilmi\u015ftir. Birincisi, giri\u015f niteli\u011findeki b\u00f6yle bir kitapta, temel, basit ve kullan\u0131labilir bir iktisat yaz\u0131n\u0131na yer verilmesi gerekti\u011fidir. \u0130kincisi, geleneksel yakla\u015f\u0131mlara oranla, g\u00fcn\u00fcm\u00fcz \u00e7a\u011fda\u015f iktisad\u0131n\u0131n ger\u00e7ek d\u00fcnya olaylar\u0131n\u0131 \u00e7\u00f6z\u00fcmlemede daha yararl\u0131 ve daha ilgi \u00e7ekici olud\u011fu ger\u00e7e\u011fidir.Bu temel d\u00fc\u015f\u00fcncelere de yan\u0131t verme amac\u0131yla kapsam\u0131 olu\u015fturulan kitab\u0131m\u0131z, iktisat ve i\u015fletme e\u011fitimine ba\u015flayan birinci s\u0131n\u0131f \u00f6\u011frencilerine veya sosyal bilimlerin di\u011fer alanlar\u0131nda okuyan \u00f6\u011frencilerle, okul sonras\u0131 \u00e7e\u015fitli i\u015f s\u0131navlar\u0131na girecek ki\u015filere y\u00f6nelik olarak haz\u0131rlanm\u0131\u015ft\u0131r. \u00c7ok fazla matematiksel olamayan, ancak analitik ve tamamen g\u00fcn\u00fcm\u00fcz iktisad\u0131n\u0131n ger\u00e7ek d\u00fcnya olaylar\u0131na uyguland\u0131\u011f\u0131 \u00f6rneklerden olu\u015fan kitab\u0131m\u0131z\u0131n t\u00fcm kullan\u0131c\u0131lara yararl\u0131 olmas\u0131n\u0131 dileriz.<\/p>\n","protected":false},"excerpt":{"rendered":"<p>Bilindi\u011fi gibi, iktisat okuman\u0131n \u00e7ok \u00e7e\u015fitli nedenleri vard\u0131r. Bu nedenlerin ba\u015f\u0131nda, hi\u00e7 ku\u015fkusuz, g\u00fcn\u00fcm\u00fcz d\u00fcnyas\u0131n\u0131, insan ili\u015fkilerini, \u00fclkeler aras\u0131 ili\u015fkileri, birey ya da firma davran\u0131\u015flar\u0131n\u0131 kavrama<span class=\"excerpt-hellip\"> [\u2026]<\/span><\/p>\n","protected":false},"featured_media":0,"template":"","meta":{"_monsterinsights_skip_tracking":false,"_monsterinsights_sitenote_active":false,"_monsterinsights_sitenote_note":"","_monsterinsights_sitenote_category":0},"product_brand":[],"product_cat":[13043,14381],"product_tag":[],"class_list":{"0":"post-765527","1":"product","2":"type-product","3":"status-publish","5":"product_cat-ekonomi","6":"product_cat-isletme-muhasebe-maliye","7":"pa_cilt-ciltsiz","8":"pa_tur-kitap","9":"pa_yayinevi-orion-kitabevi","10":"pa_yazar-ilker-parasiz","12":"first","13":"instock","14":"sale","15":"shipping-taxable","16":"purchasable","17":"product-type-simple"},"_links":{"self":[{"href":"https:\/\/roveyayinevi.com.tr\/index.php\/wp-json\/wp\/v2\/product\/765527","targetHints":{"allow":["GET"]}}],"collection":[{"href":"https:\/\/roveyayinevi.com.tr\/index.php\/wp-json\/wp\/v2\/product"}],"about":[{"href":"https:\/\/roveyayinevi.com.tr\/index.php\/wp-json\/wp\/v2\/types\/product"}],"wp:attachment":[{"href":"https:\/\/roveyayinevi.com.tr\/index.php\/wp-json\/wp\/v2\/media?parent=765527"}],"wp:term":[{"taxonomy":"product_brand","embeddable":true,"href":"https:\/\/roveyayinevi.com.tr\/index.php\/wp-json\/wp\/v2\/product_brand?post=765527"},{"taxonomy":"product_cat","embeddable":true,"href":"https:\/\/roveyayinevi.com.tr\/index.php\/wp-json\/wp\/v2\/product_cat?post=765527"},{"taxonomy":"product_tag","embeddable":true,"href":"https:\/\/roveyayinevi.com.tr\/index.php\/wp-json\/wp\/v2\/product_tag?post=765527"}],"curies":[{"name":"wp","href":"https:\/\/api.w.org\/{rel}","templated":true}]}}