{"id":765525,"date":"2025-08-28T11:45:19","date_gmt":"2025-08-28T08:45:19","guid":{"rendered":"https:\/\/roveyayinevi.com.tr\/index.php\/urun\/idarenin-saglik-hizmetinin-sunumundan-kaynaklanan-hukuki-sorumlulugu\/"},"modified":"2026-04-15T03:31:29","modified_gmt":"2026-04-15T00:31:29","slug":"idarenin-saglik-hizmetinin-sunumundan-kaynaklanan-hukuki-sorumlulugu","status":"publish","type":"product","link":"https:\/\/roveyayinevi.com.tr\/index.php\/urun\/idarenin-saglik-hizmetinin-sunumundan-kaynaklanan-hukuki-sorumlulugu\/","title":{"rendered":"\u0130darenin Sa\u011fl\u0131k Hizmetinin Sunumundan Kaynaklanan Hukuki Sorumlulu\u011fu"},"content":{"rendered":"<p>\u00c7al\u0131\u015fmada, sa\u011fl\u0131k hizmetinin sunumu ile ilgili yeni boyut ve getirilen tart\u0131\u015f\u0131ld\u0131ktan sonra, t\u0131bbi uygulama hatalar\u0131na y\u00f6nelik olarak her ge\u00e7en g\u00fcn artan davalar, bu davalar sonucunda \u00f6denen tazminatlar\u0131n hekimlerde yaratt\u0131\u011f\u0131 tedirginli\u011fin \u00f6nlenmesine dair \u00f6zellikle Amerika Birle\u015fik Devletleri&#8217;ndeki reformlar ele al\u0131narak, yarg\u0131 \u00f6ncesi \u00e7\u00f6z\u00fcm usulleri ve sigorta sistemi \u00fczerinde durulmu\u015ftur.<\/p>\n","protected":false},"excerpt":{"rendered":"<p>\u00c7al\u0131\u015fmada, sa\u011fl\u0131k hizmetinin sunumu ile ilgili yeni boyut ve getirilen tart\u0131\u015f\u0131ld\u0131ktan sonra, t\u0131bbi uygulama hatalar\u0131na y\u00f6nelik olarak her ge\u00e7en g\u00fcn artan davalar, bu davalar sonucunda \u00f6denen<span class=\"excerpt-hellip\"> [\u2026]<\/span><\/p>\n","protected":false},"featured_media":0,"template":"","meta":{"_monsterinsights_skip_tracking":false,"_monsterinsights_sitenote_active":false,"_monsterinsights_sitenote_note":"","_monsterinsights_sitenote_category":0},"product_brand":[],"product_cat":[12573,12566],"product_tag":[],"class_list":{"0":"post-765525","1":"product","2":"type-product","3":"status-publish","5":"product_cat-akademik-kitaplar","6":"product_cat-egitim","7":"pa_cilt-ciltsiz","8":"pa_tur-kitap","9":"pa_yayinevi-orion-kitabevi","10":"pa_yazar-serkan-cinarli","12":"first","13":"instock","14":"sale","15":"shipping-taxable","16":"purchasable","17":"product-type-simple"},"_links":{"self":[{"href":"https:\/\/roveyayinevi.com.tr\/index.php\/wp-json\/wp\/v2\/product\/765525","targetHints":{"allow":["GET"]}}],"collection":[{"href":"https:\/\/roveyayinevi.com.tr\/index.php\/wp-json\/wp\/v2\/product"}],"about":[{"href":"https:\/\/roveyayinevi.com.tr\/index.php\/wp-json\/wp\/v2\/types\/product"}],"wp:attachment":[{"href":"https:\/\/roveyayinevi.com.tr\/index.php\/wp-json\/wp\/v2\/media?parent=765525"}],"wp:term":[{"taxonomy":"product_brand","embeddable":true,"href":"https:\/\/roveyayinevi.com.tr\/index.php\/wp-json\/wp\/v2\/product_brand?post=765525"},{"taxonomy":"product_cat","embeddable":true,"href":"https:\/\/roveyayinevi.com.tr\/index.php\/wp-json\/wp\/v2\/product_cat?post=765525"},{"taxonomy":"product_tag","embeddable":true,"href":"https:\/\/roveyayinevi.com.tr\/index.php\/wp-json\/wp\/v2\/product_tag?post=765525"}],"curies":[{"name":"wp","href":"https:\/\/api.w.org\/{rel}","templated":true}]}}