{"id":765523,"date":"2025-08-28T11:45:17","date_gmt":"2025-08-28T08:45:17","guid":{"rendered":"https:\/\/roveyayinevi.com.tr\/index.php\/urun\/hukuk-felsefesi-6\/"},"modified":"2026-04-15T03:31:29","modified_gmt":"2026-04-15T00:31:29","slug":"hukuk-felsefesi-6","status":"publish","type":"product","link":"https:\/\/roveyayinevi.com.tr\/index.php\/urun\/hukuk-felsefesi-6\/","title":{"rendered":"Hukuk Felsefesi"},"content":{"rendered":"<p>Hukuk felsefesi, felsefi d\u00fc\u015f\u00fcnce i\u00e7erisinde, hukukun ideal bi\u00e7imine y\u00f6nelik farkl\u0131 yakla\u015f\u0131m tarzlar\u0131n\u0131n ortaya \u00e7\u0131kt\u0131\u011f\u0131 bir alan\u0131 ifade etmektedir. Felsefe tarihi boyunca \u0130lk\u00e7a\u011f&#8217;dan g\u00fcn\u00fcm\u00fcze devam eden bu yakla\u015f\u0131m tarzlar\u0131, hukukun ne oldu\u011fu, dahas\u0131 ne olmas\u0131 gerekti\u011fi sorunu \u00fczerinde ciddi tart\u0131\u015fmalar\u0131n ortaya \u00e7\u0131k\u0131\u015f\u0131na zemin haz\u0131rlam\u0131\u015ft\u0131r. Bu ba\u011flamda hukuk sorunu \u00fczerine yap\u0131lan tart\u0131\u015fmalar, hukukun ideal bi\u00e7imi sorunundan, adalet sorununa, hak sorunundan, irade \u00f6zg\u00fcrl\u00fc\u011f\u00fc sorununa, hukukun kayna\u011f\u0131 probleminden, hukuk, devlet, toplum ili\u015fkilerine kadar geni\u015f bir yelpaze olu\u015fturmaktad\u0131r.Elinizdeki kitap, bu sorunlar \u00e7er\u00e7evesinde, hukuk kavram\u0131na ili\u015fkin a\u00e7\u0131klama ve tan\u0131mlar\u0131, hukuk ile di\u011fer be\u015feri davran\u0131\u015f kurallar\u0131 aras\u0131ndaki ili\u015fki ve farklar\u0131, adalet konusuna y\u00f6nelik bak\u0131\u015flar\u0131 ve adaletin t\u00fcr ve \u00e7e\u015fitlerini, hak sorununu ve bu ba\u011flamda insan haklar\u0131 ve sivil itaatsizlik konular\u0131n\u0131 ve irade \u00f6zg\u00fcrl\u00fc\u011f\u00fc problemini ele almakta, ayr\u0131ca hukuk felsefesi tarihinde ortaya \u00e7\u0131kan do\u011fal hukuk, hukuki pozitivizm, tarih\u00e7i hukuk okulu, idealizm, faydac\u0131 hukuk g\u00f6r\u00fc\u015f\u00fc, hukuki realizm gibi ak\u0131mlar\u0131 ve feminizmin hukuka ili\u015fkin bak\u0131\u015f a\u00e7\u0131s\u0131n\u0131 ve bu ak\u0131mlara mensup filozoflar\u0131n g\u00f6r\u00fc\u015flerini ele alarak inceleyen bir kitapt\u0131r. Bu \u00e7er\u00e7evede \u0130lk\u00e7a\u011f&#8217;da Sofistlerle ba\u015flayan ve g\u00fcn\u00fcm\u00fczde Ronald Dworkin&#8217;e uzanan filozoflar zincirinde, hukukun ideal bi\u00e7imine y\u00f6nelik tart\u0131\u015fmalara odaklanan bu \u00e7al\u0131\u015fma, bu alanla ilgilenenler i\u00e7in haz\u0131rlanm\u0131\u015f bir \u00e7al\u0131\u015fmad\u0131r.<\/p>\n","protected":false},"excerpt":{"rendered":"<p>Hukuk felsefesi, felsefi d\u00fc\u015f\u00fcnce i\u00e7erisinde, hukukun ideal bi\u00e7imine y\u00f6nelik farkl\u0131 yakla\u015f\u0131m tarzlar\u0131n\u0131n ortaya \u00e7\u0131kt\u0131\u011f\u0131 bir alan\u0131 ifade etmektedir. Felsefe tarihi boyunca \u0130lk\u00e7a\u011f&#8217;dan g\u00fcn\u00fcm\u00fcze devam eden bu<span class=\"excerpt-hellip\"> [\u2026]<\/span><\/p>\n","protected":false},"featured_media":0,"template":"","meta":{"_monsterinsights_skip_tracking":false,"_monsterinsights_sitenote_active":false,"_monsterinsights_sitenote_note":"","_monsterinsights_sitenote_category":0},"product_brand":[],"product_cat":[15350,17602],"product_tag":[],"class_list":{"0":"post-765523","1":"product","2":"type-product","3":"status-publish","5":"product_cat-hukuk","6":"product_cat-hukuk-uzerine","7":"pa_cilt-ciltsiz","8":"pa_tur-kitap","9":"pa_yayinevi-orion-kitabevi","10":"pa_yazar-yildirim-torun","12":"first","13":"instock","14":"sale","15":"shipping-taxable","16":"purchasable","17":"product-type-simple"},"_links":{"self":[{"href":"https:\/\/roveyayinevi.com.tr\/index.php\/wp-json\/wp\/v2\/product\/765523","targetHints":{"allow":["GET"]}}],"collection":[{"href":"https:\/\/roveyayinevi.com.tr\/index.php\/wp-json\/wp\/v2\/product"}],"about":[{"href":"https:\/\/roveyayinevi.com.tr\/index.php\/wp-json\/wp\/v2\/types\/product"}],"wp:attachment":[{"href":"https:\/\/roveyayinevi.com.tr\/index.php\/wp-json\/wp\/v2\/media?parent=765523"}],"wp:term":[{"taxonomy":"product_brand","embeddable":true,"href":"https:\/\/roveyayinevi.com.tr\/index.php\/wp-json\/wp\/v2\/product_brand?post=765523"},{"taxonomy":"product_cat","embeddable":true,"href":"https:\/\/roveyayinevi.com.tr\/index.php\/wp-json\/wp\/v2\/product_cat?post=765523"},{"taxonomy":"product_tag","embeddable":true,"href":"https:\/\/roveyayinevi.com.tr\/index.php\/wp-json\/wp\/v2\/product_tag?post=765523"}],"curies":[{"name":"wp","href":"https:\/\/api.w.org\/{rel}","templated":true}]}}