{"id":765522,"date":"2025-08-28T11:45:16","date_gmt":"2025-08-28T08:45:16","guid":{"rendered":"https:\/\/roveyayinevi.com.tr\/index.php\/urun\/hugo-grotiusun-hukuk-ve-siyaset-felsefesi\/"},"modified":"2026-04-15T03:31:29","modified_gmt":"2026-04-15T00:31:29","slug":"hugo-grotiusun-hukuk-ve-siyaset-felsefesi","status":"publish","type":"product","link":"https:\/\/roveyayinevi.com.tr\/index.php\/urun\/hugo-grotiusun-hukuk-ve-siyaset-felsefesi\/","title":{"rendered":"Hugo Grotius&#8217;un Hukuk ve Siyaset Felsefesi"},"content":{"rendered":"<p>Elinizdeki kitap, Hugo Grotius&#8217;un hukuk ve siyaset felsefesine y\u00f6nelik kaleme al\u0131nm\u0131\u015f olan T\u00fcrk\u00e7e&#8217;deki ilk kitapt\u0131r. Grotius, Bat\u0131 hukuk felsefesinde \u00e7ok eski bir d\u00fc\u015f\u00fcnce ak\u0131m\u0131 olan do\u011fal hukuk anlay\u0131\u015f\u0131n\u0131n modern d\u00f6nem savunucular\u0131ndan birisidir. Zira ortaya koydu\u011fu d\u00fc\u015f\u00fcnceler itibariyle modern do\u011fal hukukun kurucular\u0131ndan biri olarak kabul edilmektedir. Bu \u00e7er\u00e7evede hukuk felsefesi ba\u011flam\u0131nda do\u011fal hukuk, uluslar aras\u0131 hukuk ve sava\u015f hukuku \u00fczerine kaleme ald\u0131\u011f\u0131 d\u00fc\u015f\u00fcnceleri, g\u00fcn\u00fcm\u00fczde de b\u00fcy\u00fck bir \u00f6nem arzetmektedir. Bunun yan\u0131 s\u0131ra siyaset felsefesi ba\u011flam\u0131nda, modern d\u00f6nemde ortaya \u00e7\u0131kan s\u00f6zle\u015fmeci devlet teorisinin de Hobbes, Locke ve Rousseau&#8217;dan \u00f6nceki en \u00f6nemli savunucusu ve teorisyenidir. Bu durum, Grotius&#8217;u hukuk felsefesinde oldu\u011fu gibi siyaset felsefesinde de \u00f6nemli bir yere oturtmaktad\u0131r. \u0130\u015fte elinizdeki bu kitap, Grotius&#8217;un hukuk felsefesi ba\u011flam\u0131nda, do\u011fal hukuk, uluslar aras\u0131 hukuk ve sava\u015f hukukuna ili\u015fkin felsefi d\u00fc\u015f\u00fcncelerini ve siayset felsefesi ba\u011flam\u0131nda, devlet, \u00f6zg\u00fcrl\u00fck, m\u00fclkiyet vb. siyasal konulara bak\u0131\u015f\u0131n\u0131 inceleyen T\u00fcrk\u00e7e&#8217;deki ilk kitapt\u0131r.<\/p>\n","protected":false},"excerpt":{"rendered":"<p>Elinizdeki kitap, Hugo Grotius&#8217;un hukuk ve siyaset felsefesine y\u00f6nelik kaleme al\u0131nm\u0131\u015f olan T\u00fcrk\u00e7e&#8217;deki ilk kitapt\u0131r. Grotius, Bat\u0131 hukuk felsefesinde \u00e7ok eski bir d\u00fc\u015f\u00fcnce ak\u0131m\u0131 olan do\u011fal<span class=\"excerpt-hellip\"> [\u2026]<\/span><\/p>\n","protected":false},"featured_media":0,"template":"","meta":{"_monsterinsights_skip_tracking":false,"_monsterinsights_sitenote_active":false,"_monsterinsights_sitenote_note":"","_monsterinsights_sitenote_category":0},"product_brand":[],"product_cat":[12388,15536],"product_tag":[],"class_list":{"0":"post-765522","1":"product","2":"type-product","3":"status-publish","5":"product_cat-felsefe","6":"product_cat-siyaset-felsefesi","7":"pa_cilt-ciltsiz","8":"pa_tur-kitap","9":"pa_yayinevi-orion-kitabevi","10":"pa_yazar-yildirim-torun","12":"first","13":"instock","14":"sale","15":"shipping-taxable","16":"purchasable","17":"product-type-simple"},"_links":{"self":[{"href":"https:\/\/roveyayinevi.com.tr\/index.php\/wp-json\/wp\/v2\/product\/765522","targetHints":{"allow":["GET"]}}],"collection":[{"href":"https:\/\/roveyayinevi.com.tr\/index.php\/wp-json\/wp\/v2\/product"}],"about":[{"href":"https:\/\/roveyayinevi.com.tr\/index.php\/wp-json\/wp\/v2\/types\/product"}],"wp:attachment":[{"href":"https:\/\/roveyayinevi.com.tr\/index.php\/wp-json\/wp\/v2\/media?parent=765522"}],"wp:term":[{"taxonomy":"product_brand","embeddable":true,"href":"https:\/\/roveyayinevi.com.tr\/index.php\/wp-json\/wp\/v2\/product_brand?post=765522"},{"taxonomy":"product_cat","embeddable":true,"href":"https:\/\/roveyayinevi.com.tr\/index.php\/wp-json\/wp\/v2\/product_cat?post=765522"},{"taxonomy":"product_tag","embeddable":true,"href":"https:\/\/roveyayinevi.com.tr\/index.php\/wp-json\/wp\/v2\/product_tag?post=765522"}],"curies":[{"name":"wp","href":"https:\/\/api.w.org\/{rel}","templated":true}]}}