{"id":765521,"date":"2025-08-28T11:45:14","date_gmt":"2025-08-28T08:45:14","guid":{"rendered":"https:\/\/roveyayinevi.com.tr\/index.php\/urun\/hititlerden-turkiye-cumhuriyetine-anadolu-uygarliklarinda-yonetim\/"},"modified":"2026-04-15T03:31:29","modified_gmt":"2026-04-15T00:31:29","slug":"hititlerden-turkiye-cumhuriyetine-anadolu-uygarliklarinda-yonetim","status":"publish","type":"product","link":"https:\/\/roveyayinevi.com.tr\/index.php\/urun\/hititlerden-turkiye-cumhuriyetine-anadolu-uygarliklarinda-yonetim\/","title":{"rendered":"Hititlerden T\u00fcrkiye Cumhuriyeti&#8217;ne Anadolu Uygarl\u0131klar\u0131nda Y\u00f6netim"},"content":{"rendered":"<p>Y\u00f6netim insanlar\u0131n birlikte ya\u015fama arzular\u0131n\u0131n ortaya \u00e7\u0131kard\u0131\u011f\u0131 bir ihtiya\u00e7 olarak kabul edilmi\u015ftir. Bu arzu insanlar\u0131n tarihinin ilk d\u00f6nemlerinden itibaren birbirlerine benzeyen ya da farkl\u0131l\u0131klar g\u00f6steren irili ufakl\u0131 \u00e7ok say\u0131da \u00f6rg\u00fct kurmalar\u0131na ve bunlar\u0131 y\u00f6netmelerinde etkili olmu\u015ftur. Anadolu topraklar\u0131 tarihte bilinen en eski yerle\u015fimlere ev sahipli\u011fi yapm\u0131\u015ft\u0131r. \u0130ki farkl\u0131 k\u00fclt\u00fcr\u00fc temsil eden Do\u011fu ile Bat\u0131n\u0131n kesi\u015fme noktas\u0131nda bulunan Anadoluda \u00e7ok say\u0131da uygarl\u0131k h\u00fck\u00fcm s\u00fcrm\u00fc\u015ft\u00fcr. Bu uygarl\u0131klar ara\u015ft\u0131rmac\u0131lara y\u00f6netim tarihi bak\u0131m\u0131ndan \u00f6nemli veriler sa\u011flanmaktad\u0131r.Kitapta Anadolu&#8217;da siyasi birli\u011fi sa\u011flayan ilk devlet olan Hititlerden T\u00fcrkiye Cumhuriyetine kadar kurulan uygarl\u0131klar\u0131n devlet ve y\u00f6netim yap\u0131lar\u0131 incelenmi\u015ftir. Uygarl\u0131klar\u0131n y\u00f6netim anlay\u0131\u015flar\u0131n\u0131n ve y\u00f6netsel yap\u0131lar\u0131n\u0131n ge\u00e7mi\u015ften g\u00fcn\u00fcm\u00fcze kadar nas\u0131l bir de\u011fi\u015fim ge\u00e7irdi\u011fi etkile\u015fimler ve yans\u0131malar\u0131 devlet te\u015fkilatlar\u0131 ile aralar\u0131ndaki benzerlikler ve farkl\u0131l\u0131klar kronolojik s\u0131raya g\u00f6re ak\u0131c\u0131 bir dille okuyucuya aktar\u0131lmaya \u00e7al\u0131\u015f\u0131lm\u0131\u015ft\u0131r. Kitapta do\u011frudan y\u00f6netim yap\u0131lar\u0131na odaklan\u0131ld\u0131\u011f\u0131 i\u00e7in m\u00fcmk\u00fcn oldu\u011funca tarihsel olaylara ve ki\u015filere yer verilmi\u015ftir.Y\u00f6netim tarihi ve kamu y\u00f6netimine ilgi duyan akademisyen \u00f6\u011frenci b\u00fcrokrat ve her kesimden okuyucunun yararlanabilece\u011fi bu kitab\u0131n y\u00f6netim tarihi ve kar\u015f\u0131la\u015ft\u0131rmal\u0131 y\u00f6netim derslerinde de \u00f6nemli bir kaynak olabilece\u011fi d\u00fc\u015f\u00fcncesindeyiz.<\/p>\n","protected":false},"excerpt":{"rendered":"<p>Y\u00f6netim insanlar\u0131n birlikte ya\u015fama arzular\u0131n\u0131n ortaya \u00e7\u0131kard\u0131\u011f\u0131 bir ihtiya\u00e7 olarak kabul edilmi\u015ftir. Bu arzu insanlar\u0131n tarihinin ilk d\u00f6nemlerinden itibaren birbirlerine benzeyen ya da farkl\u0131l\u0131klar g\u00f6steren irili<span class=\"excerpt-hellip\"> [\u2026]<\/span><\/p>\n","protected":false},"featured_media":0,"template":"","meta":{"_monsterinsights_skip_tracking":false,"_monsterinsights_sitenote_active":false,"_monsterinsights_sitenote_note":"","_monsterinsights_sitenote_category":0},"product_brand":[],"product_cat":[12370,12304],"product_tag":[],"class_list":{"0":"post-765521","1":"product","2":"type-product","3":"status-publish","5":"product_cat-arastirma-inceleme","6":"product_cat-tarih","7":"pa_cilt-ciltsiz","8":"pa_tur-kitap","9":"pa_yayinevi-orion-kitabevi","10":"pa_yazar-mustafa-lamba","12":"first","13":"instock","14":"sale","15":"shipping-taxable","16":"purchasable","17":"product-type-simple"},"_links":{"self":[{"href":"https:\/\/roveyayinevi.com.tr\/index.php\/wp-json\/wp\/v2\/product\/765521","targetHints":{"allow":["GET"]}}],"collection":[{"href":"https:\/\/roveyayinevi.com.tr\/index.php\/wp-json\/wp\/v2\/product"}],"about":[{"href":"https:\/\/roveyayinevi.com.tr\/index.php\/wp-json\/wp\/v2\/types\/product"}],"wp:attachment":[{"href":"https:\/\/roveyayinevi.com.tr\/index.php\/wp-json\/wp\/v2\/media?parent=765521"}],"wp:term":[{"taxonomy":"product_brand","embeddable":true,"href":"https:\/\/roveyayinevi.com.tr\/index.php\/wp-json\/wp\/v2\/product_brand?post=765521"},{"taxonomy":"product_cat","embeddable":true,"href":"https:\/\/roveyayinevi.com.tr\/index.php\/wp-json\/wp\/v2\/product_cat?post=765521"},{"taxonomy":"product_tag","embeddable":true,"href":"https:\/\/roveyayinevi.com.tr\/index.php\/wp-json\/wp\/v2\/product_tag?post=765521"}],"curies":[{"name":"wp","href":"https:\/\/api.w.org\/{rel}","templated":true}]}}