{"id":765517,"date":"2025-08-28T11:45:09","date_gmt":"2025-08-28T08:45:09","guid":{"rendered":"https:\/\/roveyayinevi.com.tr\/index.php\/urun\/hakikatin-uc-yuzu\/"},"modified":"2026-04-15T03:31:28","modified_gmt":"2026-04-15T00:31:28","slug":"hakikatin-uc-yuzu","status":"publish","type":"product","link":"https:\/\/roveyayinevi.com.tr\/index.php\/urun\/hakikatin-uc-yuzu\/","title":{"rendered":"Hakikatin \u00dc\u00e7 Y\u00fcz\u00fc"},"content":{"rendered":"<p>Kendi hakikat yolculu\u011funa \u00e7\u0131kmam\u0131\u015f insan\u0131n durumu, asl\u0131nda bir s\u0131navda olan, fakat bunun fark\u0131nda dahi olmayan insan\u0131n durumu gibidir. S\u0131navda oldu\u011funun fark\u0131nda olmad\u0131\u011f\u0131ndan, ne yapaca\u011f\u0131n\u0131 bilemez, bunu d\u00fc\u015f\u00fcnmez bile. Bu nedenle de ba\u015far\u0131l\u0131 olamaz. O halde, her insan, s\u0131navda oldu\u011funun fark\u0131na varmak ve kendi hakikat yolculu\u011funa \u00e7\u0131kmak durumundad\u0131r. Buna kar\u015f\u0131n, yaln\u0131zca arafta kalanlar buna gereksinim duymakta ve bunun sanc\u0131s\u0131n\u0131 \u00e7ekmektedir. Bu noktada da, hakikati tan\u0131ma ve ona ula\u015fma yollar\u0131 konusunda bir k\u0131lavuz gereksinimi ortaya \u00e7\u0131kmaktad\u0131r. Elinizdeki kitapla, bu gereksinimin kar\u015f\u0131lanmas\u0131 umulmaktad\u0131r.<\/p>\n","protected":false},"excerpt":{"rendered":"<p>Kendi hakikat yolculu\u011funa \u00e7\u0131kmam\u0131\u015f insan\u0131n durumu, asl\u0131nda bir s\u0131navda olan, fakat bunun fark\u0131nda dahi olmayan insan\u0131n durumu gibidir. S\u0131navda oldu\u011funun fark\u0131nda olmad\u0131\u011f\u0131ndan, ne yapaca\u011f\u0131n\u0131 bilemez, bunu<span class=\"excerpt-hellip\"> [\u2026]<\/span><\/p>\n","protected":false},"featured_media":0,"template":"","meta":{"_monsterinsights_skip_tracking":false,"_monsterinsights_sitenote_active":false,"_monsterinsights_sitenote_note":"","_monsterinsights_sitenote_category":0},"product_brand":[],"product_cat":[16789,12718,12719],"product_tag":[],"class_list":{"0":"post-765517","1":"product","2":"type-product","3":"status-publish","5":"product_cat-diger-islam","6":"product_cat-din","7":"product_cat-islam","8":"pa_cilt-ciltsiz","9":"pa_tur-kitap","10":"pa_yayinevi-orion-kitabevi","11":"pa_yazar-murat-kayikci","13":"first","14":"instock","15":"sale","16":"shipping-taxable","17":"purchasable","18":"product-type-simple"},"_links":{"self":[{"href":"https:\/\/roveyayinevi.com.tr\/index.php\/wp-json\/wp\/v2\/product\/765517","targetHints":{"allow":["GET"]}}],"collection":[{"href":"https:\/\/roveyayinevi.com.tr\/index.php\/wp-json\/wp\/v2\/product"}],"about":[{"href":"https:\/\/roveyayinevi.com.tr\/index.php\/wp-json\/wp\/v2\/types\/product"}],"wp:attachment":[{"href":"https:\/\/roveyayinevi.com.tr\/index.php\/wp-json\/wp\/v2\/media?parent=765517"}],"wp:term":[{"taxonomy":"product_brand","embeddable":true,"href":"https:\/\/roveyayinevi.com.tr\/index.php\/wp-json\/wp\/v2\/product_brand?post=765517"},{"taxonomy":"product_cat","embeddable":true,"href":"https:\/\/roveyayinevi.com.tr\/index.php\/wp-json\/wp\/v2\/product_cat?post=765517"},{"taxonomy":"product_tag","embeddable":true,"href":"https:\/\/roveyayinevi.com.tr\/index.php\/wp-json\/wp\/v2\/product_tag?post=765517"}],"curies":[{"name":"wp","href":"https:\/\/api.w.org\/{rel}","templated":true}]}}