{"id":765516,"date":"2025-08-28T11:45:08","date_gmt":"2025-08-28T08:45:08","guid":{"rendered":"https:\/\/roveyayinevi.com.tr\/index.php\/urun\/goc-sosyolojisi\/"},"modified":"2026-04-15T03:31:28","modified_gmt":"2026-04-15T00:31:28","slug":"goc-sosyolojisi","status":"publish","type":"product","link":"https:\/\/roveyayinevi.com.tr\/index.php\/urun\/goc-sosyolojisi\/","title":{"rendered":"G\u00f6\u00e7 Sosyolojisi"},"content":{"rendered":"<p>Kadim ge\u00e7mi\u015fiyle g\u00f6\u00e7 olgusu, ba\u015fta sosyoloji, n\u00fcfus bilim ve co\u011frafya olmak \u00fczere pek \u00e7ok disiplinin inceleme alan\u0131na girmi\u015ftir. \u0130bn Haldun&#8217;dan Ravenstein&#8217;a, Stouffer&#8217;dan Lee&#8217;ye, Zelinky&#8217;ye, Piore&#8217;ye ve daha nicelerine kadar farkl\u0131 d\u00fc\u015f\u00fcn\u00fcrler, g\u00f6\u00e7leri ve g\u00f6\u00e7men davran\u0131\u015flar\u0131n\u0131 a\u00e7\u0131klama giri\u015fimleriyle alan\u0131n kuramsal temellerini in\u015fa etmi\u015flerdir.Uluslararas\u0131 dengelerin de\u011fi\u015fmesi, yeni \u00e7at\u0131\u015fma alanlar\u0131n\u0131n ortaya \u00e7\u0131kmas\u0131 ve e\u015fitsizliklerin artan etkisi, g\u00f6\u00e7 konusunun d\u00fcnya g\u00fcndeminden d\u00fc\u015fmesine izin vermemektedir. K\u00fcreselle\u015fme s\u00fcrecinin etkisiyle s\u00fcrekli y\u00fckselen bir ivmeyle art\u0131\u015f ve \u00e7e\u015fitlilik g\u00f6steren g\u00f6\u00e7ler, d\u00fcnyan\u0131n hemen her taraf\u0131nda etkisini g\u00f6sterse de, bilhassa Ortado\u011fu&#8217;da s\u0131ra d\u0131\u015f\u0131 bir g\u00f6r\u00fcn\u00fcm alm\u0131\u015ft\u0131r. Ortado\u011fu&#8217;daki hareketlilikten en fazla pay alan \u00fclkelerden biri olarak T\u00fcrkiye ise son y\u0131llarda maruz kald\u0131\u011f\u0131 ak\u0131\u015flarla en s\u0131cak b\u00f6lgelerden biri haline gelmi\u015ftir.Bu kitapta g\u00f6\u00e7 olgusu, kuramsal temellerine de\u011finilerek sebep sonu\u00e7 ili\u015fkisi \u00e7er\u00e7evesinde ele al\u0131nm\u0131\u015f, ilgili kavram ve s\u00fcre\u00e7lere temasla T\u00fcrkiye \u00f6zelinde \u00e7e\u015fitli g\u00f6\u00e7ler \u00fczerine incelemelere yer verilmi\u015ftir. Kitap i\u00e7eri\u011findeki farkl\u0131 bak\u0131\u015f a\u00e7\u0131lar\u0131na sahip tart\u0131\u015fmalar, okuyucusuna geni\u015f kapsaml\u0131 bir bilgi edinme imk\u00e2n\u0131 sunmaktad\u0131r.<\/p>\n","protected":false},"excerpt":{"rendered":"<p>Kadim ge\u00e7mi\u015fiyle g\u00f6\u00e7 olgusu, ba\u015fta sosyoloji, n\u00fcfus bilim ve co\u011frafya olmak \u00fczere pek \u00e7ok disiplinin inceleme alan\u0131na girmi\u015ftir. \u0130bn Haldun&#8217;dan Ravenstein&#8217;a, Stouffer&#8217;dan Lee&#8217;ye, Zelinky&#8217;ye, Piore&#8217;ye ve<span class=\"excerpt-hellip\"> [\u2026]<\/span><\/p>\n","protected":false},"featured_media":0,"template":"","meta":{"_monsterinsights_skip_tracking":false,"_monsterinsights_sitenote_active":false,"_monsterinsights_sitenote_note":"","_monsterinsights_sitenote_category":0},"product_brand":[],"product_cat":[12325,12324],"product_tag":[],"class_list":{"0":"post-765516","1":"product","2":"type-product","3":"status-publish","5":"product_cat-diger-sosyoloji","6":"product_cat-sosyoloji","7":"pa_cilt-ciltsiz","8":"pa_tur-kitap","9":"pa_yayinevi-orion-kitabevi","10":"pa_yazar-cagatay-sarp","12":"first","13":"instock","14":"sale","15":"shipping-taxable","16":"purchasable","17":"product-type-simple"},"_links":{"self":[{"href":"https:\/\/roveyayinevi.com.tr\/index.php\/wp-json\/wp\/v2\/product\/765516","targetHints":{"allow":["GET"]}}],"collection":[{"href":"https:\/\/roveyayinevi.com.tr\/index.php\/wp-json\/wp\/v2\/product"}],"about":[{"href":"https:\/\/roveyayinevi.com.tr\/index.php\/wp-json\/wp\/v2\/types\/product"}],"wp:attachment":[{"href":"https:\/\/roveyayinevi.com.tr\/index.php\/wp-json\/wp\/v2\/media?parent=765516"}],"wp:term":[{"taxonomy":"product_brand","embeddable":true,"href":"https:\/\/roveyayinevi.com.tr\/index.php\/wp-json\/wp\/v2\/product_brand?post=765516"},{"taxonomy":"product_cat","embeddable":true,"href":"https:\/\/roveyayinevi.com.tr\/index.php\/wp-json\/wp\/v2\/product_cat?post=765516"},{"taxonomy":"product_tag","embeddable":true,"href":"https:\/\/roveyayinevi.com.tr\/index.php\/wp-json\/wp\/v2\/product_tag?post=765516"}],"curies":[{"name":"wp","href":"https:\/\/api.w.org\/{rel}","templated":true}]}}