{"id":765512,"date":"2025-08-28T11:45:03","date_gmt":"2025-08-28T08:45:03","guid":{"rendered":"https:\/\/roveyayinevi.com.tr\/index.php\/urun\/gelecegin-endustrileri\/"},"modified":"2026-04-15T03:31:28","modified_gmt":"2026-04-15T00:31:28","slug":"gelecegin-endustrileri","status":"publish","type":"product","link":"https:\/\/roveyayinevi.com.tr\/index.php\/urun\/gelecegin-endustrileri\/","title":{"rendered":"Gelece\u011fin End\u00fcstrileri"},"content":{"rendered":"<p>10 y\u0131l sonra bizi nas\u0131l bir d\u00fcnya bekliyor?. Kansere \u00e7are bulunacak m\u0131?. Robotlar i\u015fimizi elimizden alacak m\u0131? Ya da robotlarla rekabette ba\u015fanl\u0131 olmak i\u00e7in neler yapmam\u0131z gerekiyor?. Gelece\u011fin meslekleri hangileri olacak?. \u00c7ocu\u011fumu gelece\u011fe nas\u0131l haz\u0131rlamal\u0131y\u0131m?. Gelece\u011fin yat\u0131nm alanlan hangileri?. Buyuk veri ve analitik hayat\u0131m\u0131z nas\u0131l de\u011fi\u015ftirecek?D\u00fcnyan\u0131n en \u00fcnl\u00fc inovasyon uzmanlar\u0131ndan ve takip\u00e7ilerinden biri olan Alec Ross, &#8216;Gelece\u011fin Endustrileri adl\u0131 kitab\u0131nda bunlara benzer onlarca soruyu ABD Ba\u015fkan\u0131 Obama ve uzun bir s\u00fcre Hillary Clinton&#8217;\u0131n dan\u0131\u015fman\u0131 olarak yapt\u0131\u011f\u0131 geziler ve tecr\u00fcbeleri ile cevaplayarak gelece\u011fi ongormeye \u00e7al\u0131\u015f\u0131yor.Ross&#8217;un deyimi ile bu kitap inovasyon ve teknolojiye bir meth\u0131yeden ziyade d\u00fcnyan\u0131n d\u00f6rt bir yan\u0131nda yurut\u00fclen \u00e7al\u0131\u015fmalann gelecekte bizi nas\u0131l bir d\u00fcnyaya yonlendirdi\u011fini art\u0131 ve eksileri ile ortaya koymaya \u00e7al\u0131\u015fan bir kitap. Hem kamuda hem de ozel sektorde \u00e7al\u0131\u015fan. politikan\u0131n mutfa\u011f\u0131nda yer almas\u0131na ra\u011fmen sahada da onemli bir tecr\u00fcbe edinen Alec Ross ya\u015fam \u00f6ykusunden ve ku\u015fa\u011f\u0131n\u0131n tecrubeler\u0131nden de faydalanarak gelece\u011fin dunyas\u0131nda toplumlann ve devletlerin ba\u015far\u0131l\u0131 olaca\u011f\u0131n\u0131 ongormeye \u00e7al\u0131\u015fm\u0131\u015f ve bunlan gerek\u00e7eler.Dunyan\u0131n en zor mesle\u011fi olarak nitelendirdi\u011fi ebeveynli\u011fi \u00f6n plana \u00e7\u0131karan Ross, gelece\u011fi ayakta bulunmas\u0131 gereken temel nitelikleri de sorgulam\u0131\u015f ve bir ebeveyn olarak neler yap\u0131lmas\u0131 gerekti\u011fini anekdotlarla anlatm\u0131\u015f. Yani bu kitab\u0131 kendiniz i\u00e7in okumayacaksan\u0131z bile \u00e7ocuklar\u0131n\u0131z i\u00e7in okuman\u0131zda fayda var!<\/p>\n","protected":false},"excerpt":{"rendered":"<p>10 y\u0131l sonra bizi nas\u0131l bir d\u00fcnya bekliyor?. Kansere \u00e7are bulunacak m\u0131?. Robotlar i\u015fimizi elimizden alacak m\u0131? Ya da robotlarla rekabette ba\u015fanl\u0131 olmak i\u00e7in neler yapmam\u0131z<span class=\"excerpt-hellip\"> [\u2026]<\/span><\/p>\n","protected":false},"featured_media":0,"template":"","meta":{"_monsterinsights_skip_tracking":false,"_monsterinsights_sitenote_active":false,"_monsterinsights_sitenote_note":"","_monsterinsights_sitenote_category":0},"product_brand":[],"product_cat":[13043,17647],"product_tag":[],"class_list":{"0":"post-765512","1":"product","2":"type-product","3":"status-publish","5":"product_cat-ekonomi","6":"product_cat-is-dunyasi","7":"pa_cilt-ciltsiz","8":"pa_tur-kitap","9":"pa_yayinevi-orion-kitabevi","10":"pa_yazar-alec-ross","12":"first","13":"instock","14":"sale","15":"shipping-taxable","16":"purchasable","17":"product-type-simple"},"_links":{"self":[{"href":"https:\/\/roveyayinevi.com.tr\/index.php\/wp-json\/wp\/v2\/product\/765512","targetHints":{"allow":["GET"]}}],"collection":[{"href":"https:\/\/roveyayinevi.com.tr\/index.php\/wp-json\/wp\/v2\/product"}],"about":[{"href":"https:\/\/roveyayinevi.com.tr\/index.php\/wp-json\/wp\/v2\/types\/product"}],"wp:attachment":[{"href":"https:\/\/roveyayinevi.com.tr\/index.php\/wp-json\/wp\/v2\/media?parent=765512"}],"wp:term":[{"taxonomy":"product_brand","embeddable":true,"href":"https:\/\/roveyayinevi.com.tr\/index.php\/wp-json\/wp\/v2\/product_brand?post=765512"},{"taxonomy":"product_cat","embeddable":true,"href":"https:\/\/roveyayinevi.com.tr\/index.php\/wp-json\/wp\/v2\/product_cat?post=765512"},{"taxonomy":"product_tag","embeddable":true,"href":"https:\/\/roveyayinevi.com.tr\/index.php\/wp-json\/wp\/v2\/product_tag?post=765512"}],"curies":[{"name":"wp","href":"https:\/\/api.w.org\/{rel}","templated":true}]}}