{"id":765510,"date":"2025-08-28T11:45:01","date_gmt":"2025-08-28T08:45:01","guid":{"rendered":"https:\/\/roveyayinevi.com.tr\/index.php\/urun\/fetullahci-teror-orgutu-gercegi\/"},"modified":"2026-04-15T03:31:28","modified_gmt":"2026-04-15T00:31:28","slug":"fetullahci-teror-orgutu-gercegi","status":"publish","type":"product","link":"https:\/\/roveyayinevi.com.tr\/index.php\/urun\/fetullahci-teror-orgutu-gercegi\/","title":{"rendered":"Fetullah\u00e7\u0131 Ter\u00f6r \u00d6rg\u00fct\u00fc Ger\u00e7e\u011fi"},"content":{"rendered":"<p>Bu eserin esas amac\u0131 FET\u00d6&#8217;n\u00fcn iyi ve do\u011fru tan\u0131nmas\u0131n\u0131 sa\u011flayarak, ma\u011fduriyetlerin minimum d\u00fczeye \u00e7ekilerek, adaletin ger\u00e7ekle\u015fmesine katk\u0131da bulunmakt\u0131r. Bu nedenle a\u015fa\u011f\u0131da belirtece\u011fimiz kimselere faydal\u0131 olabilmeyi \u00fcmit ediyoruz:1-Ba\u015fta devletin FET\u00d6 ile m\u00fccadele eden H\u00e2kimler, Cumhuriyet Savc\u0131lar\u0131, G\u00fcvenlik G\u00fc\u00e7leri personeli ile di\u011fer kamu kurum ve kurulu\u015flar\u0131ndaki y\u00f6neticiler ile y\u00f6neticilere yard\u0131mc\u0131 olan komisyon\/kurul \u00fcyelerine,2-\u00dclkemize, devletimize zarar veren ve tehdit olu\u015fturan olu\u015fumlar hakk\u0131nda bilgi sahibi olmak isteyen, onlar\u0131 tan\u0131yarak uzak durmak ve devletimize destek olmak isteyen vatanda\u015flar\u0131m\u0131za,3-FET\u00d6&#8217;ye, &#8220;\u0130slam&#8217;\u0131 ve T\u00fcrk\u00e7e&#8217;yi d\u00fcnyaya tan\u0131t\u0131yor&#8221; d\u0131\u015f g\u00f6r\u00fcn\u00fc\u015f\u00fcnden dolay\u0131 sevgi beslemi\u015f ama \u00f6rg\u00fct\u00fcn ger\u00e7ek y\u00fcz\u00fcn\u00fc tan\u0131y\u0131p, \u00f6rg\u00fct \u00fcyeli\u011finden kurtulmak ve &#8220;biyonik robota&#8221; d\u00f6n\u00fc\u015fmek istemeyenlere,4- Bundan sonra \u00f6rg\u00fctle ilgili akademik \u00e7al\u0131\u015fmalar artacakt\u0131r. \u00d6zellikle, \u0130lahiyat, Sosyoloji, Tarih, G\u00fcvenlik gibi bilim alanlar\u0131nda Y\u00fcksek Lisans ve Doktora tez \u00e7al\u0131\u015fmalar\u0131 olacakt\u0131r. Fetullah\u00e7\u0131 Ter\u00f6r \u00d6rg\u00fct\u00fc ile ilgili akademik \u00e7al\u0131\u015fmalar yapmak isteyenlere.Yukarda saym\u0131\u015f oldu\u011fumuz bu gruplar\u0131n adaleti ger\u00e7ekle\u015ftirmelerine, vatanda\u015flar\u0131m\u0131z\u0131n yurtta\u015fl\u0131k bilincinin geli\u015fmesine ve \u00f6rg\u00fctten uzak durmas\u0131na, \u00f6rg\u00fct hakk\u0131nda akademik \u00e7al\u0131\u015fma yapmak isteyenlere k\u00fc\u00e7\u00fck de olsa bir katk\u0131m\u0131z\u0131n olmas\u0131 bizleri mutlu edecektir.<\/p>\n","protected":false},"excerpt":{"rendered":"<p>Bu eserin esas amac\u0131 FET\u00d6&#8217;n\u00fcn iyi ve do\u011fru tan\u0131nmas\u0131n\u0131 sa\u011flayarak, ma\u011fduriyetlerin minimum d\u00fczeye \u00e7ekilerek, adaletin ger\u00e7ekle\u015fmesine katk\u0131da bulunmakt\u0131r. Bu nedenle a\u015fa\u011f\u0131da belirtece\u011fimiz kimselere faydal\u0131 olabilmeyi \u00fcmit<span class=\"excerpt-hellip\"> [\u2026]<\/span><\/p>\n","protected":false},"featured_media":0,"template":"","meta":{"_monsterinsights_skip_tracking":false,"_monsterinsights_sitenote_active":false,"_monsterinsights_sitenote_note":"","_monsterinsights_sitenote_category":0},"product_brand":[],"product_cat":[12346,12337],"product_tag":[],"class_list":{"0":"post-765510","1":"product","2":"type-product","3":"status-publish","5":"product_cat-derin-siyaset-komplo-teorileri","6":"product_cat-politika-siyaset","7":"pa_cilt-ciltsiz","8":"pa_tur-kitap","9":"pa_yayinevi-orion-kitabevi","10":"pa_yazar-ali-kuyaksil","12":"first","13":"instock","14":"sale","15":"shipping-taxable","16":"purchasable","17":"product-type-simple"},"_links":{"self":[{"href":"https:\/\/roveyayinevi.com.tr\/index.php\/wp-json\/wp\/v2\/product\/765510","targetHints":{"allow":["GET"]}}],"collection":[{"href":"https:\/\/roveyayinevi.com.tr\/index.php\/wp-json\/wp\/v2\/product"}],"about":[{"href":"https:\/\/roveyayinevi.com.tr\/index.php\/wp-json\/wp\/v2\/types\/product"}],"wp:attachment":[{"href":"https:\/\/roveyayinevi.com.tr\/index.php\/wp-json\/wp\/v2\/media?parent=765510"}],"wp:term":[{"taxonomy":"product_brand","embeddable":true,"href":"https:\/\/roveyayinevi.com.tr\/index.php\/wp-json\/wp\/v2\/product_brand?post=765510"},{"taxonomy":"product_cat","embeddable":true,"href":"https:\/\/roveyayinevi.com.tr\/index.php\/wp-json\/wp\/v2\/product_cat?post=765510"},{"taxonomy":"product_tag","embeddable":true,"href":"https:\/\/roveyayinevi.com.tr\/index.php\/wp-json\/wp\/v2\/product_tag?post=765510"}],"curies":[{"name":"wp","href":"https:\/\/api.w.org\/{rel}","templated":true}]}}