{"id":765509,"date":"2025-08-28T11:45:00","date_gmt":"2025-08-28T08:45:00","guid":{"rendered":"https:\/\/roveyayinevi.com.tr\/index.php\/urun\/feminen-islam\/"},"modified":"2026-04-15T03:31:28","modified_gmt":"2026-04-15T00:31:28","slug":"feminen-islam","status":"publish","type":"product","link":"https:\/\/roveyayinevi.com.tr\/index.php\/urun\/feminen-islam\/","title":{"rendered":"Feminen \u0130slam"},"content":{"rendered":"<p>G\u00fcn\u00fcm\u00fczde kutsal olan da k\u00fcreselle\u015fme s\u00fcrecinden ba\u011f\u0131ms\u0131z de\u011fildir. Kutsal olan\u0131 anlamak i\u00e7in de yerel ve ulusal fakt\u00f6rlerin \u00f6tesine ge\u00e7mek ve k\u00fcresel ba\u011flam\u0131 dikkate almak gerekmektedir. G\u00fcn\u00fcm\u00fczde din, kimliklerin yeniden yorumlanmas\u0131 ve konumlanmas\u0131nda elde haz\u0131r bulunan k\u00f6kl\u00fc bir unsur olarak \u00f6nem kazanmaktad\u0131r. Birey s\u00f6z konusu boyutuyla dini yeniden ke\u015ffetmekte ve \u00f6znel bir anlam y\u00fckleyerek kendine ait yapmakta ve g\u00fcncel hayatta varl\u0131\u011f\u0131n\u0131 s\u00fcrd\u00fcrmek i\u00e7in bir kimlik olarak yeniden in\u015fa etmektedir. Bu s\u00fcre\u00e7 kad\u0131nlar a\u00e7\u0131s\u0131ndan \u00f6zellikle dikkat \u00e7ekmektedir.Almanya&#8217;da ger\u00e7ekle\u015ftirilen bir ara\u015ft\u0131rma, k\u00fcresel s\u00fcre\u00e7te Bat\u0131 toplumunda farkl\u0131 konumda bulunan iki kad\u0131n grubunun -T\u00fcrkiyeli g\u00f6\u00e7men kad\u0131nlar ve M\u00fcsl\u00fcman olmu\u015f, bat\u0131l\u0131 kad\u0131nlar- benzer bir strateji ile \u0130slam&#8217;\u0131 yeni bir kad\u0131n kimli\u011fi in\u015fas\u0131 i\u00e7in bir de\u011ferler sistemi olarak temel almas\u0131n\u0131 anlatmaktad\u0131r. B\u00f6ylece n\u00fcfusunun \u00e7o\u011funlu\u011fu M\u00fcsl\u00fcman olan \u00fclkeler d\u0131\u015f\u0131nda, modern d\u00fcnyan\u0131n kalbinde ve k\u00fcresel ko\u015fullarda M\u00fcsl\u00fcman kad\u0131n\u0131n kimlik olu\u015fumuna nas\u0131l bir tepki verdi\u011fi incelenmektedir.<\/p>\n","protected":false},"excerpt":{"rendered":"<p>G\u00fcn\u00fcm\u00fczde kutsal olan da k\u00fcreselle\u015fme s\u00fcrecinden ba\u011f\u0131ms\u0131z de\u011fildir. Kutsal olan\u0131 anlamak i\u00e7in de yerel ve ulusal fakt\u00f6rlerin \u00f6tesine ge\u00e7mek ve k\u00fcresel ba\u011flam\u0131 dikkate almak gerekmektedir. G\u00fcn\u00fcm\u00fczde<span class=\"excerpt-hellip\"> [\u2026]<\/span><\/p>\n","protected":false},"featured_media":0,"template":"","meta":{"_monsterinsights_skip_tracking":false,"_monsterinsights_sitenote_active":false,"_monsterinsights_sitenote_note":"","_monsterinsights_sitenote_category":0},"product_brand":[],"product_cat":[14787,13488],"product_tag":[],"class_list":{"0":"post-765509","1":"product","2":"type-product","3":"status-publish","5":"product_cat-diger-toplum-ve-insan","6":"product_cat-toplum-ve-insan","7":"pa_cilt-ciltsiz","8":"pa_tur-kitap","9":"pa_yayinevi-orion-kitabevi","10":"pa_yazar-nezahat-altuntas","12":"first","13":"instock","14":"sale","15":"shipping-taxable","16":"purchasable","17":"product-type-simple"},"_links":{"self":[{"href":"https:\/\/roveyayinevi.com.tr\/index.php\/wp-json\/wp\/v2\/product\/765509","targetHints":{"allow":["GET"]}}],"collection":[{"href":"https:\/\/roveyayinevi.com.tr\/index.php\/wp-json\/wp\/v2\/product"}],"about":[{"href":"https:\/\/roveyayinevi.com.tr\/index.php\/wp-json\/wp\/v2\/types\/product"}],"wp:attachment":[{"href":"https:\/\/roveyayinevi.com.tr\/index.php\/wp-json\/wp\/v2\/media?parent=765509"}],"wp:term":[{"taxonomy":"product_brand","embeddable":true,"href":"https:\/\/roveyayinevi.com.tr\/index.php\/wp-json\/wp\/v2\/product_brand?post=765509"},{"taxonomy":"product_cat","embeddable":true,"href":"https:\/\/roveyayinevi.com.tr\/index.php\/wp-json\/wp\/v2\/product_cat?post=765509"},{"taxonomy":"product_tag","embeddable":true,"href":"https:\/\/roveyayinevi.com.tr\/index.php\/wp-json\/wp\/v2\/product_tag?post=765509"}],"curies":[{"name":"wp","href":"https:\/\/api.w.org\/{rel}","templated":true}]}}