{"id":765508,"date":"2025-08-28T11:44:58","date_gmt":"2025-08-28T08:44:58","guid":{"rendered":"https:\/\/roveyayinevi.com.tr\/index.php\/urun\/felsefeye-giris-10\/"},"modified":"2026-04-15T03:31:28","modified_gmt":"2026-04-15T00:31:28","slug":"felsefeye-giris-10","status":"publish","type":"product","link":"https:\/\/roveyayinevi.com.tr\/index.php\/urun\/felsefeye-giris-10\/","title":{"rendered":"Felsefeye Giri\u015f"},"content":{"rendered":"<p>Felsefeye Giri\u015f ba\u015fl\u0131\u011f\u0131 ta\u015f\u0131yan bu \u00e7al\u0131\u015fma, felsefe tarihi boyunca, filozoflar taraf\u0131ndan ele al\u0131nan konularla ilgili giri\u015f mahiyetinden bilgi verme amac\u0131yla haz\u0131rlanm\u0131\u015f bir \u00e7al\u0131\u015fmad\u0131r. Bu ba\u011flamda, \u00e7al\u0131\u015fma felsefe tarihi boyunca, filozoflar\u0131n, varl\u0131k, bilgi, bilim, ahlak, tarih, siyaset, hukuk, din, sanat, ve e\u011fitim gibi konularda ortaya koyduklar\u0131 d\u00fc\u015f\u00fcnceleri merkeze alan ve her biri felsefi bir disiplin halini alan konularda bilgi vermek maksad\u0131 ta\u015f\u0131maktad\u0131r. Varl\u0131k Felsefesi, Bilgi Felsefesi, Bilim Felsefesi, Ahlak Felsefesi, Tarih Felsefesi, Siyaset Felsefesi, Hukuk Felsefesi, Din Felsefesi, Bilim Felsefesi, Ahlak Felsefesi ve E\u011fitim Felfesi gibi felsefi disiplinlerin, ne olduklar\u0131i temel problemlerin neler oldu\u011fu ele al\u0131nm\u0131\u015f, bu alanda ortaya \u00e7\u0131kan ak\u0131mlar\u0131n ve bu ak\u0131mlar\u0131 karakterize eden temel d\u00fc\u015f\u00fcncelerinin neler oldu\u011fu bu d\u00fc\u015f\u00fcnceleri ortaya koyan filozoflar\u0131n ele al\u0131nmas\u0131 yoluyla felsefi d\u00fc\u015f\u00fcncenin naa temalar\u0131n\u0131n ortaya konulmas\u0131, s\u00f6z konusu ama\u00e7lar aras\u0131ndad\u0131r.Bu ama do\u011frultusunda, basit bir giri\u015f kitab\u0131 olmakla yetinmeden, ama bir felsefe tarihi kadar birka\u00e7 cilde ula\u015fmadan kaleme al\u0131nan bu eserde, her bir felsefi disiplin i\u00e7in yeterli bilgiler verilmeye \u00e7al\u0131\u015f\u0131m\u0131\u015ft\u0131r. Elbette bu \u00e7al\u0131\u015fma eksikleri olmayan bir eser de\u011fildir ve olmas\u0131 da d\u00fc\u015f\u00fcn\u00fclemez. Ancak k\u0131sa bir giri\u015fle yetinmeden ama okuyucuyu bo\u011fmadan, felsefeye genel manada bakmak isteyen okuyucular i\u00e7in haz\u0131rlanm\u0131\u015f bir eserdir. Bu y\u00f6n\u00fc itibariyle bir ders kitab\u0131 olarak haz\u0131rlanmad\u0131\u011f\u0131 ve bilimsel bir \u00e7al\u0131\u015fmak olarak ele al\u0131nd\u0131\u011f\u0131 ve haz\u0131rland\u0131\u011f\u0131 ifade edilebilir.Kitab\u0131n her b\u00f6l\u00fcm\u00fc, bir felsefi disipline ayr\u0131lm\u0131\u015f ve yazarlar taraf\u0131ndan titizlikle haz\u0131rlanmaya \u00e7al\u0131\u015f\u0131lm\u0131\u015ft\u0131r. Prof. Dr. Hasan Aslan, Prof Dr. Mehmet Sait Re\u00e7ber, Prof Dr. Yasemin I\u015f\u0131kta\u00e7, Prof. Dr. M. Hanifi Macit, Do\u00e7. Dr. G\u00fcncel \u00d6nkal, Do\u00e7. DR. Ahu Tun\u00e7el, Do\u00e7. Dr. Kemal Bak\u0131r, Yrd. Do\u00e7. Dr. Tuncay Sayg\u0131n ve Do\u00e7. Dr. Y\u0131ld\u0131r\u0131m Torun taraf\u0131ndan kaleme al\u0131nan b\u00f6l\u00fcmler, her bir felsefi disiplini, yukar\u0131da ifade edilen temel problemler \u00e7er\u00e7evesinde ele alan b\u00f6l\u00fcmlerdir.<\/p>\n","protected":false},"excerpt":{"rendered":"<p>Felsefeye Giri\u015f ba\u015fl\u0131\u011f\u0131 ta\u015f\u0131yan bu \u00e7al\u0131\u015fma, felsefe tarihi boyunca, filozoflar taraf\u0131ndan ele al\u0131nan konularla ilgili giri\u015f mahiyetinden bilgi verme amac\u0131yla haz\u0131rlanm\u0131\u015f bir \u00e7al\u0131\u015fmad\u0131r. Bu ba\u011flamda, \u00e7al\u0131\u015fma<span class=\"excerpt-hellip\"> [\u2026]<\/span><\/p>\n","protected":false},"featured_media":0,"template":"","meta":{"_monsterinsights_skip_tracking":false,"_monsterinsights_sitenote_active":false,"_monsterinsights_sitenote_note":"","_monsterinsights_sitenote_category":0},"product_brand":[],"product_cat":[12388,14717],"product_tag":[],"class_list":{"0":"post-765508","1":"product","2":"type-product","3":"status-publish","5":"product_cat-felsefe","6":"product_cat-felsefe-tarihi","7":"pa_cilt-ciltsiz","8":"pa_tur-kitap","9":"pa_yayinevi-orion-kitabevi","10":"pa_yazar-yildirim-torun","12":"first","13":"instock","14":"sale","15":"shipping-taxable","16":"purchasable","17":"product-type-simple"},"_links":{"self":[{"href":"https:\/\/roveyayinevi.com.tr\/index.php\/wp-json\/wp\/v2\/product\/765508","targetHints":{"allow":["GET"]}}],"collection":[{"href":"https:\/\/roveyayinevi.com.tr\/index.php\/wp-json\/wp\/v2\/product"}],"about":[{"href":"https:\/\/roveyayinevi.com.tr\/index.php\/wp-json\/wp\/v2\/types\/product"}],"wp:attachment":[{"href":"https:\/\/roveyayinevi.com.tr\/index.php\/wp-json\/wp\/v2\/media?parent=765508"}],"wp:term":[{"taxonomy":"product_brand","embeddable":true,"href":"https:\/\/roveyayinevi.com.tr\/index.php\/wp-json\/wp\/v2\/product_brand?post=765508"},{"taxonomy":"product_cat","embeddable":true,"href":"https:\/\/roveyayinevi.com.tr\/index.php\/wp-json\/wp\/v2\/product_cat?post=765508"},{"taxonomy":"product_tag","embeddable":true,"href":"https:\/\/roveyayinevi.com.tr\/index.php\/wp-json\/wp\/v2\/product_tag?post=765508"}],"curies":[{"name":"wp","href":"https:\/\/api.w.org\/{rel}","templated":true}]}}