{"id":765504,"date":"2025-08-28T11:44:53","date_gmt":"2025-08-28T08:44:53","guid":{"rendered":"https:\/\/roveyayinevi.com.tr\/index.php\/urun\/farsca-dinleme-calismasi\/"},"modified":"2026-04-15T03:31:28","modified_gmt":"2026-04-15T00:31:28","slug":"farsca-dinleme-calismasi","status":"publish","type":"product","link":"https:\/\/roveyayinevi.com.tr\/index.php\/urun\/farsca-dinleme-calismasi\/","title":{"rendered":"Fars\u00e7a Dinleme \u00c7al\u0131\u015fmas\u0131"},"content":{"rendered":"<p>Dr. Ahmad Jabbari (Akademisyen, Yazar, Ara\u015ft\u0131rmac\u0131) 15 sene \u0130ran&#8217;da \u00e7e\u015fitli \u00fcniversitelerde \u00f6\u011fretim g\u00f6revlisi ve \u00fcyesi olarak \u00e7al\u0131\u015ft\u0131. Ayn\u0131 zamanda Sosyoloji b\u00f6l\u00fcm ba\u015fkan\u0131, E\u011fitim b\u00f6l\u00fcm ba\u015fkanl\u0131\u011f\u0131, \u00d6\u011frenci i\u015fleri ba\u015fkanl\u0131\u011f\u0131, Ara\u015ft\u0131rma m\u00fcd\u00fcrl\u00fc\u011f\u00fc ve Rekt\u00f6r yard\u0131mc\u0131l\u0131\u011f\u0131 g\u00f6revlerinde bulundu. \u015eu anda Hacettepe \u00dcniversitesi&#8217;nde ikinci doktoras\u0131n\u0131 okuyup ayn\u0131 zamanda Ankara&#8217;da Fars\u00e7a \u00d6\u011fretim Merkezi&#8217;nde (\u0130ran k\u00fclt\u00fcr m\u00fcste\u015farl\u0131\u011f\u0131) \u00f6\u011fretim g\u00f6revlisi olarak \u00e7al\u0131\u015fmakatad\u0131r. \u0130ran&#8217;da ve T\u00fcrkiye&#8217;de bug\u00fcne kadar 20 kitab\u0131 yay\u0131nlanm\u0131\u015ft\u0131r.<\/p>\n","protected":false},"excerpt":{"rendered":"<p>Dr. Ahmad Jabbari (Akademisyen, Yazar, Ara\u015ft\u0131rmac\u0131) 15 sene \u0130ran&#8217;da \u00e7e\u015fitli \u00fcniversitelerde \u00f6\u011fretim g\u00f6revlisi ve \u00fcyesi olarak \u00e7al\u0131\u015ft\u0131. Ayn\u0131 zamanda Sosyoloji b\u00f6l\u00fcm ba\u015fkan\u0131, E\u011fitim b\u00f6l\u00fcm ba\u015fkanl\u0131\u011f\u0131, \u00d6\u011frenci<span class=\"excerpt-hellip\"> [\u2026]<\/span><\/p>\n","protected":false},"featured_media":0,"template":"","meta":{"_monsterinsights_skip_tracking":false,"_monsterinsights_sitenote_active":false,"_monsterinsights_sitenote_note":"","_monsterinsights_sitenote_category":0},"product_brand":[],"product_cat":[14597,12566],"product_tag":[],"class_list":{"0":"post-765504","1":"product","2":"type-product","3":"status-publish","5":"product_cat-dil-ogrenimi","6":"product_cat-egitim","7":"pa_cilt-ciltsiz","8":"pa_tur-kitap","9":"pa_yayinevi-orion-kitabevi","10":"pa_yazar-ahmad-jabbari","12":"first","13":"instock","14":"sale","15":"shipping-taxable","16":"purchasable","17":"product-type-simple"},"_links":{"self":[{"href":"https:\/\/roveyayinevi.com.tr\/index.php\/wp-json\/wp\/v2\/product\/765504","targetHints":{"allow":["GET"]}}],"collection":[{"href":"https:\/\/roveyayinevi.com.tr\/index.php\/wp-json\/wp\/v2\/product"}],"about":[{"href":"https:\/\/roveyayinevi.com.tr\/index.php\/wp-json\/wp\/v2\/types\/product"}],"wp:attachment":[{"href":"https:\/\/roveyayinevi.com.tr\/index.php\/wp-json\/wp\/v2\/media?parent=765504"}],"wp:term":[{"taxonomy":"product_brand","embeddable":true,"href":"https:\/\/roveyayinevi.com.tr\/index.php\/wp-json\/wp\/v2\/product_brand?post=765504"},{"taxonomy":"product_cat","embeddable":true,"href":"https:\/\/roveyayinevi.com.tr\/index.php\/wp-json\/wp\/v2\/product_cat?post=765504"},{"taxonomy":"product_tag","embeddable":true,"href":"https:\/\/roveyayinevi.com.tr\/index.php\/wp-json\/wp\/v2\/product_tag?post=765504"}],"curies":[{"name":"wp","href":"https:\/\/api.w.org\/{rel}","templated":true}]}}