{"id":765502,"date":"2025-08-28T11:44:51","date_gmt":"2025-08-28T08:44:51","guid":{"rendered":"https:\/\/roveyayinevi.com.tr\/index.php\/urun\/etkin-demokratik-hukuk-devleti\/"},"modified":"2026-04-15T03:31:28","modified_gmt":"2026-04-15T00:31:28","slug":"etkin-demokratik-hukuk-devleti","status":"publish","type":"product","link":"https:\/\/roveyayinevi.com.tr\/index.php\/urun\/etkin-demokratik-hukuk-devleti\/","title":{"rendered":"Etkin Demokratik Hukuk Devleti"},"content":{"rendered":"<p>Bu \u00e7al\u0131\u015fmam\u0131z \u00fclkemizdeki son y\u0131llarda sivil iktidarlar\u0131n toplumsal geli\u015fmelerin gerisinde kalmayarak demokratikle\u015fme yolunda \u00fclkenin \u00f6n\u00fcn\u00fc a\u00e7ma \u00e7abalar\u0131na destek olarak &#8220;evrimci&#8221; de\u011fi\u015fimin s\u00fcrd\u00fcr\u00fclerek &#8220;devrimci&#8221; geli\u015fimlere meydan verilmemesinin temennisi ile kaleme al\u0131nm\u0131\u015ft\u0131r.<\/p>\n","protected":false},"excerpt":{"rendered":"<p>Bu \u00e7al\u0131\u015fmam\u0131z \u00fclkemizdeki son y\u0131llarda sivil iktidarlar\u0131n toplumsal geli\u015fmelerin gerisinde kalmayarak demokratikle\u015fme yolunda \u00fclkenin \u00f6n\u00fcn\u00fc a\u00e7ma \u00e7abalar\u0131na destek olarak &#8220;evrimci&#8221; de\u011fi\u015fimin s\u00fcrd\u00fcr\u00fclerek &#8220;devrimci&#8221; geli\u015fimlere meydan verilmemesinin<span class=\"excerpt-hellip\"> [\u2026]<\/span><\/p>\n","protected":false},"featured_media":0,"template":"","meta":{"_monsterinsights_skip_tracking":false,"_monsterinsights_sitenote_active":false,"_monsterinsights_sitenote_note":"","_monsterinsights_sitenote_category":0},"product_brand":[],"product_cat":[12337,14543],"product_tag":[],"class_list":{"0":"post-765502","1":"product","2":"type-product","3":"status-publish","5":"product_cat-politika-siyaset","6":"product_cat-turkiye-siyaseti-ve-politikasi","7":"pa_cilt-ciltsiz","8":"pa_tur-kitap","9":"pa_yayinevi-orion-kitabevi","10":"pa_yazar-fevzi-demir","12":"first","13":"instock","14":"sale","15":"shipping-taxable","16":"purchasable","17":"product-type-simple"},"_links":{"self":[{"href":"https:\/\/roveyayinevi.com.tr\/index.php\/wp-json\/wp\/v2\/product\/765502","targetHints":{"allow":["GET"]}}],"collection":[{"href":"https:\/\/roveyayinevi.com.tr\/index.php\/wp-json\/wp\/v2\/product"}],"about":[{"href":"https:\/\/roveyayinevi.com.tr\/index.php\/wp-json\/wp\/v2\/types\/product"}],"wp:attachment":[{"href":"https:\/\/roveyayinevi.com.tr\/index.php\/wp-json\/wp\/v2\/media?parent=765502"}],"wp:term":[{"taxonomy":"product_brand","embeddable":true,"href":"https:\/\/roveyayinevi.com.tr\/index.php\/wp-json\/wp\/v2\/product_brand?post=765502"},{"taxonomy":"product_cat","embeddable":true,"href":"https:\/\/roveyayinevi.com.tr\/index.php\/wp-json\/wp\/v2\/product_cat?post=765502"},{"taxonomy":"product_tag","embeddable":true,"href":"https:\/\/roveyayinevi.com.tr\/index.php\/wp-json\/wp\/v2\/product_tag?post=765502"}],"curies":[{"name":"wp","href":"https:\/\/api.w.org\/{rel}","templated":true}]}}