{"id":765499,"date":"2025-08-28T11:44:47","date_gmt":"2025-08-28T08:44:47","guid":{"rendered":"https:\/\/roveyayinevi.com.tr\/index.php\/urun\/ekonomide-ve-siyasette-adil-rekabet\/"},"modified":"2026-04-15T03:31:28","modified_gmt":"2026-04-15T00:31:28","slug":"ekonomide-ve-siyasette-adil-rekabet","status":"publish","type":"product","link":"https:\/\/roveyayinevi.com.tr\/index.php\/urun\/ekonomide-ve-siyasette-adil-rekabet\/","title":{"rendered":"Ekonomide ve Siyasette Adil Rekabet"},"content":{"rendered":"<p>Bu kitapta, g\u00f6stermelik ve me\u015fruiyeti tart\u0131\u015fmal\u0131 bir demokrasi ve piyasa ekonomisi ile me\u015fru ve etkin bir demokrasi ve rekabet\u00e7i piyasa ekonomisi aras\u0131ndaki fark\u0131n nas\u0131l ortaya konulabilece\u011fi sorusuna cevap aranmaktad\u0131r. Bu sorunun cevab\u0131 adil rekabet ve me\u015fruiyet ko\u015fullar\u0131n\u0131n ger\u00e7ekle\u015fme d\u00fczeyi \u00e7er\u00e7evesinde a\u00e7\u0131kl\u0131k kazanacakt\u0131r.Bu kitap ekonomi ve siyasete ilgi duyan herkese hitap etmektedir. Kitap teorik bir \u00e7er\u00e7eveye sahip olmakla birlikte herkesin anlayabilece\u011fi bir \u00fcslupla kaleme al\u0131nm\u0131\u015ft\u0131r. Kullan\u0131lan kavramlar ve incelenen ili\u015fkiler a\u011f\u0131rl\u0131kl\u0131 olarak 2010 sonras\u0131 T\u00fcrkiye \u00f6rne\u011fi esas al\u0131narak somutla\u015ft\u0131r\u0131lmaya \u00e7al\u0131\u015f\u0131lm\u0131\u015ft\u0131r. Kitapta internet yoluyla ula\u015f\u0131labilecek kaynaklara a\u011f\u0131rl\u0131k verilmi\u015ftir. Ayr\u0131ca \u00f6rnek olaylarda gazete haberlerinden de yararlan\u0131lm\u0131\u015ft\u0131r.<\/p>\n","protected":false},"excerpt":{"rendered":"<p>Bu kitapta, g\u00f6stermelik ve me\u015fruiyeti tart\u0131\u015fmal\u0131 bir demokrasi ve piyasa ekonomisi ile me\u015fru ve etkin bir demokrasi ve rekabet\u00e7i piyasa ekonomisi aras\u0131ndaki fark\u0131n nas\u0131l ortaya konulabilece\u011fi<span class=\"excerpt-hellip\"> [\u2026]<\/span><\/p>\n","protected":false},"featured_media":0,"template":"","meta":{"_monsterinsights_skip_tracking":false,"_monsterinsights_sitenote_active":false,"_monsterinsights_sitenote_note":"","_monsterinsights_sitenote_category":0},"product_brand":[],"product_cat":[12337],"product_tag":[],"class_list":{"0":"post-765499","1":"product","2":"type-product","3":"status-publish","5":"product_cat-politika-siyaset","6":"pa_cilt-ciltsiz","7":"pa_tur-kitap","8":"pa_yayinevi-orion-kitabevi","9":"pa_yazar-erdal-turkkan","11":"first","12":"instock","13":"sale","14":"shipping-taxable","15":"purchasable","16":"product-type-simple"},"_links":{"self":[{"href":"https:\/\/roveyayinevi.com.tr\/index.php\/wp-json\/wp\/v2\/product\/765499","targetHints":{"allow":["GET"]}}],"collection":[{"href":"https:\/\/roveyayinevi.com.tr\/index.php\/wp-json\/wp\/v2\/product"}],"about":[{"href":"https:\/\/roveyayinevi.com.tr\/index.php\/wp-json\/wp\/v2\/types\/product"}],"wp:attachment":[{"href":"https:\/\/roveyayinevi.com.tr\/index.php\/wp-json\/wp\/v2\/media?parent=765499"}],"wp:term":[{"taxonomy":"product_brand","embeddable":true,"href":"https:\/\/roveyayinevi.com.tr\/index.php\/wp-json\/wp\/v2\/product_brand?post=765499"},{"taxonomy":"product_cat","embeddable":true,"href":"https:\/\/roveyayinevi.com.tr\/index.php\/wp-json\/wp\/v2\/product_cat?post=765499"},{"taxonomy":"product_tag","embeddable":true,"href":"https:\/\/roveyayinevi.com.tr\/index.php\/wp-json\/wp\/v2\/product_tag?post=765499"}],"curies":[{"name":"wp","href":"https:\/\/api.w.org\/{rel}","templated":true}]}}