{"id":765496,"date":"2025-08-28T11:44:44","date_gmt":"2025-08-28T08:44:44","guid":{"rendered":"https:\/\/roveyayinevi.com.tr\/index.php\/urun\/dunya-iktisat-tarihi\/"},"modified":"2025-10-29T10:45:19","modified_gmt":"2025-10-29T07:45:19","slug":"dunya-iktisat-tarihi","status":"publish","type":"product","link":"https:\/\/roveyayinevi.com.tr\/index.php\/urun\/dunya-iktisat-tarihi\/","title":{"rendered":"D\u00fcnya \u0130ktisat Tarihi"},"content":{"rendered":"<p>\u0130ktisat tarihi \u00f6ncelikle ge\u00e7mi\u015fe vefa g\u00f6stermek ya da ne oldu\u011funa y\u00f6nelik merak\u0131 gidermek gibi psikolojik sebeplerle okunur. Pedagojik a\u00e7\u0131dan \u00f6nemli bir okumad\u0131r; zira ge\u00e7mi\u015fi \u00f6\u011frendi\u011finizde \u201c\u015fimdi\u201d ve \u201cyar\u0131n\u201d\u0131n yan\u0131na \u00fc\u00e7\u00fcnc\u00fc bir boyut katm\u0131\u015f olursunuz. Epistemolojik bir y\u00f6n\u00fc de vard\u0131r; yani \u201c\u015fimdi\u201dyi daha iyi idrak etmek i\u00e7in ge\u00e7mi\u015fi bilmek gerekir. Manip\u00fclasyona mani olmak i\u00e7in de tarih bilmek gerekir, \u00e7\u00fcnk\u00fc ge\u00e7mi\u015fte bo\u015fluklar varsa, ba\u015fkalar\u0131n\u0131n kendi \u00e7\u0131karlar\u0131na olacak \u015fekilde doldurma riski vard\u0131r. Pragmatik ama\u00e7larla tarih okumak yararl\u0131d\u0131r; \u015f\u00f6yle ki mevcut g\u00fcncel bir sorunun bir benzeri ve cevab\u0131 belki de ge\u00e7mi\u015fte mevcuttur. Bir di\u011fer sebep ise pratikle ilgilidir; \u00e7\u00fcnk\u00fc tarihi hikayeler, maceralar, giri\u015fimler, geli\u015fmeler, atalar\u0131m\u0131z\u0131n yapt\u0131klar\u0131, vb. hep cazip sohbet konular\u0131 olagelmi\u015flerdir.Fakat iktisat tarihinin de dahil edilebilece\u011fi teknik tarihler, \u00e7o\u011funlukla s\u0131k\u0131c\u0131 olmak gibi talihsiz bir durumla kar\u015f\u0131 kar\u015f\u0131yad\u0131r. Ancak elinizdeki bu kitap, bu do\u011fas\u0131 itibar\u0131yla s\u0131k\u0131c\u0131 olabilecek bir alan\u0131 son derece ak\u0131c\u0131 ve ilgi \u00e7ekici bir halde sunma ba\u015far\u0131s\u0131 g\u00f6steriyor. Resimler, haritalar, \u00e7izelgeler ve ak\u0131c\u0131 bir anlat\u0131mla, genel iktisat tarihinin, k\u00fcreselle\u015fme tarihinin ve d\u00fcnyadaki geli\u015fmenin tarihinin hem lisans hem de lisans-\u00fcst\u00fc \u00f6\u011frencileri i\u00e7in paha bi\u00e7ilmez, canl\u0131 ve kolayca anla\u015f\u0131labilir bir metni olarak benzerlerinden farkl\u0131 bir yerde duruyor.\u0130lk bas\u0131ld\u0131\u011f\u0131 g\u00fcnden beri hem akademik camiada hem de genel okuyucu nezdinde ilgi \u00e7ekicili\u011fini hep koruyan bu eser, \u00f6zenli bir \u00e7al\u0131\u015fma sonras\u0131nda konuyla ilgili T\u00fcrk\u00e7e okurlar\u0131n\u0131n be\u011fenisine sunuluyor.<\/p>\n","protected":false},"excerpt":{"rendered":"<p>\u0130ktisat tarihi \u00f6ncelikle ge\u00e7mi\u015fe vefa g\u00f6stermek ya da ne oldu\u011funa y\u00f6nelik merak\u0131 gidermek gibi psikolojik sebeplerle okunur. Pedagojik a\u00e7\u0131dan \u00f6nemli bir okumad\u0131r; zira ge\u00e7mi\u015fi \u00f6\u011frendi\u011finizde \u201c\u015fimdi\u201d<span class=\"excerpt-hellip\"> [\u2026]<\/span><\/p>\n","protected":false},"featured_media":0,"template":"","meta":{"_monsterinsights_skip_tracking":false,"_monsterinsights_sitenote_active":false,"_monsterinsights_sitenote_note":"","_monsterinsights_sitenote_category":0},"product_brand":[],"product_cat":[20333,13043],"product_tag":[],"class_list":{"0":"post-765496","1":"product","2":"type-product","3":"status-publish","5":"product_cat-diger-ekonomi","6":"product_cat-ekonomi","7":"pa_cilt-ciltsiz","8":"pa_tur-kitap","9":"pa_yayinevi-orion-kitabevi","10":"pa_yazar-larry-neal","12":"first","13":"instock","14":"sale","15":"shipping-taxable","16":"purchasable","17":"product-type-simple"},"_links":{"self":[{"href":"https:\/\/roveyayinevi.com.tr\/index.php\/wp-json\/wp\/v2\/product\/765496","targetHints":{"allow":["GET"]}}],"collection":[{"href":"https:\/\/roveyayinevi.com.tr\/index.php\/wp-json\/wp\/v2\/product"}],"about":[{"href":"https:\/\/roveyayinevi.com.tr\/index.php\/wp-json\/wp\/v2\/types\/product"}],"wp:attachment":[{"href":"https:\/\/roveyayinevi.com.tr\/index.php\/wp-json\/wp\/v2\/media?parent=765496"}],"wp:term":[{"taxonomy":"product_brand","embeddable":true,"href":"https:\/\/roveyayinevi.com.tr\/index.php\/wp-json\/wp\/v2\/product_brand?post=765496"},{"taxonomy":"product_cat","embeddable":true,"href":"https:\/\/roveyayinevi.com.tr\/index.php\/wp-json\/wp\/v2\/product_cat?post=765496"},{"taxonomy":"product_tag","embeddable":true,"href":"https:\/\/roveyayinevi.com.tr\/index.php\/wp-json\/wp\/v2\/product_tag?post=765496"}],"curies":[{"name":"wp","href":"https:\/\/api.w.org\/{rel}","templated":true}]}}