{"id":765494,"date":"2025-08-28T11:44:41","date_gmt":"2025-08-28T08:44:41","guid":{"rendered":"https:\/\/roveyayinevi.com.tr\/index.php\/urun\/dogal-urunler-kimyasi\/"},"modified":"2026-04-15T03:31:28","modified_gmt":"2026-04-15T00:31:28","slug":"dogal-urunler-kimyasi","status":"publish","type":"product","link":"https:\/\/roveyayinevi.com.tr\/index.php\/urun\/dogal-urunler-kimyasi\/","title":{"rendered":"Do\u011fal \u00dcr\u00fcnler Kimyas\u0131"},"content":{"rendered":"<p>Herkesin bildi\u011fi zorlu sentez ve k\u00fclfetli ay\u0131rma, do\u011fal \u00fcr\u00fcnlerin uygulanabilir ila\u00e7lara d\u00f6n\u00fc\u015f\u00fcm\u00fcndeki zorlu yolculu\u011fun bir par\u00e7as\u0131d\u0131r. Do\u011fadan izole edilen bile\u015fiklerin insan yap\u0131m\u0131 her\u015feyden daha b\u00fcy\u00fcleyici yap\u0131lara, biyolojik profillere ve \u00e7ok daha b\u00fcy\u00fck farmas\u00f6tik potansiyele sahip oldu\u011fu uzun zamand\u0131r bilinmektedir.Do\u011fal \u00dcr\u00fcnler Kimyas\u0131: Kaynaklar, Ayr\u0131mlar ve Yap\u0131lar Kitab\u0131; kaynaklar, ayr\u0131mlar ve do\u011fadan ke\u015ffedilen bir\u00e7ok yeni bile\u015fiklerle elde edilen farmas\u00f6tik ila\u00e7lar i\u00e7in pratik bir el kitab\u0131d\u0131r. Bu kitap kombinatoryal ( b\u00fct\u00fcnle\u015ftirici) kimyadan elde edilenlere k\u0131yasla do\u011fadan elde edilen \u00fcr\u00fcnlerin avantaj ve dezavantajlar\u0131na dikkat \u00e7ekmektedir. K\u0131saca bu kitap, ara\u015ft\u0131rma uygulamalar\u0131 ve end\u00fcstrideki \u00f6rnek uygulamalar taraf\u0131ndan desteklenerek do\u011fadan nihai bile\u015fik haline kadar ki, t\u00fcm d\u00f6ng\u00fcy\u00fc a\u00e7\u0131kl\u0131yor. Kitap \u00e7e\u015fitli kaynaklardan \u00f6rneklerle ve uygulamalarla konuyu geni\u015fletiyor. Do\u011fal \u00fcr\u00fcnler kimyas\u0131, \u00e7o\u011funlukla bitki kimyas\u0131 veya deniz kimyas\u0131ndan \u00f6rneklerle ilgilenirken bunun yans\u0131ra kompleks yap\u0131l\u0131 fermente ( mikrobiyal ve algal ) \u00fcr\u00fcnlerin b\u00fcy\u00fcleyici ve zengin d\u00fcnyas\u0131ndan da \u00f6rnekler veriyor. B\u00f6ylece, kitap mikrobiyal d\u00fcnya ve b\u00f6ceklerden de \u00f6rnekler  i\u00e7eriyor. Bu nedenle, bu kitap biyoaktif metabolitler i\u00e7in bir kaynakt\u0131r ve mevcut geleneksel akademik d\u00fcnyaya de\u011fil daha \u00e7ok farmas\u00f6tik\u0131l end\u00fcstriye hitap etmektedir.Bu kitap, do\u011fal \u00fcr\u00fcnler d\u00fcnyas\u0131na e\u015fsiz bir yakla\u015f\u0131m sa\u011flamakta ve do\u011fadan bile\u015fiklerin toplanmas\u0131, aktif bile\u015fenlerin izolasyonu ve kimyasal yap\u0131lar\u0131n belirlenmesi s\u00fcrecine bir yol haritas\u0131 vermektedir.<\/p>\n","protected":false},"excerpt":{"rendered":"<p>Herkesin bildi\u011fi zorlu sentez ve k\u00fclfetli ay\u0131rma, do\u011fal \u00fcr\u00fcnlerin uygulanabilir ila\u00e7lara d\u00f6n\u00fc\u015f\u00fcm\u00fcndeki zorlu yolculu\u011fun bir par\u00e7as\u0131d\u0131r. Do\u011fadan izole edilen bile\u015fiklerin insan yap\u0131m\u0131 her\u015feyden daha b\u00fcy\u00fcleyici yap\u0131lara,<span class=\"excerpt-hellip\"> [\u2026]<\/span><\/p>\n","protected":false},"featured_media":0,"template":"","meta":{"_monsterinsights_skip_tracking":false,"_monsterinsights_sitenote_active":false,"_monsterinsights_sitenote_note":"","_monsterinsights_sitenote_category":0},"product_brand":[],"product_cat":[12364],"product_tag":[],"class_list":{"0":"post-765494","1":"product","2":"type-product","3":"status-publish","5":"product_cat-genel-konular","6":"pa_cilt-ciltsiz","7":"pa_tur-kitap","8":"pa_yayinevi-orion-kitabevi","9":"pa_yazar-raymond-cooper","11":"first","12":"instock","13":"sale","14":"shipping-taxable","15":"purchasable","16":"product-type-simple"},"_links":{"self":[{"href":"https:\/\/roveyayinevi.com.tr\/index.php\/wp-json\/wp\/v2\/product\/765494","targetHints":{"allow":["GET"]}}],"collection":[{"href":"https:\/\/roveyayinevi.com.tr\/index.php\/wp-json\/wp\/v2\/product"}],"about":[{"href":"https:\/\/roveyayinevi.com.tr\/index.php\/wp-json\/wp\/v2\/types\/product"}],"wp:attachment":[{"href":"https:\/\/roveyayinevi.com.tr\/index.php\/wp-json\/wp\/v2\/media?parent=765494"}],"wp:term":[{"taxonomy":"product_brand","embeddable":true,"href":"https:\/\/roveyayinevi.com.tr\/index.php\/wp-json\/wp\/v2\/product_brand?post=765494"},{"taxonomy":"product_cat","embeddable":true,"href":"https:\/\/roveyayinevi.com.tr\/index.php\/wp-json\/wp\/v2\/product_cat?post=765494"},{"taxonomy":"product_tag","embeddable":true,"href":"https:\/\/roveyayinevi.com.tr\/index.php\/wp-json\/wp\/v2\/product_tag?post=765494"}],"curies":[{"name":"wp","href":"https:\/\/api.w.org\/{rel}","templated":true}]}}