{"id":765493,"date":"2025-08-28T11:44:40","date_gmt":"2025-08-28T08:44:40","guid":{"rendered":"https:\/\/roveyayinevi.com.tr\/index.php\/urun\/din-ve-siyaset-iliskisi\/"},"modified":"2026-04-15T03:31:28","modified_gmt":"2026-04-15T00:31:28","slug":"din-ve-siyaset-iliskisi","status":"publish","type":"product","link":"https:\/\/roveyayinevi.com.tr\/index.php\/urun\/din-ve-siyaset-iliskisi\/","title":{"rendered":"Din ve Siyaset \u0130li\u015fkisi"},"content":{"rendered":"<p>Din-siyaset ili\u015fkisi, siyaset felsefesi tarihinde tart\u0131\u015f\u0131lan konulardan biri olagelmi\u015ftir. Dinin siyasetle olan ili\u015fkisinin nas\u0131l olmas\u0131 gerekti\u011fine ili\u015fkin tart\u0131\u015fmada, \u00f6zellikle Orta\u00e7a\u011f felsefesinde dini merkeze alan siyaset felsefeleriyle kar\u015f\u0131la\u015fmak m\u00fcmk\u00fcnd\u00fcr. Ancak modern d\u00f6neme gelindi\u011finde, din-siyaset ili\u015fkisi, d\u00f6nemin filozoflar\u0131 taraf\u0131ndan tekrar ele al\u0131nm\u0131\u015f ve din-siyaset ili\u015fkisi farkl\u0131 tarzlarda de\u011ferlendirilmi\u015ftir. \u0130\u015fte bu \u00e7al\u0131\u015fmada, \u00f6ncelikle ilk\u00e7a\u011f uygarl\u0131klar\u0131nda, siyasal erkin din ile temellendirilmesi, k\u0131saca ele al\u0131nd\u0131ktan sonra, Orta\u00e7a\u011f H\u0131ristiyan ve \u0130slam d\u00fc\u015f\u00fcncesinde nas\u0131l ele al\u0131nd\u0131\u011f\u0131 incelenmi\u015f, akabinde ise, modern felsefede, din-siyaset ili\u015fkisine y\u00f6nelik ortaya at\u0131lm\u0131\u015f olan ateizm, sek\u00fclerizm ve laisizm\/laiklik anlay\u0131\u015flar\u0131 irdelenmi\u015ftir.<\/p>\n","protected":false},"excerpt":{"rendered":"<p>Din-siyaset ili\u015fkisi, siyaset felsefesi tarihinde tart\u0131\u015f\u0131lan konulardan biri olagelmi\u015ftir. Dinin siyasetle olan ili\u015fkisinin nas\u0131l olmas\u0131 gerekti\u011fine ili\u015fkin tart\u0131\u015fmada, \u00f6zellikle Orta\u00e7a\u011f felsefesinde dini merkeze alan siyaset felsefeleriyle<span class=\"excerpt-hellip\"> [\u2026]<\/span><\/p>\n","protected":false},"featured_media":0,"template":"","meta":{"_monsterinsights_skip_tracking":false,"_monsterinsights_sitenote_active":false,"_monsterinsights_sitenote_note":"","_monsterinsights_sitenote_category":0},"product_brand":[],"product_cat":[12337,14706],"product_tag":[],"class_list":{"0":"post-765493","1":"product","2":"type-product","3":"status-publish","5":"product_cat-politika-siyaset","6":"product_cat-siyaset-bilimi","7":"pa_cilt-ciltsiz","8":"pa_tur-kitap","9":"pa_yayinevi-orion-kitabevi","10":"pa_yazar-yildirim-torun","12":"first","13":"instock","14":"sale","15":"shipping-taxable","16":"purchasable","17":"product-type-simple"},"_links":{"self":[{"href":"https:\/\/roveyayinevi.com.tr\/index.php\/wp-json\/wp\/v2\/product\/765493","targetHints":{"allow":["GET"]}}],"collection":[{"href":"https:\/\/roveyayinevi.com.tr\/index.php\/wp-json\/wp\/v2\/product"}],"about":[{"href":"https:\/\/roveyayinevi.com.tr\/index.php\/wp-json\/wp\/v2\/types\/product"}],"wp:attachment":[{"href":"https:\/\/roveyayinevi.com.tr\/index.php\/wp-json\/wp\/v2\/media?parent=765493"}],"wp:term":[{"taxonomy":"product_brand","embeddable":true,"href":"https:\/\/roveyayinevi.com.tr\/index.php\/wp-json\/wp\/v2\/product_brand?post=765493"},{"taxonomy":"product_cat","embeddable":true,"href":"https:\/\/roveyayinevi.com.tr\/index.php\/wp-json\/wp\/v2\/product_cat?post=765493"},{"taxonomy":"product_tag","embeddable":true,"href":"https:\/\/roveyayinevi.com.tr\/index.php\/wp-json\/wp\/v2\/product_tag?post=765493"}],"curies":[{"name":"wp","href":"https:\/\/api.w.org\/{rel}","templated":true}]}}