{"id":765492,"date":"2025-08-28T11:44:39","date_gmt":"2025-08-28T08:44:39","guid":{"rendered":"https:\/\/roveyayinevi.com.tr\/index.php\/urun\/dijital-cagda-ogrenen-organizasyonlar\/"},"modified":"2026-04-15T03:31:28","modified_gmt":"2026-04-15T00:31:28","slug":"dijital-cagda-ogrenen-organizasyonlar","status":"publish","type":"product","link":"https:\/\/roveyayinevi.com.tr\/index.php\/urun\/dijital-cagda-ogrenen-organizasyonlar\/","title":{"rendered":"Dijital \u00c7a\u011fda \u00d6\u011frenen Organizasyonlar"},"content":{"rendered":"<p>\u0130\u00e7inde bulundu\u011fumuz bilgi \u00e7a\u011f\u0131nda, bilgi i\u015fletmeler a\u00e7\u0131s\u0131ndan en \u00f6nemli sermaye haline gelmeye ba\u015flam\u0131\u015ft\u0131r. G\u00fcn\u00fcm\u00fcz geleneksel organizasyon yap\u0131lar\u0131 ve y\u00f6ntemleri i\u015fletmeleri gelece\u011fe haz\u0131rlamak konusunda yetersiz kalmaktad\u0131r. Dolay\u0131s\u0131yla, organizasyonlar\u0131n elinde biriken verilerin i\u015flenerek bilgiye d\u00f6n\u00fc\u015ft\u00fcrebilmesi gerekmektedir. Di\u011fer taraftan bu bilgilerin Henry Ford\u2019un 1926 y\u0131l\u0131nda yay\u0131mlad\u0131\u011f\u0131 My life and work adl\u0131 kitab\u0131nda dile getirdi\u011fi gibi Toplam Kalite Y\u00f6netimine girdi sa\u011flayabilmesi \u0130\u015fletmenin ait oldu\u011fu sistemde verimlili\u011finin artmas\u0131n\u0131 sa\u011flamak a\u00e7\u0131s\u0131ndan \u00f6nemlidir. Bu sebeple, Dr. \u0130brahim Ha\u015fim \u0130nal, bu eserde \u00f6\u011frenen \u00f6rg\u00fctler, liderlik tipleri ile ili\u015fkileri, \u00f6znel iyi olu\u015f ve  verinin i\u015flenmesinin g\u00fcn\u00fcm\u00fczdeki \u00f6nemli bir \u00f6\u011fesi haline gelen  yapay zeka ile olan ili\u015fkisini incelemi\u015f, gelece\u011fin tak\u0131mlar\u0131 ve gelece\u011fin y\u00f6neticileri olan Z ku\u015fa\u011f\u0131na y\u00f6nelik \u00e7\u0131kar\u0131mlarda bulunmu\u015f, okuyucunun faydalan\u0131m\u0131n\u0131n maksimize edilmesi i\u00e7in kolay okunur bir dil tercih etmi\u015ftir.<\/p>\n","protected":false},"excerpt":{"rendered":"<p>\u0130\u00e7inde bulundu\u011fumuz bilgi \u00e7a\u011f\u0131nda, bilgi i\u015fletmeler a\u00e7\u0131s\u0131ndan en \u00f6nemli sermaye haline gelmeye ba\u015flam\u0131\u015ft\u0131r. G\u00fcn\u00fcm\u00fcz geleneksel organizasyon yap\u0131lar\u0131 ve y\u00f6ntemleri i\u015fletmeleri gelece\u011fe haz\u0131rlamak konusunda yetersiz kalmaktad\u0131r. Dolay\u0131s\u0131yla,<span class=\"excerpt-hellip\"> [\u2026]<\/span><\/p>\n","protected":false},"featured_media":0,"template":"","meta":{"_monsterinsights_skip_tracking":false,"_monsterinsights_sitenote_active":false,"_monsterinsights_sitenote_note":"","_monsterinsights_sitenote_category":0},"product_brand":[],"product_cat":[22061,13488],"product_tag":[],"class_list":{"0":"post-765492","1":"product","2":"type-product","3":"status-publish","5":"product_cat-sosyal-medya-ve-iletisim","6":"product_cat-toplum-ve-insan","7":"pa_cilt-ciltsiz","8":"pa_tur-kitap","9":"pa_yayinevi-orion-kitabevi","10":"pa_yazar-ibrahim-hasim-inal","12":"first","13":"instock","14":"sale","15":"shipping-taxable","16":"purchasable","17":"product-type-simple"},"_links":{"self":[{"href":"https:\/\/roveyayinevi.com.tr\/index.php\/wp-json\/wp\/v2\/product\/765492","targetHints":{"allow":["GET"]}}],"collection":[{"href":"https:\/\/roveyayinevi.com.tr\/index.php\/wp-json\/wp\/v2\/product"}],"about":[{"href":"https:\/\/roveyayinevi.com.tr\/index.php\/wp-json\/wp\/v2\/types\/product"}],"wp:attachment":[{"href":"https:\/\/roveyayinevi.com.tr\/index.php\/wp-json\/wp\/v2\/media?parent=765492"}],"wp:term":[{"taxonomy":"product_brand","embeddable":true,"href":"https:\/\/roveyayinevi.com.tr\/index.php\/wp-json\/wp\/v2\/product_brand?post=765492"},{"taxonomy":"product_cat","embeddable":true,"href":"https:\/\/roveyayinevi.com.tr\/index.php\/wp-json\/wp\/v2\/product_cat?post=765492"},{"taxonomy":"product_tag","embeddable":true,"href":"https:\/\/roveyayinevi.com.tr\/index.php\/wp-json\/wp\/v2\/product_tag?post=765492"}],"curies":[{"name":"wp","href":"https:\/\/api.w.org\/{rel}","templated":true}]}}