{"id":765491,"date":"2025-08-28T11:44:38","date_gmt":"2025-08-28T08:44:38","guid":{"rendered":"https:\/\/roveyayinevi.com.tr\/index.php\/urun\/dijital-cagda-birey-ve-toplum\/"},"modified":"2025-11-07T10:52:48","modified_gmt":"2025-11-07T07:52:48","slug":"dijital-cagda-birey-ve-toplum","status":"publish","type":"product","link":"https:\/\/roveyayinevi.com.tr\/index.php\/urun\/dijital-cagda-birey-ve-toplum\/","title":{"rendered":"Dijital \u00c7a\u011fda Birey ve Toplum"},"content":{"rendered":"<p>Kapsam\u0131 ve niteli\u011fi ba\u015f d\u00f6nd\u00fcr\u00fcc\u00fc bir h\u0131zla geli\u015fen ileti\u015fim teknolojileri, bireysel ve toplumsal hayatlar\u0131 son derece h\u0131zl\u0131 ve radikal \u015fekilde de\u011fi\u015fikli\u011fe u\u011fratt\u0131 ve u\u011fratmaya devam ediyor. Elbette ki her ileti\u015fim arac\u0131n\u0131n bireysel ve toplumsal hayatlar\u0131 de\u011fi\u015ftirme g\u00fcc\u00fc ayn\u0131 de\u011fil. \u00d6rne\u011fin geleneksel kitle ileti\u015fim ara\u00e7lar\u0131 i\u00e7erisinde televizyonun de\u011fi\u015ftirme g\u00fcc\u00fcn\u00fcn gazete, telgraf, sinema, radyo gibi di\u011fer baz\u0131 geleneksel ileti\u015fim ara\u00e7lar\u0131na oranla olduk\u00e7a y\u00fcksek oldu\u011fu bireysel deneyimlerle dahi kolayl\u0131kla bilinen bir husustur. Bug\u00fcne geldi\u011fimizde, g\u00fcn\u00fcm\u00fcz\u00fcn en yayg\u0131n ileti\u015fim ara\u00e7lar\u0131ndan birisi durumundaki dijital medya ve bu ba\u011flamda sosyal medya bireylerin ve toplumlar\u0131n d\u00fc\u015f\u00fcnce ve hayatlar\u0131nda hem anlam\u0131yla hem de i\u015flevleriyle ayr\u0131cal\u0131kl\u0131 bir \u00f6nem kazanm\u0131\u015f bulunuyor. Hemen her ya\u015f grubu taraf\u0131ndan kullan\u0131lan sosyal medya, t\u00fcm dijital platformlar\u0131 kapsayan bir tan\u0131m olarak kullan\u0131ld\u0131\u011f\u0131 kadar, belirli sosyal a\u011f siteleri i\u00e7in de kullan\u0131lmaktad\u0131r. Sosyal a\u011flar, bloglar, mikro bloglar, anl\u0131k mesajla\u015fma programlar\u0131, sohbet siteleri, forumlar gibi insanlar\u0131n birbiriyle i\u00e7erik ve bilgi payla\u015fmas\u0131n\u0131 sa\u011flayan internet siteleri ve uygulamalar sayesinde dijital medya kullan\u0131c\u0131lar\u0131 arad\u0131klar\u0131 ve ilgilendikleri i\u00e7eriklere ula\u015fma imkan\u0131na kavu\u015fmaktad\u0131rlar. Sosyal medya, k\u00fcreselle\u015fen d\u00fcnyan\u0131n yeni ileti\u015fim dillerinden birisi ve en \u00f6nemlisidir. Sosyal medya, k\u00fcreselle\u015fmeyle birlikte olu\u015fan her \u015feyin i\u00e7e girdi\u011fi, her \u015feyin bir arada bulundu\u011fu d\u00fcnyan\u0131n bir ileti\u015fim mecras\u0131d\u0131r. Hatta bir\u00e7ok bak\u0131mdan k\u00fcreselle\u015fmenin bizzat kendisidir. Sosyal medya kendi eti\u011fini, dilini, kurallar\u0131n\u0131, ilkelerini, davran\u0131\u015f kal\u0131plar\u0131n\u0131, rit\u00fcellerini olu\u015fturmu\u015f ve t\u00fcm bu \u00f6zellikleriyle de yeni bir hayat tarz\u0131, bak\u0131\u015f a\u00e7\u0131s\u0131, de\u011ferler sistemi haline gelmi\u015ftir.<\/p>\n","protected":false},"excerpt":{"rendered":"<p>Kapsam\u0131 ve niteli\u011fi ba\u015f d\u00f6nd\u00fcr\u00fcc\u00fc bir h\u0131zla geli\u015fen ileti\u015fim teknolojileri, bireysel ve toplumsal hayatlar\u0131 son derece h\u0131zl\u0131 ve radikal \u015fekilde de\u011fi\u015fikli\u011fe u\u011fratt\u0131 ve u\u011fratmaya devam ediyor.<span class=\"excerpt-hellip\"> [\u2026]<\/span><\/p>\n","protected":false},"featured_media":0,"template":"","meta":{"_monsterinsights_skip_tracking":false,"_monsterinsights_sitenote_active":false,"_monsterinsights_sitenote_note":"","_monsterinsights_sitenote_category":0},"product_brand":[],"product_cat":[22061,13488],"product_tag":[],"class_list":{"0":"post-765491","1":"product","2":"type-product","3":"status-publish","5":"product_cat-sosyal-medya-ve-iletisim","6":"product_cat-toplum-ve-insan","7":"pa_cilt-ciltsiz","8":"pa_tur-kitap","9":"pa_yayinevi-orion-kitabevi","10":"pa_yazar-saniye-vatandas","12":"first","13":"instock","14":"sale","15":"shipping-taxable","16":"purchasable","17":"product-type-simple"},"_links":{"self":[{"href":"https:\/\/roveyayinevi.com.tr\/index.php\/wp-json\/wp\/v2\/product\/765491","targetHints":{"allow":["GET"]}}],"collection":[{"href":"https:\/\/roveyayinevi.com.tr\/index.php\/wp-json\/wp\/v2\/product"}],"about":[{"href":"https:\/\/roveyayinevi.com.tr\/index.php\/wp-json\/wp\/v2\/types\/product"}],"wp:attachment":[{"href":"https:\/\/roveyayinevi.com.tr\/index.php\/wp-json\/wp\/v2\/media?parent=765491"}],"wp:term":[{"taxonomy":"product_brand","embeddable":true,"href":"https:\/\/roveyayinevi.com.tr\/index.php\/wp-json\/wp\/v2\/product_brand?post=765491"},{"taxonomy":"product_cat","embeddable":true,"href":"https:\/\/roveyayinevi.com.tr\/index.php\/wp-json\/wp\/v2\/product_cat?post=765491"},{"taxonomy":"product_tag","embeddable":true,"href":"https:\/\/roveyayinevi.com.tr\/index.php\/wp-json\/wp\/v2\/product_tag?post=765491"}],"curies":[{"name":"wp","href":"https:\/\/api.w.org\/{rel}","templated":true}]}}