{"id":765490,"date":"2025-08-28T11:44:37","date_gmt":"2025-08-28T08:44:37","guid":{"rendered":"https:\/\/roveyayinevi.com.tr\/index.php\/urun\/diferansiyel-denklemler-ve-fark-denklemleri\/"},"modified":"2026-04-15T03:31:28","modified_gmt":"2026-04-15T00:31:28","slug":"diferansiyel-denklemler-ve-fark-denklemleri","status":"publish","type":"product","link":"https:\/\/roveyayinevi.com.tr\/index.php\/urun\/diferansiyel-denklemler-ve-fark-denklemleri\/","title":{"rendered":"Diferansiyel Denklemler ve Fark Denklemleri"},"content":{"rendered":"<p>Bu kitap, dinamik analizin temel sezgisini, bir nevi alfabesini vermeyi ama\u00e7lamaktad\u0131r. Sosyal ve say\u0131sal disiplinlerde ileri matemati\u011fin kullan\u0131ld\u0131\u011f\u0131 modelleri ve algoritmalar\u0131, \u00fczerinde d\u00fc\u015f\u00fcnce \u00fcretmek kayd\u0131yla, bu alfabe \u00fczerinden rahatl\u0131kla anlayabilirsiniz.Kitapta sorular\u0131n \u00e7\u00f6z\u00fcmlerinde, meselelerin temel kurgusu, bulmaca odakl\u0131 ve sistematik verilmektedir. Bu noktada kitap, s\u0131radan bir soru-cevap kitab\u0131 de\u011fildir. Kitapta bulunan sorular ve \u00e7\u00f6z\u00fcmlerinin tamam\u0131, yazarlar taraf\u0131ndan \u00fcretilmi\u015ftir.<\/p>\n","protected":false},"excerpt":{"rendered":"<p>Bu kitap, dinamik analizin temel sezgisini, bir nevi alfabesini vermeyi ama\u00e7lamaktad\u0131r. Sosyal ve say\u0131sal disiplinlerde ileri matemati\u011fin kullan\u0131ld\u0131\u011f\u0131 modelleri ve algoritmalar\u0131, \u00fczerinde d\u00fc\u015f\u00fcnce \u00fcretmek kayd\u0131yla, bu<span class=\"excerpt-hellip\"> [\u2026]<\/span><\/p>\n","protected":false},"featured_media":0,"template":"","meta":{"_monsterinsights_skip_tracking":false,"_monsterinsights_sitenote_active":false,"_monsterinsights_sitenote_note":"","_monsterinsights_sitenote_category":0},"product_brand":[],"product_cat":[13005,16724],"product_tag":[],"class_list":{"0":"post-765490","1":"product","2":"type-product","3":"status-publish","5":"product_cat-bilim-muhendislik","6":"product_cat-matematik","7":"pa_cilt-ciltsiz","8":"pa_tur-kitap","9":"pa_yayinevi-orion-kitabevi","10":"pa_yazar-unsal-ozan-kahraman","12":"first","13":"instock","14":"sale","15":"shipping-taxable","16":"purchasable","17":"product-type-simple"},"_links":{"self":[{"href":"https:\/\/roveyayinevi.com.tr\/index.php\/wp-json\/wp\/v2\/product\/765490","targetHints":{"allow":["GET"]}}],"collection":[{"href":"https:\/\/roveyayinevi.com.tr\/index.php\/wp-json\/wp\/v2\/product"}],"about":[{"href":"https:\/\/roveyayinevi.com.tr\/index.php\/wp-json\/wp\/v2\/types\/product"}],"wp:attachment":[{"href":"https:\/\/roveyayinevi.com.tr\/index.php\/wp-json\/wp\/v2\/media?parent=765490"}],"wp:term":[{"taxonomy":"product_brand","embeddable":true,"href":"https:\/\/roveyayinevi.com.tr\/index.php\/wp-json\/wp\/v2\/product_brand?post=765490"},{"taxonomy":"product_cat","embeddable":true,"href":"https:\/\/roveyayinevi.com.tr\/index.php\/wp-json\/wp\/v2\/product_cat?post=765490"},{"taxonomy":"product_tag","embeddable":true,"href":"https:\/\/roveyayinevi.com.tr\/index.php\/wp-json\/wp\/v2\/product_tag?post=765490"}],"curies":[{"name":"wp","href":"https:\/\/api.w.org\/{rel}","templated":true}]}}