{"id":765489,"date":"2025-08-28T11:44:35","date_gmt":"2025-08-28T08:44:35","guid":{"rendered":"https:\/\/roveyayinevi.com.tr\/index.php\/urun\/dis-ticarette-denge-oyunu-stra-trajik-senaryo-ve-aktorleri\/"},"modified":"2026-04-15T03:31:28","modified_gmt":"2026-04-15T00:31:28","slug":"dis-ticarette-denge-oyunu-stra-trajik-senaryo-ve-aktorleri","status":"publish","type":"product","link":"https:\/\/roveyayinevi.com.tr\/index.php\/urun\/dis-ticarette-denge-oyunu-stra-trajik-senaryo-ve-aktorleri\/","title":{"rendered":"D\u0131\u015f Ticarette Denge Oyunu: Stra &#8211; Trajik Senaryo ve Akt\u00f6rleri"},"content":{"rendered":"<p>K\u00fcresel krizle birlikte d\u0131\u015f ticaret ve b\u00fct\u00e7e a\u00e7\u0131\u011f\u0131 gibi ciddi ekonomik sorunlarla kar\u015f\u0131 kar\u015f\u0131ya kalan A.B.D. en b\u00fcy\u00fck ticaret orta\u011f\u0131 \u00c7in\u2019e kar\u015f\u0131 korumac\u0131 bir ticari politika s\u00fcrd\u00fcrmekte, \u00c7in\u2019de buna kar\u015f\u0131 misillemeye gitmektedir. Konunun g\u00fcncelli\u011fi ve d\u00fcnya ekonomisinde d\u0131\u015f ticaretin seyrinin analiz edilmesi ad\u0131na, kitab\u0131n uluslar aras\u0131 iktisat ve b\u00fcy\u00fcme literat\u00fcr\u00fcne yararl\u0131 bir kaynak olmas\u0131 \u00fcmidiyle\u2026<\/p>\n","protected":false},"excerpt":{"rendered":"<p>K\u00fcresel krizle birlikte d\u0131\u015f ticaret ve b\u00fct\u00e7e a\u00e7\u0131\u011f\u0131 gibi ciddi ekonomik sorunlarla kar\u015f\u0131 kar\u015f\u0131ya kalan A.B.D. en b\u00fcy\u00fck ticaret orta\u011f\u0131 \u00c7in\u2019e kar\u015f\u0131 korumac\u0131 bir ticari politika<span class=\"excerpt-hellip\"> [\u2026]<\/span><\/p>\n","protected":false},"featured_media":0,"template":"","meta":{"_monsterinsights_skip_tracking":false,"_monsterinsights_sitenote_active":false,"_monsterinsights_sitenote_note":"","_monsterinsights_sitenote_category":0},"product_brand":[],"product_cat":[13043],"product_tag":[],"class_list":{"0":"post-765489","1":"product","2":"type-product","3":"status-publish","5":"product_cat-ekonomi","6":"pa_cilt-ciltsiz","7":"pa_tur-kitap","8":"pa_yayinevi-orion-kitabevi","9":"pa_yazar-fatih-mangir","11":"first","12":"instock","13":"sale","14":"shipping-taxable","15":"purchasable","16":"product-type-simple"},"_links":{"self":[{"href":"https:\/\/roveyayinevi.com.tr\/index.php\/wp-json\/wp\/v2\/product\/765489","targetHints":{"allow":["GET"]}}],"collection":[{"href":"https:\/\/roveyayinevi.com.tr\/index.php\/wp-json\/wp\/v2\/product"}],"about":[{"href":"https:\/\/roveyayinevi.com.tr\/index.php\/wp-json\/wp\/v2\/types\/product"}],"wp:attachment":[{"href":"https:\/\/roveyayinevi.com.tr\/index.php\/wp-json\/wp\/v2\/media?parent=765489"}],"wp:term":[{"taxonomy":"product_brand","embeddable":true,"href":"https:\/\/roveyayinevi.com.tr\/index.php\/wp-json\/wp\/v2\/product_brand?post=765489"},{"taxonomy":"product_cat","embeddable":true,"href":"https:\/\/roveyayinevi.com.tr\/index.php\/wp-json\/wp\/v2\/product_cat?post=765489"},{"taxonomy":"product_tag","embeddable":true,"href":"https:\/\/roveyayinevi.com.tr\/index.php\/wp-json\/wp\/v2\/product_tag?post=765489"}],"curies":[{"name":"wp","href":"https:\/\/api.w.org\/{rel}","templated":true}]}}