{"id":765488,"date":"2025-08-28T11:44:34","date_gmt":"2025-08-28T08:44:34","guid":{"rendered":"https:\/\/roveyayinevi.com.tr\/index.php\/urun\/devlet-destekleri-cilt-2\/"},"modified":"2026-04-15T03:31:28","modified_gmt":"2026-04-15T00:31:28","slug":"devlet-destekleri-cilt-2","status":"publish","type":"product","link":"https:\/\/roveyayinevi.com.tr\/index.php\/urun\/devlet-destekleri-cilt-2\/","title":{"rendered":"Devlet Destekleri Cilt-2"},"content":{"rendered":"<p>Elinizde bulunan bu \u00e7al\u0131\u015fmada \u00fclkemizde kurum ve kurulu\u015flar\u0131m\u0131z taraf\u0131ndan sunulan t\u00fcm devlet destekleri g\u00fcncel haliyle ilgili mevzuatlar\u0131 titizlikle ve kapsaml\u0131ca incelenerek, mevzuattan ar\u0131nd\u0131r\u0131lm\u0131\u015f, a\u00e7\u0131k ve anla\u015f\u0131l\u0131r \u015fekilde haz\u0131rlanm\u0131\u015ft\u0131r.S\u00f6z konusu devlet destekleri d\u00f6rt cilt halinde yay\u0131mlanm\u0131\u015f olup;Cilt-l&#8217;de; T.C. Sanayi ve Teknoloji Bakanl\u0131\u011f\u0131 Destek Programlar\u0131, T.C. Ticaret Bakanl\u0131\u011f\u0131 Destek Programlar\u0131, T\u00fcrkiye Esnaf ve Sanatkarlar Kredi ve Kefalet Kooperatifleri Birlikleri Merkez Birli\u011fi (TESKOMB) Destek Programlar\u0131).Cilt-2&#8217;de; T.C. Tar\u0131m ve Orman Bakanl\u0131\u011f\u0131 Destek Programlar\u0131, T.C. Hazine ve Maliye Bakanl\u0131\u011f\u0131 Destek Programlar\u0131.Cilt-3&#8217;te; T.C. K\u00fclt\u00fcr ve Turizm Bakanl\u0131\u011f\u0131 Destek Programlar\u0131, T.C. \u0130\u00e7i\u015fleri Bakanl\u0131\u011f\u0131 Destek Programlar\u0131, T\u00fcrkiye Bilimsel ve Teknolojik Ara\u015ft\u0131rma Kurumu (T\u00dcB\u0130TAK) Destek Programlar\u0131, T\u00fcrkiye Teknoloji Geli\u015ftirme Vakf\u0131 (TTGV) Destek Programlar\u0131.Cilt-4&#8217;te; T.C. Enerji ve Tabii Kaynaklar Bakanl\u0131\u011f\u0131 Destek Programlar\u0131, T.C. \u00c7evre ve \u015eehircilik Bakanl\u0131\u011f\u0131 Destek Programlar\u0131, T.C. Aile ve Sosyal Hizmetler Bakanl\u0131\u011f\u0131 Destek Programlar\u0131, T.C. \u00c7al\u0131\u015fma ve Sosyal G\u00fcvenlik Bakanl\u0131\u011f\u0131 Destek Programlar\u0131, T.C. Ula\u015ft\u0131rma ve Altyap\u0131 Bakanl\u0131\u011f\u0131 Destek Programlar\u0131, T.C. Sa\u011fl\u0131k Bakanl\u0131\u011f\u0131 Destek Programlar\u0131, T.C. Gen\u00e7lik ve Spor Bakanl\u0131\u011f\u0131 Destek Programlar\u0131, K\u00fc\u00e7\u00fck ve Orta \u00d6l\u00e7ekli \u0130\u015fletmeleri Geli\u015ftirme ve Destekleme \u0130daresi Ba\u015fkanl\u0131\u011f\u0131 (KOSGEB) Destek Programlar\u0131, Avrupa Birli\u011fi (Birlik Programlar\u0131) Destek Programlar\u0131, Kredi Garanti Fonu (KGF) Destek Programlar\u0131, Y\u00fcksek\u00f6gretim Kurulu (Y\u00d6K) Destek Programlar\u0131 taraf\u0131ndan sunulan desteklere yer verilmi\u015ftir.\u00dclkemizde devlet destekleri ile ilgili olarak yay\u0131mlanan tek ve en kapsaml\u0131 \u00e7al\u0131\u015fma olan bu kitap; ba\u015fta KOB\u0130&#8217;lerimiz olmak \u00fczere, b\u00fcy\u00fck i\u015fletmelerimize, giri\u015fimcilerimize, sanayicilerimize, \u00e7ift\u00e7ilerimize, turizmcilerimize, akademisyenlerimize, yerli ve yabanc\u0131 yat\u0131r\u0131mc\u0131lar\u0131m\u0131za, esnaf ve sanatkarlar\u0131m\u0131za, hibe ve te\u015fvik konular\u0131 ile i\u015ftigal eden i\u015f d\u00fcnyas\u0131na bir ba\u015fvuru kayna\u011f\u0131 olarak sunulmu\u015ftur.<\/p>\n","protected":false},"excerpt":{"rendered":"<p>Elinizde bulunan bu \u00e7al\u0131\u015fmada \u00fclkemizde kurum ve kurulu\u015flar\u0131m\u0131z taraf\u0131ndan sunulan t\u00fcm devlet destekleri g\u00fcncel haliyle ilgili mevzuatlar\u0131 titizlikle ve kapsaml\u0131ca incelenerek, mevzuattan ar\u0131nd\u0131r\u0131lm\u0131\u015f, a\u00e7\u0131k ve anla\u015f\u0131l\u0131r<span class=\"excerpt-hellip\"> [\u2026]<\/span><\/p>\n","protected":false},"featured_media":0,"template":"","meta":{"_monsterinsights_skip_tracking":false,"_monsterinsights_sitenote_active":false,"_monsterinsights_sitenote_note":"","_monsterinsights_sitenote_category":0},"product_brand":[],"product_cat":[20333,13043],"product_tag":[],"class_list":{"0":"post-765488","1":"product","2":"type-product","3":"status-publish","5":"product_cat-diger-ekonomi","6":"product_cat-ekonomi","7":"pa_cilt-ciltsiz","8":"pa_tur-kitap","9":"pa_yayinevi-orion-kitabevi","10":"pa_yazar-cagan-cem-gezici","12":"first","13":"instock","14":"sale","15":"shipping-taxable","16":"purchasable","17":"product-type-simple"},"_links":{"self":[{"href":"https:\/\/roveyayinevi.com.tr\/index.php\/wp-json\/wp\/v2\/product\/765488","targetHints":{"allow":["GET"]}}],"collection":[{"href":"https:\/\/roveyayinevi.com.tr\/index.php\/wp-json\/wp\/v2\/product"}],"about":[{"href":"https:\/\/roveyayinevi.com.tr\/index.php\/wp-json\/wp\/v2\/types\/product"}],"wp:attachment":[{"href":"https:\/\/roveyayinevi.com.tr\/index.php\/wp-json\/wp\/v2\/media?parent=765488"}],"wp:term":[{"taxonomy":"product_brand","embeddable":true,"href":"https:\/\/roveyayinevi.com.tr\/index.php\/wp-json\/wp\/v2\/product_brand?post=765488"},{"taxonomy":"product_cat","embeddable":true,"href":"https:\/\/roveyayinevi.com.tr\/index.php\/wp-json\/wp\/v2\/product_cat?post=765488"},{"taxonomy":"product_tag","embeddable":true,"href":"https:\/\/roveyayinevi.com.tr\/index.php\/wp-json\/wp\/v2\/product_tag?post=765488"}],"curies":[{"name":"wp","href":"https:\/\/api.w.org\/{rel}","templated":true}]}}