{"id":765486,"date":"2025-08-28T11:44:32","date_gmt":"2025-08-28T08:44:32","guid":{"rendered":"https:\/\/roveyayinevi.com.tr\/index.php\/urun\/demokrasi-elestirisi-ve-demarsi\/"},"modified":"2026-04-15T03:31:28","modified_gmt":"2026-04-15T00:31:28","slug":"demokrasi-elestirisi-ve-demarsi","status":"publish","type":"product","link":"https:\/\/roveyayinevi.com.tr\/index.php\/urun\/demokrasi-elestirisi-ve-demarsi\/","title":{"rendered":"Demokrasi Ele\u015ftirisi ve Demar\u015fi"},"content":{"rendered":"<p>Despotizm ve tiranl\u0131k rejimleri hak ve \u00f6zg\u00fcrl\u00fcklerin ac\u0131mas\u0131zca ihlal edildi\u011fi zorbal\u0131k rejimleridir.Demokrasi ise me\u015fruiyetini eksik bir milli irade retori\u011fine da-yand\u0131rarak se\u00e7imle gelen bir despotizme pekala d\u00f6n\u00fc\u015febilir. Demokrasi teorisinin en b\u00fcy\u00fck yanl\u0131\u015f\u0131 iktidar\u0131n me\u015fruiyetini millet iradesine ba\u011flamas\u0131 ve buradan hareketle g\u00fc\u00e7 ve yetkilerin istismar\u0131 ve suiistimalidir.Despotizm, k\u0131rba\u00e7la y\u00f6netir. Demokrasi ise yular\u0131 millete; dizginleri ise milletin vekillerinin (ve onun arka bah\u00e7esindeki pl\u00fctokrasinin) eline b\u0131rak\u0131r.Demar\u015fi; ne millet iradesine g\u00fcvenir ne de at\u0131n s\u0131rt\u0131ndaki biniciye. Demar\u015fi, s\u0131n\u0131rs\u0131z ve keyfi devlete gem vuracak olan kurallar ve kurumlar rejimidir. Demar\u015fi, dizginleri iktidar\u0131n eline b\u0131rakmaz; dizginleri \u00e7eker, kontrol eder.&#8221;K\u0131rbac\u0131 az kullan o\u011flum, dizginlere daha s\u0131k\u0131 as\u0131l&#8221; Parce, puer, stimulis, et fortius utere loris. Ovidius&#8221;Millet yular\u0131n\u0131 s\u00fcrekli olarak ba\u015fkalar\u0131na m\u0131 verecektir?&#8221;Frederic Bastiat<\/p>\n","protected":false},"excerpt":{"rendered":"<p>Despotizm ve tiranl\u0131k rejimleri hak ve \u00f6zg\u00fcrl\u00fcklerin ac\u0131mas\u0131zca ihlal edildi\u011fi zorbal\u0131k rejimleridir.Demokrasi ise me\u015fruiyetini eksik bir milli irade retori\u011fine da-yand\u0131rarak se\u00e7imle gelen bir despotizme pekala d\u00f6n\u00fc\u015febilir.<span class=\"excerpt-hellip\"> [\u2026]<\/span><\/p>\n","protected":false},"featured_media":0,"template":"","meta":{"_monsterinsights_skip_tracking":false,"_monsterinsights_sitenote_active":false,"_monsterinsights_sitenote_note":"","_monsterinsights_sitenote_category":0},"product_brand":[],"product_cat":[13059,12337],"product_tag":[],"class_list":{"0":"post-765486","1":"product","2":"type-product","3":"status-publish","5":"product_cat-diger-politika-siyaset","6":"product_cat-politika-siyaset","7":"pa_cilt-ciltsiz","8":"pa_tur-kitap","9":"pa_yayinevi-orion-kitabevi","10":"pa_yazar-coskun-can-aktan","12":"first","13":"instock","14":"sale","15":"shipping-taxable","16":"purchasable","17":"product-type-simple"},"_links":{"self":[{"href":"https:\/\/roveyayinevi.com.tr\/index.php\/wp-json\/wp\/v2\/product\/765486","targetHints":{"allow":["GET"]}}],"collection":[{"href":"https:\/\/roveyayinevi.com.tr\/index.php\/wp-json\/wp\/v2\/product"}],"about":[{"href":"https:\/\/roveyayinevi.com.tr\/index.php\/wp-json\/wp\/v2\/types\/product"}],"wp:attachment":[{"href":"https:\/\/roveyayinevi.com.tr\/index.php\/wp-json\/wp\/v2\/media?parent=765486"}],"wp:term":[{"taxonomy":"product_brand","embeddable":true,"href":"https:\/\/roveyayinevi.com.tr\/index.php\/wp-json\/wp\/v2\/product_brand?post=765486"},{"taxonomy":"product_cat","embeddable":true,"href":"https:\/\/roveyayinevi.com.tr\/index.php\/wp-json\/wp\/v2\/product_cat?post=765486"},{"taxonomy":"product_tag","embeddable":true,"href":"https:\/\/roveyayinevi.com.tr\/index.php\/wp-json\/wp\/v2\/product_tag?post=765486"}],"curies":[{"name":"wp","href":"https:\/\/api.w.org\/{rel}","templated":true}]}}