{"id":765485,"date":"2025-08-28T11:44:30","date_gmt":"2025-08-28T08:44:30","guid":{"rendered":"https:\/\/roveyayinevi.com.tr\/index.php\/urun\/demokrasi-4\/"},"modified":"2026-04-15T03:31:28","modified_gmt":"2026-04-15T00:31:28","slug":"demokrasi-4","status":"publish","type":"product","link":"https:\/\/roveyayinevi.com.tr\/index.php\/urun\/demokrasi-4\/","title":{"rendered":"Demokrasi"},"content":{"rendered":"<p>En temelde siyaset, do\u011fas\u0131 gere\u011fi herkes i\u00e7in zorlay\u0131c\u0131 olan kamusal kararlar\u0131 nas\u0131l alaca\u011f\u0131m\u0131z meselesiyle ilgilidir. Bu sorunun r\u0131za ve bask\u0131 olmak \u00fczere olduk\u00e7a net ve basit iki yolu vard\u0131r. Y\u00f6netimin temel ilkesini r\u0131zaya m\u0131, yoksa bask\u0131ya m\u0131 dayand\u0131raca\u011f\u0131z? Bu tercih, insan\u0131n \u00e7\u0131kar ve de\u011ferler konusundaki geni\u015f farkl\u0131l\u0131klara sahip oldu\u011fu ger\u00e7e\u011fi ile birarada ya\u015fama zorunlulu\u011funun yaratt\u0131\u011f\u0131 zorlay\u0131c\u0131 probleme, cevab\u0131 nerde arayaca\u011f\u0131m\u0131za ili\u015fkindir. Demokrasi, en genel anlam\u0131yla y\u00f6netimi r\u0131za temeline dayand\u0131rma anlam\u0131na gelir. Demokrasi, bask\u0131ya dayand\u0131rma kar\u015f\u0131s\u0131nda ahl\u00e2k\u00ee ve faydal\u0131 olmak bak\u0131m\u0131ndan \u00fcst\u00fcnl\u00fc\u011fe sahip olsa da, hem kurmak hem de onu ya\u015fatmak olduk\u00e7a zordur. Tarih bize, insanlar\u0131n b\u00fcy\u00fck \u00e7o\u011funlu\u011funun kendi \u00e7\u0131kar ve de\u011ferlerini iktidar g\u00fcc\u00fcn\u00fc kullanarak ger\u00e7ekle\u015ftirmek ve di\u011ferlerininkinin \u00fcst\u00fcne yerle\u015ftirmek i\u00e7in \u00e7ok daha hevesli olduklar\u0131n\u0131 g\u00f6steriyor. Zira, despotik y\u00f6netimler her zaman ve her yerde kendine \u00e7ok geni\u015f bir alan bulurken, demokrasiler nadir g\u00f6r\u00fcl\u00fcyor. Nadir bulunmas\u0131 k\u0131ymetini ortadan kald\u0131rmad\u0131\u011f\u0131 gibi, demokrasilerin ula\u015f\u0131lmak istenen bir iyi olarak her zaman hayatta kalmas\u0131na da engel olmuyor. \u00c7\u00fcnk\u00fc, bask\u0131 y\u00f6netimlerinin toplumlar\u0131na verdi\u011fi ka\u00e7\u0131n\u0131lmaz zarar\u0131n ve ac\u0131n\u0131n kahreden ger\u00e7e\u011fiyle tekrar tekrar, her seferinde y\u00fczle\u015fmek zorunda kal\u0131yoruz. \u00d6zg\u00fcr ve refah i\u00e7inde bir topluma inanlar, t\u00fcm zorluklara ra\u011fmen d\u00fc\u015f\u00fcnmeye, konu\u015fmaya, tart\u0131\u015fmaya, m\u00fccadele etmeye ve de yazmaya inatla ve umutla devam ediyorlar. \u0130yi ki bunu yap\u0131yorlar.<\/p>\n","protected":false},"excerpt":{"rendered":"<p>En temelde siyaset, do\u011fas\u0131 gere\u011fi herkes i\u00e7in zorlay\u0131c\u0131 olan kamusal kararlar\u0131 nas\u0131l alaca\u011f\u0131m\u0131z meselesiyle ilgilidir. Bu sorunun r\u0131za ve bask\u0131 olmak \u00fczere olduk\u00e7a net ve basit<span class=\"excerpt-hellip\"> [\u2026]<\/span><\/p>\n","protected":false},"featured_media":0,"template":"","meta":{"_monsterinsights_skip_tracking":false,"_monsterinsights_sitenote_active":false,"_monsterinsights_sitenote_note":"","_monsterinsights_sitenote_category":0},"product_brand":[],"product_cat":[13590,12337],"product_tag":[],"class_list":{"0":"post-765485","1":"product","2":"type-product","3":"status-publish","5":"product_cat-arastirma-inceleme-politika-siyaset","6":"product_cat-politika-siyaset","7":"pa_cilt-ciltsiz","8":"pa_tur-kitap","9":"pa_yayinevi-orion-kitabevi","10":"pa_yazar-cennet-uslu","12":"first","13":"instock","14":"sale","15":"shipping-taxable","16":"purchasable","17":"product-type-simple"},"_links":{"self":[{"href":"https:\/\/roveyayinevi.com.tr\/index.php\/wp-json\/wp\/v2\/product\/765485","targetHints":{"allow":["GET"]}}],"collection":[{"href":"https:\/\/roveyayinevi.com.tr\/index.php\/wp-json\/wp\/v2\/product"}],"about":[{"href":"https:\/\/roveyayinevi.com.tr\/index.php\/wp-json\/wp\/v2\/types\/product"}],"wp:attachment":[{"href":"https:\/\/roveyayinevi.com.tr\/index.php\/wp-json\/wp\/v2\/media?parent=765485"}],"wp:term":[{"taxonomy":"product_brand","embeddable":true,"href":"https:\/\/roveyayinevi.com.tr\/index.php\/wp-json\/wp\/v2\/product_brand?post=765485"},{"taxonomy":"product_cat","embeddable":true,"href":"https:\/\/roveyayinevi.com.tr\/index.php\/wp-json\/wp\/v2\/product_cat?post=765485"},{"taxonomy":"product_tag","embeddable":true,"href":"https:\/\/roveyayinevi.com.tr\/index.php\/wp-json\/wp\/v2\/product_tag?post=765485"}],"curies":[{"name":"wp","href":"https:\/\/api.w.org\/{rel}","templated":true}]}}