{"id":765484,"date":"2025-08-28T11:44:29","date_gmt":"2025-08-28T08:44:29","guid":{"rendered":"https:\/\/roveyayinevi.com.tr\/index.php\/urun\/degisen-dunyada-gazetecilik\/"},"modified":"2026-04-15T03:31:28","modified_gmt":"2026-04-15T00:31:28","slug":"degisen-dunyada-gazetecilik","status":"publish","type":"product","link":"https:\/\/roveyayinevi.com.tr\/index.php\/urun\/degisen-dunyada-gazetecilik\/","title":{"rendered":"De\u011fi\u015fen D\u00fcnyada Gazetecilik"},"content":{"rendered":"<p>De\u011fi\u015fen d\u00fcnyada gazetecili\u011fin dinamik y\u00f6n\u00fcn\u00fc teknolojiyi g\u00f6z ard\u0131 ederek tahmin etmek m\u00fcmk\u00fcn de\u011fildir. \u0130nternetin yayg\u0131nla\u015fmas\u0131yla birlikte haberin do\u011fas\u0131 ve ak\u0131\u015f\u0131 da de\u011fi\u015fti. Haberler bug\u00fcn sadece geleneksel kitle ileti\u015fim ara\u00e7lar\u0131 yoluyla de\u011fil, facebook, twitter, instagram vb. gibi hayat\u0131m\u0131za son 10 y\u0131lda dahil olan pek \u00e7ok yeni medya kanal\u0131yla daha h\u0131zl\u0131 ve yo\u011fun olarak akmaya ba\u015flad\u0131. Yeni ileti\u015fim teknolojilerinin gazetecilik uygulamalar\u0131 \u00fczerindeki etkisini a\u00e7\u0131klayabilmenin yolu yeni medya imkanlar\u0131n\u0131 anlamaktan ge\u00e7iyor.Haberin ve gazetecilik mesle\u011finin d\u00f6n\u00fc\u015fen do\u011fas\u0131n\u0131 ve imkanlar\u0131n\u0131 anlamak \u00fczere kaleme al\u0131nm\u0131\u015f olan bu kitap, gazetecilik alan\u0131nda akademik ve pratik alanda \u00e7al\u0131\u015fanlar\u0131n baz\u0131 sorular\u0131na yan\u0131t verme amac\u0131n\u0131 ta\u015f\u0131maktad\u0131r.Bu kitapta;- Gazetecilik mesle\u011finin gelece\u011fine senaryolar\u0131,- Sosyal medya ara\u00e7lar\u0131n\u0131n habercilik a\u00e7\u0131s\u0131ndan sundu\u011fu yeni imkanlar\u0131,- Web 3.0 etkisinin gazetecilik pratikleri \u00fczerindeki olas\u0131 sonu\u00e7lar\u0131n\u0131,- Online gazetecilik ve internet dergilerinin tasar\u0131m\u0131n\u0131n de\u011fi\u015fen y\u00fcz\u00fcn\u00fc,- Yeni medya ortamlar\u0131nda habercilik ve etik ili\u015fkisini,- De\u011fi\u015fen rekabet ortam\u0131n\u0131n yaz\u0131l\u0131 bas\u0131n i\u015fletmeleri \u00fczerindeki etkilerini,- Bar\u0131\u015f gazetecili\u011fi, yurtta\u015f gazetecili\u011fi, bilim gazetecili\u011fi, sivil toplum medyas\u0131 pratiklerini ve daha fazlas\u0131n\u0131 bulacaks\u0131n\u0131z.<\/p>\n","protected":false},"excerpt":{"rendered":"<p>De\u011fi\u015fen d\u00fcnyada gazetecili\u011fin dinamik y\u00f6n\u00fcn\u00fc teknolojiyi g\u00f6z ard\u0131 ederek tahmin etmek m\u00fcmk\u00fcn de\u011fildir. \u0130nternetin yayg\u0131nla\u015fmas\u0131yla birlikte haberin do\u011fas\u0131 ve ak\u0131\u015f\u0131 da de\u011fi\u015fti. Haberler bug\u00fcn sadece geleneksel<span class=\"excerpt-hellip\"> [\u2026]<\/span><\/p>\n","protected":false},"featured_media":0,"template":"","meta":{"_monsterinsights_skip_tracking":false,"_monsterinsights_sitenote_active":false,"_monsterinsights_sitenote_note":"","_monsterinsights_sitenote_category":0},"product_brand":[],"product_cat":[22061,13488],"product_tag":[],"class_list":{"0":"post-765484","1":"product","2":"type-product","3":"status-publish","5":"product_cat-sosyal-medya-ve-iletisim","6":"product_cat-toplum-ve-insan","7":"pa_cilt-ciltsiz","8":"pa_tur-kitap","9":"pa_yayinevi-orion-kitabevi","10":"pa_yazar-kolektif","12":"first","13":"instock","14":"sale","15":"shipping-taxable","16":"purchasable","17":"product-type-simple"},"_links":{"self":[{"href":"https:\/\/roveyayinevi.com.tr\/index.php\/wp-json\/wp\/v2\/product\/765484","targetHints":{"allow":["GET"]}}],"collection":[{"href":"https:\/\/roveyayinevi.com.tr\/index.php\/wp-json\/wp\/v2\/product"}],"about":[{"href":"https:\/\/roveyayinevi.com.tr\/index.php\/wp-json\/wp\/v2\/types\/product"}],"wp:attachment":[{"href":"https:\/\/roveyayinevi.com.tr\/index.php\/wp-json\/wp\/v2\/media?parent=765484"}],"wp:term":[{"taxonomy":"product_brand","embeddable":true,"href":"https:\/\/roveyayinevi.com.tr\/index.php\/wp-json\/wp\/v2\/product_brand?post=765484"},{"taxonomy":"product_cat","embeddable":true,"href":"https:\/\/roveyayinevi.com.tr\/index.php\/wp-json\/wp\/v2\/product_cat?post=765484"},{"taxonomy":"product_tag","embeddable":true,"href":"https:\/\/roveyayinevi.com.tr\/index.php\/wp-json\/wp\/v2\/product_tag?post=765484"}],"curies":[{"name":"wp","href":"https:\/\/api.w.org\/{rel}","templated":true}]}}