{"id":765483,"date":"2025-08-28T11:44:28","date_gmt":"2025-08-28T08:44:28","guid":{"rendered":"https:\/\/roveyayinevi.com.tr\/index.php\/urun\/davranissal-azgelismislik\/"},"modified":"2026-04-15T03:31:28","modified_gmt":"2026-04-15T00:31:28","slug":"davranissal-azgelismislik","status":"publish","type":"product","link":"https:\/\/roveyayinevi.com.tr\/index.php\/urun\/davranissal-azgelismislik\/","title":{"rendered":"Davran\u0131\u015fsal Azgeli\u015fmi\u015flik"},"content":{"rendered":"<p>Bu kitapta en geni\u015f ve basit anlamda, \u00e7a\u011fda\u015f uygarl\u0131\u011f\u0131n temel normlar\u0131 ile uyu\u015fmayan, iktisadi siyasi ve toplumsal geli\u015fmeyi engelleyen veya sapt\u0131ranyani azgeli\u015fmi\u015fli\u011fe neden olan y\u00fcz\u00fc a\u015fk\u0131n sak\u0131ncal\u0131 davran\u0131\u015f mercek alt\u0131na al\u0131nmaktad\u0131r. Bu kitap, T\u00fcrkiye&#8217;de ve d\u00fcnyada ekonomik, siyasal ve toplumsal azgeli\u015fmi\u015fli\u011fin, ba\u015far\u0131s\u0131zl\u0131klar\u0131n ve \u00f6denen y\u00fcksek bedellerin nedenlerini sorgulayan herkese hitap etmektedir. Bu kitap, davran\u0131\u015fsal fakt\u00f6rlerin ekonomik, siyasal ve sosyal alanlardaki rol\u00fcn\u00fc \u00f6nemseyen ve bunlar\u0131n nas\u0131l ve ne derecedeetkili oldu\u011funu, nedenlerini ve sonu\u00e7lar\u0131n\u0131 merakeden herkese hitap etmektedir. Bu kitap, T\u00fcrkiye&#8217;de ve d\u00fcnyada ekonomik, siyasi ve toplumsal gidi\u015fattan rahats\u0131z olan ve bu rahats\u0131zl\u0131\u011f\u0131n muhtemel nedenleri \u00fczerinde kafa yoran herkese hitap etmektedir Bu kitap geli\u015fmi\u015f \u00fclkelerle, geli\u015fmekte olan \u00fclkeler aras\u0131ndaki davran\u0131\u015fsal farklar\u0131 ve bunlar\u0131n nedenlerini,sonu\u00e7lar\u0131n\u0131 ve azgeli\u015fmi\u015flikten kurulma yollar\u0131n\u0131 sorgulayan herkese hitap etmektedir. Bu kitap, T\u00fcrkiye&#8217;de ve d\u00fcnyada, ekonomik, siyasal ve sosyal alanlardaki sorunlu davran\u0131\u015flar konusunda teorik veya ampirik ara\u015ft\u0131rma yapmak isteyen herkese hitap etmektedir. Bu kitap, bilimsel bir \u00fcslup ve endi\u015fe ile yaz\u0131lm\u0131\u015f olmakla birlikte, herkesin anlayabilece\u011fi bir\u015fekilde ve her d\u00fczeyde okurun okudu\u011fu \u015feylere \u00f6nemli katk\u0131lar yapmas\u0131n\u0131 te\u015fvik edecek \u015fekilde kaleme al\u0131nmaya \u00e7al\u0131\u015f\u0131lm\u0131\u015ft\u0131r. Bu kitap, azgeli\u015fmi\u015fli\u011fi, performans g\u00f6stergeleri veya yap\u0131sal de\u011fi\u015fkenler ile de\u011fil, davran\u0131\u015fsal g\u00f6stergelerle hem ekonomik hem siyasal hem de toplumsal boyutlar\u0131yla tan\u0131mlayan ilk kavramsal ve teorik \u00e7al\u0131\u015fma olma \u00f6zelli\u011fini ta\u015f\u0131maktad\u0131r.<\/p>\n","protected":false},"excerpt":{"rendered":"<p>Bu kitapta en geni\u015f ve basit anlamda, \u00e7a\u011fda\u015f uygarl\u0131\u011f\u0131n temel normlar\u0131 ile uyu\u015fmayan, iktisadi siyasi ve toplumsal geli\u015fmeyi engelleyen veya sapt\u0131ranyani azgeli\u015fmi\u015fli\u011fe neden olan y\u00fcz\u00fc a\u015fk\u0131n<span class=\"excerpt-hellip\"> [\u2026]<\/span><\/p>\n","protected":false},"featured_media":0,"template":"","meta":{"_monsterinsights_skip_tracking":false,"_monsterinsights_sitenote_active":false,"_monsterinsights_sitenote_note":"","_monsterinsights_sitenote_category":0},"product_brand":[],"product_cat":[12337],"product_tag":[],"class_list":{"0":"post-765483","1":"product","2":"type-product","3":"status-publish","5":"product_cat-politika-siyaset","6":"pa_cilt-ciltsiz","7":"pa_tur-kitap","8":"pa_yayinevi-orion-kitabevi","9":"pa_yazar-erdal-turkkan","11":"first","12":"instock","13":"sale","14":"shipping-taxable","15":"purchasable","16":"product-type-simple"},"_links":{"self":[{"href":"https:\/\/roveyayinevi.com.tr\/index.php\/wp-json\/wp\/v2\/product\/765483","targetHints":{"allow":["GET"]}}],"collection":[{"href":"https:\/\/roveyayinevi.com.tr\/index.php\/wp-json\/wp\/v2\/product"}],"about":[{"href":"https:\/\/roveyayinevi.com.tr\/index.php\/wp-json\/wp\/v2\/types\/product"}],"wp:attachment":[{"href":"https:\/\/roveyayinevi.com.tr\/index.php\/wp-json\/wp\/v2\/media?parent=765483"}],"wp:term":[{"taxonomy":"product_brand","embeddable":true,"href":"https:\/\/roveyayinevi.com.tr\/index.php\/wp-json\/wp\/v2\/product_brand?post=765483"},{"taxonomy":"product_cat","embeddable":true,"href":"https:\/\/roveyayinevi.com.tr\/index.php\/wp-json\/wp\/v2\/product_cat?post=765483"},{"taxonomy":"product_tag","embeddable":true,"href":"https:\/\/roveyayinevi.com.tr\/index.php\/wp-json\/wp\/v2\/product_tag?post=765483"}],"curies":[{"name":"wp","href":"https:\/\/api.w.org\/{rel}","templated":true}]}}