{"id":765482,"date":"2025-08-28T11:44:27","date_gmt":"2025-08-28T08:44:27","guid":{"rendered":"https:\/\/roveyayinevi.com.tr\/index.php\/urun\/daha-iyi-bir-yasam-icin-bilincli-yaratma-sanati\/"},"modified":"2026-04-15T03:31:28","modified_gmt":"2026-04-15T00:31:28","slug":"daha-iyi-bir-yasam-icin-bilincli-yaratma-sanati","status":"publish","type":"product","link":"https:\/\/roveyayinevi.com.tr\/index.php\/urun\/daha-iyi-bir-yasam-icin-bilincli-yaratma-sanati\/","title":{"rendered":"Daha \u0130yi Bir Ya\u015fam \u0130\u00e7in Bilin\u00e7li Yaratma Sanat\u0131"},"content":{"rendered":"<p>Bir \u015feyin imk\u00e2ns\u0131z oldu\u011funa inan\u0131rsan\u0131z, akl\u0131n\u0131z beyniniz bunun neden imk\u00e2ns\u0131z oldu\u011funu size ispatlamak \u00fczere \u00e7al\u0131\u015fmaya ba\u015flar. Ama bir \u015feyi yapabilece\u011finize ger\u00e7ekten inand\u0131\u011f\u0131n\u0131zda, akl\u0131n\u0131z yapmak \u00fczere \u00e7\u00f6z\u00fcmler bulma konusunda size yard\u0131m etmek i\u00e7in \u00e7al\u0131\u015fmaya baslar.Dr. David J. Schwartz Evrendeki her \u015feyi kayna\u011f\u0131 bir yarat\u0131c\u0131 vard\u0131r.Bilin\u00e7li yarat\u0131m, yarat\u0131c\u0131n\u0131n yarat\u0131m prensiplerini bilin\u00e7li olarak kullanarak kendi ya\u015fam\u0131m\u0131z\u0131 \u015fekillendirmektir.\u0130stek ve arzular\u0131m\u0131z\u0131n yarat\u0131c\u0131n\u0131n evrende kurdu\u011fu yarat\u0131m modelin \u00fczerinden fiziksel d\u00fcnyada ortaya \u00e7\u0131kmas\u0131n\u0131 sa\u011flamakt\u0131r.Bunu sa\u011flayan \u015feyse zihnimiz ve sahip oldu\u011fumuz d\u00fc\u015f\u00fcncelerimizdir.\u0130htiyac\u0131m\u0131z olan \u015fey d\u00fc\u015f\u00fcncelerimizi istek ve arzular\u0131m\u0131za ula\u015fmam\u0131za imk\u00e2n sa\u011flayacak \u015fekilde organize etmektir.Yarat\u0131m alan\u0131nda d\u00fc\u015f\u00fcncelerimizi kolayl\u0131kla organize etmede kullanabilece\u011fimiz bir\u00e7ok arac\u0131 kitap i\u00e7erisinde bulacaks\u0131n\u0131z.<\/p>\n","protected":false},"excerpt":{"rendered":"<p>Bir \u015feyin imk\u00e2ns\u0131z oldu\u011funa inan\u0131rsan\u0131z, akl\u0131n\u0131z beyniniz bunun neden imk\u00e2ns\u0131z oldu\u011funu size ispatlamak \u00fczere \u00e7al\u0131\u015fmaya ba\u015flar. Ama bir \u015feyi yapabilece\u011finize ger\u00e7ekten inand\u0131\u011f\u0131n\u0131zda, akl\u0131n\u0131z yapmak \u00fczere \u00e7\u00f6z\u00fcmler<span class=\"excerpt-hellip\"> [\u2026]<\/span><\/p>\n","protected":false},"featured_media":0,"template":"","meta":{"_monsterinsights_skip_tracking":false,"_monsterinsights_sitenote_active":false,"_monsterinsights_sitenote_note":"","_monsterinsights_sitenote_category":0},"product_brand":[],"product_cat":[44608,12408],"product_tag":[],"class_list":{"0":"post-765482","1":"product","2":"type-product","3":"status-publish","5":"product_cat-diger-sanat","6":"product_cat-sanat","7":"pa_cilt-ciltsiz","8":"pa_tur-kitap","9":"pa_yayinevi-orion-kitabevi","10":"pa_yazar-halis-sahiner","12":"first","13":"instock","14":"sale","15":"shipping-taxable","16":"purchasable","17":"product-type-simple"},"_links":{"self":[{"href":"https:\/\/roveyayinevi.com.tr\/index.php\/wp-json\/wp\/v2\/product\/765482","targetHints":{"allow":["GET"]}}],"collection":[{"href":"https:\/\/roveyayinevi.com.tr\/index.php\/wp-json\/wp\/v2\/product"}],"about":[{"href":"https:\/\/roveyayinevi.com.tr\/index.php\/wp-json\/wp\/v2\/types\/product"}],"wp:attachment":[{"href":"https:\/\/roveyayinevi.com.tr\/index.php\/wp-json\/wp\/v2\/media?parent=765482"}],"wp:term":[{"taxonomy":"product_brand","embeddable":true,"href":"https:\/\/roveyayinevi.com.tr\/index.php\/wp-json\/wp\/v2\/product_brand?post=765482"},{"taxonomy":"product_cat","embeddable":true,"href":"https:\/\/roveyayinevi.com.tr\/index.php\/wp-json\/wp\/v2\/product_cat?post=765482"},{"taxonomy":"product_tag","embeddable":true,"href":"https:\/\/roveyayinevi.com.tr\/index.php\/wp-json\/wp\/v2\/product_tag?post=765482"}],"curies":[{"name":"wp","href":"https:\/\/api.w.org\/{rel}","templated":true}]}}