{"id":765481,"date":"2025-08-28T11:44:26","date_gmt":"2025-08-28T08:44:26","guid":{"rendered":"https:\/\/roveyayinevi.com.tr\/index.php\/urun\/cok-partili-yasamda-turkiyede-genel-secim-donemleri\/"},"modified":"2026-04-15T03:31:28","modified_gmt":"2026-04-15T00:31:28","slug":"cok-partili-yasamda-turkiyede-genel-secim-donemleri","status":"publish","type":"product","link":"https:\/\/roveyayinevi.com.tr\/index.php\/urun\/cok-partili-yasamda-turkiyede-genel-secim-donemleri\/","title":{"rendered":"\u00c7ok Partili Ya\u015famda T\u00fcrkiye\u2019de Genel Se\u00e7im D\u00f6nemleri"},"content":{"rendered":"<p>T\u00fcrkiye, 2017 y\u0131l\u0131da ger\u00e7ekle\u015ftirilen Anayasa de\u011fi\u015fikli\u011fi ile yeni bir h\u00fck\u00fbmet sistemine ge\u00e7mi\u015f ve yeni sistem do\u011furdu\u011fu ola\u011fan sonu\u00e7lar\u0131n etkisiyle pek \u00e7ok konuda siyaset bilimcilere tart\u0131\u015fma kap\u0131s\u0131 aralam\u0131\u015ft\u0131r. \u00d6zellikle, Cumhurba\u015fkan\u0131&#8217;n\u0131n se\u00e7iminde aranan (kamuoyunda dillendirildi\u011fi \u015fekliyle ifade etmek gerekirse) %50+1 \u015fart\u0131 siyas\u00ee partiler i\u00e7in yeni staretjik ad\u0131mlar\u0131n at\u0131lmas\u0131n\u0131 beraberinde getirmi\u015f, bu da se\u00e7im ittifaklar\u0131n\u0131n yasal bir zemine kavu\u015fmas\u0131n\u0131 sa\u011flam\u0131\u015ft\u0131r. T\u00fcrkiye&#8217;de son d\u00f6nem se\u00e7imlere y\u00f6nelik akademik yaz\u0131nda da ittifak sistemine bir y\u00f6neli\u015fin oldu\u011fu g\u00f6r\u00fclmektedir.Elinizdeki \u00e7al\u0131\u015fman\u0131n \u00e7\u0131k\u0131\u015f noktas\u0131 da asl\u0131nda ger\u00e7ekle\u015ftirdi\u011fim bir akademik \u00e7al\u0131\u015fma kapsam\u0131nda duydu\u011fum ihtiya\u00e7t\u0131r. Daha a\u00e7\u0131k s\u00f6ylemek gerekirse ge\u00e7mi\u015f y\u0131llarda bir makale \u00e7al\u0131\u015fmas\u0131 yaparken T\u00fcrkiye siyasetinde ger\u00e7ekle\u015ftirilen t\u00fcm se\u00e7imlere ili\u015fkin bilgileri, \u00f6zellikle de genel sonu\u00e7lardan ziyade iller d\u00fczeyinde se\u00e7im sonu\u00e7lar\u0131n\u0131 b\u00fcnyesinde bar\u0131nd\u0131ran akademik bir kaynak eksikli\u011finin g\u00f6ze \u00e7arpmas\u0131 bu \u00e7al\u0131\u015fman\u0131n yaz\u0131lma nedenidir. Bu kapsamda \u00e7al\u0131\u015fma T\u00fcrkiye siyasetinde genel se\u00e7imler \u00fczerine \u00e7al\u0131\u015fan ara\u015ft\u0131rmac\u0131lar\u0131n ger\u00e7ekle\u015ftirilen t\u00fcm genel se\u00e7imlere ili\u015fkin bilgilere ula\u015fabilece\u011fi bir kaynak olma amac\u0131ndad\u0131r.<\/p>\n","protected":false},"excerpt":{"rendered":"<p>T\u00fcrkiye, 2017 y\u0131l\u0131da ger\u00e7ekle\u015ftirilen Anayasa de\u011fi\u015fikli\u011fi ile yeni bir h\u00fck\u00fbmet sistemine ge\u00e7mi\u015f ve yeni sistem do\u011furdu\u011fu ola\u011fan sonu\u00e7lar\u0131n etkisiyle pek \u00e7ok konuda siyaset bilimcilere tart\u0131\u015fma kap\u0131s\u0131<span class=\"excerpt-hellip\"> [\u2026]<\/span><\/p>\n","protected":false},"featured_media":0,"template":"","meta":{"_monsterinsights_skip_tracking":false,"_monsterinsights_sitenote_active":false,"_monsterinsights_sitenote_note":"","_monsterinsights_sitenote_category":0},"product_brand":[],"product_cat":[13059,12337],"product_tag":[],"class_list":{"0":"post-765481","1":"product","2":"type-product","3":"status-publish","5":"product_cat-diger-politika-siyaset","6":"product_cat-politika-siyaset","7":"pa_cilt-ciltsiz","8":"pa_tur-kitap","9":"pa_yayinevi-orion-kitabevi","10":"pa_yazar-emre-savut","12":"first","13":"instock","14":"sale","15":"shipping-taxable","16":"purchasable","17":"product-type-simple"},"_links":{"self":[{"href":"https:\/\/roveyayinevi.com.tr\/index.php\/wp-json\/wp\/v2\/product\/765481","targetHints":{"allow":["GET"]}}],"collection":[{"href":"https:\/\/roveyayinevi.com.tr\/index.php\/wp-json\/wp\/v2\/product"}],"about":[{"href":"https:\/\/roveyayinevi.com.tr\/index.php\/wp-json\/wp\/v2\/types\/product"}],"wp:attachment":[{"href":"https:\/\/roveyayinevi.com.tr\/index.php\/wp-json\/wp\/v2\/media?parent=765481"}],"wp:term":[{"taxonomy":"product_brand","embeddable":true,"href":"https:\/\/roveyayinevi.com.tr\/index.php\/wp-json\/wp\/v2\/product_brand?post=765481"},{"taxonomy":"product_cat","embeddable":true,"href":"https:\/\/roveyayinevi.com.tr\/index.php\/wp-json\/wp\/v2\/product_cat?post=765481"},{"taxonomy":"product_tag","embeddable":true,"href":"https:\/\/roveyayinevi.com.tr\/index.php\/wp-json\/wp\/v2\/product_tag?post=765481"}],"curies":[{"name":"wp","href":"https:\/\/api.w.org\/{rel}","templated":true}]}}