{"id":765480,"date":"2025-08-28T11:44:25","date_gmt":"2025-08-28T08:44:25","guid":{"rendered":"https:\/\/roveyayinevi.com.tr\/index.php\/urun\/cinin-hegemonik-yukselisi\/"},"modified":"2026-04-15T03:31:28","modified_gmt":"2026-04-15T00:31:28","slug":"cinin-hegemonik-yukselisi","status":"publish","type":"product","link":"https:\/\/roveyayinevi.com.tr\/index.php\/urun\/cinin-hegemonik-yukselisi\/","title":{"rendered":"\u00c7in&#8217;in Hegemonik Y\u00fckseli\u015fi"},"content":{"rendered":"<p>Sel\u00e7uk \u00dcniversitesi \u0130ktisadi ve \u0130dari Bilimler Fak\u00fcltesi Uluslararas\u0131 \u0130li\u015fkiler B\u00f6l\u00fcm\u00fc&#8217;nde \u00f6\u011fretim eleman\u0131. Lisans ve y\u00fcksek lisans\u0131n\u0131 Sel\u00e7uk \u00dcniversitesi Uluslararas\u0131 \u0130li\u015fkiler Anabilim Dal\u0131&#8217;nda tamamlam\u0131\u015f ve 2016 y\u0131l\u0131nda &#8220;Uluslararas\u0131 \u0130li\u015fkilerde G\u00fc\u00e7 \u0130ntikal Teorisi: Britanya, ABD ve \u00c7in&#8221; adl\u0131 doktora tez \u00e7al\u0131\u015fmas\u0131yla Sel\u00e7uk \u00dcniversitesi Uluslararas\u0131 \u0130li\u015fkiler Anabilim Dal\u0131&#8217;nda doktora derecesini alm\u0131\u015ft\u0131r. Pek \u00e7ok ulusal ve uluslararas\u0131 akademik \u00e7al\u0131\u015fmas\u0131 vard\u0131r. Uluslararas\u0131 \u0130li\u015fkiler Teorileri, Amerikan d\u0131\u015f politikas\u0131, \u00c7in d\u0131\u015f politikas\u0131 gibi konularda \u00e7al\u0131\u015fmalar yapmaktad\u0131r.\u00c7in, 1980&#8217;lerden beri d\u00fczenli olarak y\u00fcksek b\u00fcy\u00fcme oranlar\u0131 yakalamas\u0131 ve niceliksel geli\u015fimine nitelikleri de katmaya ba\u015flamas\u0131 ile en \u00e7ok \u00e7al\u0131\u015f\u0131lan \u00fclkelerden birisi olmu\u015ftur. 2000&#8217;li y\u0131llarda tart\u0131\u015fmalara \u00c7in&#8217;in y\u00fckseli\u015fi ve Amerikan hegemonyas\u0131 ba\u011flam\u0131 da eklenmi\u015ftir. So\u011fuk Sava\u015f&#8217;\u0131n sonras\u0131 Amerikan hegemonyas\u0131n\u0131n k\u00fcresel alana yay\u0131ld\u0131\u011f\u0131 genel kabul g\u00f6rmeye ba\u015flasa da 9\/11 olaylar\u0131 ve 2008 K\u00fcresel Krizi gibi sorunlar\u0131 \u00e7\u00f6zme ve y\u00f6netme konusundaki sorunlar\u0131 nedeniyle bu hegemonyan\u0131n d\u00fc\u015f\u00fc\u015fe ge\u00e7ti\u011fi de seslendirilmektedir. \u00c7in&#8217;in istikrarl\u0131 y\u00fckseli\u015fini s\u00fcrd\u00fcrmesi ve k\u00fcresel kapitalizmin a\u00e7\u0131klar\u0131n\u0131 sat\u0131n alabilecek konuma gelmesi bir \u00c7in hegemonyas\u0131 olas\u0131l\u0131\u011f\u0131n\u0131 da ortaya \u00e7\u0131karmaktad\u0131r. Bu \u00e7al\u0131\u015fma, Pax Britannica&#8217;dan Pax Americana \u015feklinde de\u011fi\u015fen hegemonya rol\u00fcn\u00fcn Pax Americana&#8217;dan Pax Sinica \u015feklinde de\u011fi\u015fiminin olas\u0131l\u0131\u011f\u0131n\u0131 incelemektedir. Bu \u00e7al\u0131\u015fma, hegemonya rol\u00fcn\u00fcn ABD&#8217;den \u00c7in&#8217;e ge\u00e7ebilece\u011fini iddia etmektedir. Bir\u00e7ok farkl\u0131 niteli\u011fi bar\u0131nd\u0131rd\u0131\u011f\u0131 i\u00e7in melez bir g\u00fc\u00e7 olarak \u00c7in&#8217;in y\u00fckseli\u015finin Amerikan y\u00fckseli\u015fi ile yap\u0131sal benzerlikler g\u00f6sterdi\u011fi \u00fc\u00e7 \u00fclkenin hegemonik y\u00fckseli\u015fleri potansiyel, y\u00fckseli\u015f ve olgunluk d\u00f6nemleri ba\u011flam\u0131nda de\u011ferlendirilmektedir.<\/p>\n","protected":false},"excerpt":{"rendered":"<p>Sel\u00e7uk \u00dcniversitesi \u0130ktisadi ve \u0130dari Bilimler Fak\u00fcltesi Uluslararas\u0131 \u0130li\u015fkiler B\u00f6l\u00fcm\u00fc&#8217;nde \u00f6\u011fretim eleman\u0131. Lisans ve y\u00fcksek lisans\u0131n\u0131 Sel\u00e7uk \u00dcniversitesi Uluslararas\u0131 \u0130li\u015fkiler Anabilim Dal\u0131&#8217;nda tamamlam\u0131\u015f ve 2016 y\u0131l\u0131nda<span class=\"excerpt-hellip\"> [\u2026]<\/span><\/p>\n","protected":false},"featured_media":0,"template":"","meta":{"_monsterinsights_skip_tracking":false,"_monsterinsights_sitenote_active":false,"_monsterinsights_sitenote_note":"","_monsterinsights_sitenote_category":0},"product_brand":[],"product_cat":[13044,13043],"product_tag":[],"class_list":{"0":"post-765480","1":"product","2":"type-product","3":"status-publish","5":"product_cat-dunya-ekonomisi","6":"product_cat-ekonomi","7":"pa_cilt-ciltsiz","8":"pa_tur-kitap","9":"pa_yayinevi-orion-kitabevi","10":"pa_yazar-fazli-dogan","12":"first","13":"instock","14":"sale","15":"shipping-taxable","16":"purchasable","17":"product-type-simple"},"_links":{"self":[{"href":"https:\/\/roveyayinevi.com.tr\/index.php\/wp-json\/wp\/v2\/product\/765480","targetHints":{"allow":["GET"]}}],"collection":[{"href":"https:\/\/roveyayinevi.com.tr\/index.php\/wp-json\/wp\/v2\/product"}],"about":[{"href":"https:\/\/roveyayinevi.com.tr\/index.php\/wp-json\/wp\/v2\/types\/product"}],"wp:attachment":[{"href":"https:\/\/roveyayinevi.com.tr\/index.php\/wp-json\/wp\/v2\/media?parent=765480"}],"wp:term":[{"taxonomy":"product_brand","embeddable":true,"href":"https:\/\/roveyayinevi.com.tr\/index.php\/wp-json\/wp\/v2\/product_brand?post=765480"},{"taxonomy":"product_cat","embeddable":true,"href":"https:\/\/roveyayinevi.com.tr\/index.php\/wp-json\/wp\/v2\/product_cat?post=765480"},{"taxonomy":"product_tag","embeddable":true,"href":"https:\/\/roveyayinevi.com.tr\/index.php\/wp-json\/wp\/v2\/product_tag?post=765480"}],"curies":[{"name":"wp","href":"https:\/\/api.w.org\/{rel}","templated":true}]}}