{"id":765479,"date":"2025-08-28T11:44:23","date_gmt":"2025-08-28T08:44:23","guid":{"rendered":"https:\/\/roveyayinevi.com.tr\/index.php\/urun\/cinin-enerji-jeopolitigi\/"},"modified":"2026-04-15T03:31:28","modified_gmt":"2026-04-15T00:31:28","slug":"cinin-enerji-jeopolitigi","status":"publish","type":"product","link":"https:\/\/roveyayinevi.com.tr\/index.php\/urun\/cinin-enerji-jeopolitigi\/","title":{"rendered":"\u00c7in\u2019in Enerji Jeopoliti\u011fi"},"content":{"rendered":"<p>\u00c7in g\u00fcn\u00fcm\u00fczde enerji tedarikinin b\u00fcy\u00fck \u00e7o\u011funlu\u011funu istikrars\u0131z, g\u00fcvenilir olmayan, \u00f6ng\u00f6r\u00fclebilir gelecekte g\u00fcven ortam\u0131ndan yoksun olaca\u011f\u0131 d\u00fc\u015f\u00fcn\u00fclen ve ayn\u0131 zamanda da co\u011frafi olarak uzak oldu\u011fu Ortado\u011fu&#8217;dan yapmaktad\u0131r. Bu durumun \u00c7in&#8217;in uzun vadeli enerji g\u00fcvenlik politikas\u0131n\u0131 tehdit etmesi \u00c7in&#8217;in yeni g\u00fcvenilir enerji kayna\u011f\u0131 aray\u0131\u015f\u0131 i\u00e7inde olmas\u0131na neden olmaktad\u0131r. \u00c7in&#8217;in uzun vadeli enerji g\u00fcvenlik politikas\u0131n\u0131n merkezinde Ortado\u011fu&#8217;ya alternatif olu\u015fturacak do\u011falgaz ve petrol kaynaklar\u0131 bak\u0131m\u0131ndan zengin olan ayn\u0131 zamanda da \u00c7in&#8217;e co\u011frafi olarak yak\u0131n olan G\u00fcney \u00c7in Denizi ve Orta Asya bulunmaktad\u0131r. B\u00f6lgelerin \u00c7in&#8217;e s\u0131n\u0131r\u0131 olmas\u0131 \u00c7in&#8217;in enerji g\u00fcvenli\u011fi a\u00e7\u0131s\u0131ndan olduk\u00e7a \u00f6nemli olmakla beraber k\u00fcresel rekabetin yo\u011fun ya\u015fand\u0131\u011f\u0131 b\u00f6lgelerdir. G\u00fcney \u00c7in Denizi sahip oldu\u011fu hidrokarbon yataklar\u0131n\u0131n \u00f6tesinde uluslararas\u0131 deniz ticaretinin ger\u00e7ekle\u015fti\u011fi b\u00f6lge olmas\u0131 nedeniyle gerek b\u00f6lge i\u00e7i sorunlarda ve \u00e7at\u0131\u015fmalarda gerekse k\u00fcresel g\u00fc\u00e7 m\u00fccadelesinin \u00f6tesinde bir etkiye sahiptir. \u00c7al\u0131\u015fman\u0131n di\u011fer konusunu olu\u015fturan b\u00f6lge ise Orta Asya&#8217;d\u0131r. Orta Asya Cumhuriyetlerinin ba\u011f\u0131ms\u0131zl\u0131klar\u0131n\u0131 kazanmalar\u0131 ve sahip olduklar\u0131 enerji kaynaklar\u0131n\u0131n zenginli\u011fi nedeni ile bu b\u00f6lgede \u00f6nemli g\u00fc\u00e7 m\u00fccadeleleri ya\u015fanmaktad\u0131r. Bu b\u00f6lgedeki g\u00fc\u00e7 m\u00fccadelesi b\u00f6lgenin iki temel akt\u00f6r\u00fc olan \u00c7in ve Rusya aras\u0131nda ger\u00e7ekle\u015fmektedir. Her iki devletin b\u00f6lge \u00fczerinde gelece\u011fe d\u00f6n\u00fck enerji, g\u00fcvenlik ve ekonomik olmak \u00fczere stratejik hedefleri vard\u0131r. \u00c7in bu iki b\u00f6lgede jeopolitik bir \u00fcst\u00fcnl\u00fck kurarak enerji arz g\u00fcvenli\u011fini g\u00fcvence alt\u0131na almaya \u00e7al\u0131\u015fmaktad\u0131r. Bu ba\u011flamda \u00c7in&#8217;in bu iki co\u011frafi b\u00f6lgedeki rakip \u00fclkelere kar\u015f\u0131 jeopolitik avantaj ve dezavantajlar\u0131 belirlenerek, \u00c7in&#8217;in hem g\u00fcvenilir enerji kaynaklar\u0131n\u0131 \u00e7e\u015fitlendirme hem de deniz ve kara ba\u011flant\u0131l\u0131 enerji nakil hatlar\u0131 g\u00fcvenli\u011fini g\u00fcvence alt\u0131na alma \u00e7abas\u0131n\u0131n ne kadar ba\u015far\u0131l\u0131 oldu\u011fu \u00f6l\u00e7\u00fclmektedir.<\/p>\n","protected":false},"excerpt":{"rendered":"<p>\u00c7in g\u00fcn\u00fcm\u00fczde enerji tedarikinin b\u00fcy\u00fck \u00e7o\u011funlu\u011funu istikrars\u0131z, g\u00fcvenilir olmayan, \u00f6ng\u00f6r\u00fclebilir gelecekte g\u00fcven ortam\u0131ndan yoksun olaca\u011f\u0131 d\u00fc\u015f\u00fcn\u00fclen ve ayn\u0131 zamanda da co\u011frafi olarak uzak oldu\u011fu Ortado\u011fu&#8217;dan yapmaktad\u0131r.<span class=\"excerpt-hellip\"> [\u2026]<\/span><\/p>\n","protected":false},"featured_media":0,"template":"","meta":{"_monsterinsights_skip_tracking":false,"_monsterinsights_sitenote_active":false,"_monsterinsights_sitenote_note":"","_monsterinsights_sitenote_category":0},"product_brand":[],"product_cat":[12337,17225],"product_tag":[],"class_list":{"0":"post-765479","1":"product","2":"type-product","3":"status-publish","5":"product_cat-politika-siyaset","6":"product_cat-uluslararasi-iliskiler","7":"pa_cilt-ciltsiz","8":"pa_tur-kitap","9":"pa_yayinevi-orion-kitabevi","10":"pa_yazar-soner-hamzacebi","12":"first","13":"instock","14":"sale","15":"shipping-taxable","16":"purchasable","17":"product-type-simple"},"_links":{"self":[{"href":"https:\/\/roveyayinevi.com.tr\/index.php\/wp-json\/wp\/v2\/product\/765479","targetHints":{"allow":["GET"]}}],"collection":[{"href":"https:\/\/roveyayinevi.com.tr\/index.php\/wp-json\/wp\/v2\/product"}],"about":[{"href":"https:\/\/roveyayinevi.com.tr\/index.php\/wp-json\/wp\/v2\/types\/product"}],"wp:attachment":[{"href":"https:\/\/roveyayinevi.com.tr\/index.php\/wp-json\/wp\/v2\/media?parent=765479"}],"wp:term":[{"taxonomy":"product_brand","embeddable":true,"href":"https:\/\/roveyayinevi.com.tr\/index.php\/wp-json\/wp\/v2\/product_brand?post=765479"},{"taxonomy":"product_cat","embeddable":true,"href":"https:\/\/roveyayinevi.com.tr\/index.php\/wp-json\/wp\/v2\/product_cat?post=765479"},{"taxonomy":"product_tag","embeddable":true,"href":"https:\/\/roveyayinevi.com.tr\/index.php\/wp-json\/wp\/v2\/product_tag?post=765479"}],"curies":[{"name":"wp","href":"https:\/\/api.w.org\/{rel}","templated":true}]}}