{"id":765478,"date":"2025-08-28T11:44:22","date_gmt":"2025-08-28T08:44:22","guid":{"rendered":"https:\/\/roveyayinevi.com.tr\/index.php\/urun\/cevresel-guvenlik\/"},"modified":"2026-04-15T03:31:28","modified_gmt":"2026-04-15T00:31:28","slug":"cevresel-guvenlik","status":"publish","type":"product","link":"https:\/\/roveyayinevi.com.tr\/index.php\/urun\/cevresel-guvenlik\/","title":{"rendered":"\u00c7evresel G\u00fcvenlik"},"content":{"rendered":"<p>\u00c7evrenin g\u00fcvenlik meselelerinin bir par\u00e7as\u0131 olmas\u0131, So\u011fuk Sava\u015f y\u0131llar\u0131 sonras\u0131nda d\u00fcnyan\u0131n olu\u015fturdu\u011fu uluslararas\u0131 sistemin bir gere\u011fi ve ayn\u0131 zamanda sonucu olarak dikkat \u00e7ekmi\u015f, her ge\u00e7en g\u00fcn ulus devletler d\u00fczeyinde \u00f6nemini art\u0131ran bir yakla\u015f\u0131ma d\u00f6n\u00fc\u015fm\u00fc\u015ft\u00fcr. Ku\u015fkusuz, sosyal bilimler \u00e7evrenin birey ve toplum \u00fczerinde etkisini incelerken; bireyin ve toplumun da \u00e7evre \u00fczerinde bask\u0131s\u0131n\u0131 ara\u015ft\u0131rma \u00f6znesi yapm\u0131\u015ft\u0131r. Art\u0131k ya\u015fam bi\u00e7imi olarak k\u00fcreselle\u015fenve karma\u015f\u0131kla\u015fan g\u00fcn\u00fcm\u00fcz modern toplumunun \u00e7evre ve g\u00fcvenlik \u00fczerindeki meseleleri uluslararas\u0131 ili\u015fkilerden kamu y\u00f6netimine, ekonomiden psikoloji ve davran\u0131\u015f bilimlerine kadarhem \u00f6zg\u00fcn hem de i\u015fbirli\u011fine dayanan \u00e7ok disiplinli \u00e7al\u0131\u015fmalar\u0131 \u00f6ne \u00e7\u0131karmaktad\u0131r. Bu \u00e7al\u0131\u015fma, \u00e7evre ve g\u00fcvenlik ili\u015fkisini \u00e7evresel g\u00fcvenlik kavram\u0131 \u00fczerinden ba\u015flang\u0131\u00e7 d\u00fczeyinde belirli tematik alanlarda tart\u0131\u015fmay\u0131 hedeflemektedir. Literat\u00fcrde sonraki eserlerin ise hem insanl\u0131\u011fa, hem de ekolojinin bizatihi kendisine de\u011fer katacak ve s\u00fcrd\u00fcr\u00fclebilir k\u0131lacak \u00e7al\u0131\u015fmalar olmas\u0131 temenniden \u00f6te bir beklentidir.<\/p>\n","protected":false},"excerpt":{"rendered":"<p>\u00c7evrenin g\u00fcvenlik meselelerinin bir par\u00e7as\u0131 olmas\u0131, So\u011fuk Sava\u015f y\u0131llar\u0131 sonras\u0131nda d\u00fcnyan\u0131n olu\u015fturdu\u011fu uluslararas\u0131 sistemin bir gere\u011fi ve ayn\u0131 zamanda sonucu olarak dikkat \u00e7ekmi\u015f, her ge\u00e7en g\u00fcn<span class=\"excerpt-hellip\"> [\u2026]<\/span><\/p>\n","protected":false},"featured_media":0,"template":"","meta":{"_monsterinsights_skip_tracking":false,"_monsterinsights_sitenote_active":false,"_monsterinsights_sitenote_note":"","_monsterinsights_sitenote_category":0},"product_brand":[],"product_cat":[12365,12364],"product_tag":[],"class_list":{"0":"post-765478","1":"product","2":"type-product","3":"status-publish","5":"product_cat-diger-genel-konular","6":"product_cat-genel-konular","7":"pa_cilt-ciltsiz","8":"pa_tur-kitap","9":"pa_yayinevi-orion-kitabevi","10":"pa_yazar-elif-colakoglu-tarik-ak-serkan-yenal","12":"first","13":"instock","14":"sale","15":"shipping-taxable","16":"purchasable","17":"product-type-simple"},"_links":{"self":[{"href":"https:\/\/roveyayinevi.com.tr\/index.php\/wp-json\/wp\/v2\/product\/765478","targetHints":{"allow":["GET"]}}],"collection":[{"href":"https:\/\/roveyayinevi.com.tr\/index.php\/wp-json\/wp\/v2\/product"}],"about":[{"href":"https:\/\/roveyayinevi.com.tr\/index.php\/wp-json\/wp\/v2\/types\/product"}],"wp:attachment":[{"href":"https:\/\/roveyayinevi.com.tr\/index.php\/wp-json\/wp\/v2\/media?parent=765478"}],"wp:term":[{"taxonomy":"product_brand","embeddable":true,"href":"https:\/\/roveyayinevi.com.tr\/index.php\/wp-json\/wp\/v2\/product_brand?post=765478"},{"taxonomy":"product_cat","embeddable":true,"href":"https:\/\/roveyayinevi.com.tr\/index.php\/wp-json\/wp\/v2\/product_cat?post=765478"},{"taxonomy":"product_tag","embeddable":true,"href":"https:\/\/roveyayinevi.com.tr\/index.php\/wp-json\/wp\/v2\/product_tag?post=765478"}],"curies":[{"name":"wp","href":"https:\/\/api.w.org\/{rel}","templated":true}]}}