{"id":765477,"date":"2025-08-28T11:44:21","date_gmt":"2025-08-28T08:44:21","guid":{"rendered":"https:\/\/roveyayinevi.com.tr\/index.php\/urun\/cevre-ve-kalkinma-soylemi\/"},"modified":"2026-04-15T03:31:28","modified_gmt":"2026-04-15T00:31:28","slug":"cevre-ve-kalkinma-soylemi","status":"publish","type":"product","link":"https:\/\/roveyayinevi.com.tr\/index.php\/urun\/cevre-ve-kalkinma-soylemi\/","title":{"rendered":"\u00c7evre ve Kalk\u0131nma S\u00f6ylemi"},"content":{"rendered":"<p>Yirminci y\u00fczy\u0131l\u0131n sonunda ve yirmibirinci y\u00fczy\u0131lda s\u0131n\u0131rlar\u0131n anlams\u0131zla\u015ft\u0131\u011f\u0131n\u0131n ve tek bir d\u00fcnyan\u0131n var oldu\u011funun fark\u0131na vard\u0131k. Bu fark\u0131ndal\u0131kta k\u00fcreselle\u015fme olgusu ve \u00e7evre sorunlar\u0131n\u0131n b\u00fcy\u00fck bir etkisi oldu. K\u00fcreselle\u015fme olgusu ve \u00e7evre sorunlar\u0131n\u0131 birlikte \u00e7\u00f6zmeye \u00e7al\u0131\u015fmam\u0131za yarad\u0131.<\/p>\n","protected":false},"excerpt":{"rendered":"<p>Yirminci y\u00fczy\u0131l\u0131n sonunda ve yirmibirinci y\u00fczy\u0131lda s\u0131n\u0131rlar\u0131n anlams\u0131zla\u015ft\u0131\u011f\u0131n\u0131n ve tek bir d\u00fcnyan\u0131n var oldu\u011funun fark\u0131na vard\u0131k. Bu fark\u0131ndal\u0131kta k\u00fcreselle\u015fme olgusu ve \u00e7evre sorunlar\u0131n\u0131n b\u00fcy\u00fck bir etkisi<span class=\"excerpt-hellip\"> [\u2026]<\/span><\/p>\n","protected":false},"featured_media":0,"template":"","meta":{"_monsterinsights_skip_tracking":false,"_monsterinsights_sitenote_active":false,"_monsterinsights_sitenote_note":"","_monsterinsights_sitenote_category":0},"product_brand":[],"product_cat":[23323,12364],"product_tag":[],"class_list":{"0":"post-765477","1":"product","2":"type-product","3":"status-publish","5":"product_cat-ekoloji","6":"product_cat-genel-konular","7":"pa_cilt-ciltsiz","8":"pa_tur-kitap","9":"pa_yayinevi-orion-kitabevi","10":"pa_yazar-murat-kayikci","12":"first","13":"instock","14":"sale","15":"shipping-taxable","16":"purchasable","17":"product-type-simple"},"_links":{"self":[{"href":"https:\/\/roveyayinevi.com.tr\/index.php\/wp-json\/wp\/v2\/product\/765477","targetHints":{"allow":["GET"]}}],"collection":[{"href":"https:\/\/roveyayinevi.com.tr\/index.php\/wp-json\/wp\/v2\/product"}],"about":[{"href":"https:\/\/roveyayinevi.com.tr\/index.php\/wp-json\/wp\/v2\/types\/product"}],"wp:attachment":[{"href":"https:\/\/roveyayinevi.com.tr\/index.php\/wp-json\/wp\/v2\/media?parent=765477"}],"wp:term":[{"taxonomy":"product_brand","embeddable":true,"href":"https:\/\/roveyayinevi.com.tr\/index.php\/wp-json\/wp\/v2\/product_brand?post=765477"},{"taxonomy":"product_cat","embeddable":true,"href":"https:\/\/roveyayinevi.com.tr\/index.php\/wp-json\/wp\/v2\/product_cat?post=765477"},{"taxonomy":"product_tag","embeddable":true,"href":"https:\/\/roveyayinevi.com.tr\/index.php\/wp-json\/wp\/v2\/product_tag?post=765477"}],"curies":[{"name":"wp","href":"https:\/\/api.w.org\/{rel}","templated":true}]}}