{"id":765476,"date":"2025-08-28T11:44:20","date_gmt":"2025-08-28T08:44:20","guid":{"rendered":"https:\/\/roveyayinevi.com.tr\/index.php\/urun\/cevre-etigi\/"},"modified":"2026-04-15T03:31:28","modified_gmt":"2026-04-15T00:31:28","slug":"cevre-etigi","status":"publish","type":"product","link":"https:\/\/roveyayinevi.com.tr\/index.php\/urun\/cevre-etigi\/","title":{"rendered":"\u00c7evre Eti\u011fi"},"content":{"rendered":"<p>\u0130nsan\u0131n do\u011fa kar\u015f\u0131s\u0131nda nas\u0131l davranmas\u0131 gerekti\u011fini sorgulayan \u00e7evre eti\u011fi, felsefenin bir alt dal\u0131 olarak ortaya \u00e7\u0131km\u0131\u015ft\u0131r. Bu anlamda \u00e7evre eti\u011fi, insan\u0131n canl\u0131 ve cans\u0131z varl\u0131klara kar\u015f\u0131 davran\u0131\u015flar\u0131nda ideal olan\u0131n ne oldu\u011funu bulmaya \u00e7al\u0131\u015fan bir yakla\u015f\u0131m\u0131 ifade etmektedir. \u0130nsan\u0131n do\u011faya kar\u015f\u0131 davran\u0131\u015flar\u0131n\u0131 sorgulayan etik \u00f6\u011fretiler, insan merkezli, canl\u0131 merkezli ve \u00e7evre merkezli yakla\u015f\u0131mlar \u015feklinde \u00fc\u00e7 grup alt\u0131nda toplanmaktad\u0131r. Ancak insan ya\u015fam\u0131nda insan merkezli yakla\u015f\u0131mlar\u0131n tart\u0131\u015f\u0131lmaz bir \u00fcst\u00fcnl\u00fc\u011f\u00fc bulunmaktad\u0131r. Bu nedenle \u00e7evre sorunlar\u0131n\u0131n d\u00fc\u015f\u00fcnsel temellerinin de insan merkezli yakla\u015f\u0131mlar ve onun toplumsal alandaki yans\u0131malar\u0131n\u0131n \u00f6nemli rol\u00fc olmu\u015ftur. Bu yakla\u015f\u0131mlar\u0131n etkisinde kalan insan, do\u011fayla uyumlu ya\u015famak yerine, do\u011fay\u0131 kontrol etmeye ve olabildi\u011fince ondan faydalanmaya y\u00f6nelmi\u015ftir. B\u00f6ylece insan\u0131n \u00e7\u0131karlar\u0131na hizmet etmeyen canl\u0131lar\u0131n ya\u015fam alanlar\u0131 s\u00fcrekli olarak yok olmu\u015f ya da daralt\u0131lm\u0131\u015ft\u0131r. \u0130nsan\u0131n do\u011fadaki canl\u0131 ve cans\u0131z varl\u0131klar\u0131n gelece\u011fi konusundaki bu davran\u0131\u015flar\u0131, sadece do\u011faya de\u011fil, insan\u0131n da gelece\u011fine de zarar vermektedir. Bu nedenle insan, do\u011fan\u0131n ve ayn\u0131 zamanda kendisinin gelece\u011fi i\u00e7in yeni bir etik anlay\u0131\u015f benimsemek zorundad\u0131r.\u00c7evre eti\u011fi konusunda yap\u0131lan tart\u0131\u015fmalara \u00f6nemli bir katk\u0131 sa\u011flayaca\u011f\u0131n\u0131 d\u00fc\u015f\u00fcnd\u00fc\u011f\u00fcm\u00fcz, Selim K\u0131l\u0131\u00e7&#8217;\u0131n &#8220;\u00c7evre Eti\u011fi: Ortaya \u00c7\u0131k\u0131\u015f\u0131,i Geli\u015fimi ve Sonu\u00e7lar\u0131&#8221; adl\u0131 \u00e7al\u0131\u015fmas\u0131, salt bir insan merkezcili\u011fin yanl\u0131\u015fl\u0131\u011f\u0131n\u0131 ortaya koymakta ve di\u011fer canl\u0131lar\u0131n da ya\u015fama hakk\u0131na sayg\u0131 g\u00f6sterilmesi gerekti\u011fini savunmaktad\u0131r. Her \u015feyden \u00f6nce de, d\u00fcnyan\u0131n canl\u0131 ve cans\u0131z varl\u0131klarla birlikte bir sistem oldu\u011funa ve cans\u0131z varl\u0131klar olmadan canl\u0131lar\u0131n da varolamayaca\u011f\u0131na dikkat \u00e7ekmektedir. \u00c7evrey\u015fe, do\u011fayla, hayvan haklar\u0131yla ve insan\u0131n gelece\u011fi ile ilgilenenlerin be\u011fenisine sunuyoruz.<\/p>\n","protected":false},"excerpt":{"rendered":"<p>\u0130nsan\u0131n do\u011fa kar\u015f\u0131s\u0131nda nas\u0131l davranmas\u0131 gerekti\u011fini sorgulayan \u00e7evre eti\u011fi, felsefenin bir alt dal\u0131 olarak ortaya \u00e7\u0131km\u0131\u015ft\u0131r. Bu anlamda \u00e7evre eti\u011fi, insan\u0131n canl\u0131 ve cans\u0131z varl\u0131klara kar\u015f\u0131<span class=\"excerpt-hellip\"> [\u2026]<\/span><\/p>\n","protected":false},"featured_media":0,"template":"","meta":{"_monsterinsights_skip_tracking":false,"_monsterinsights_sitenote_active":false,"_monsterinsights_sitenote_note":"","_monsterinsights_sitenote_category":0},"product_brand":[],"product_cat":[12364],"product_tag":[],"class_list":{"0":"post-765476","1":"product","2":"type-product","3":"status-publish","5":"product_cat-genel-konular","6":"pa_cilt-ciltsiz","7":"pa_tur-kitap","8":"pa_yayinevi-orion-kitabevi","9":"pa_yazar-selim-kilic","11":"first","12":"instock","13":"sale","14":"shipping-taxable","15":"purchasable","16":"product-type-simple"},"_links":{"self":[{"href":"https:\/\/roveyayinevi.com.tr\/index.php\/wp-json\/wp\/v2\/product\/765476","targetHints":{"allow":["GET"]}}],"collection":[{"href":"https:\/\/roveyayinevi.com.tr\/index.php\/wp-json\/wp\/v2\/product"}],"about":[{"href":"https:\/\/roveyayinevi.com.tr\/index.php\/wp-json\/wp\/v2\/types\/product"}],"wp:attachment":[{"href":"https:\/\/roveyayinevi.com.tr\/index.php\/wp-json\/wp\/v2\/media?parent=765476"}],"wp:term":[{"taxonomy":"product_brand","embeddable":true,"href":"https:\/\/roveyayinevi.com.tr\/index.php\/wp-json\/wp\/v2\/product_brand?post=765476"},{"taxonomy":"product_cat","embeddable":true,"href":"https:\/\/roveyayinevi.com.tr\/index.php\/wp-json\/wp\/v2\/product_cat?post=765476"},{"taxonomy":"product_tag","embeddable":true,"href":"https:\/\/roveyayinevi.com.tr\/index.php\/wp-json\/wp\/v2\/product_tag?post=765476"}],"curies":[{"name":"wp","href":"https:\/\/api.w.org\/{rel}","templated":true}]}}