{"id":765475,"date":"2025-08-28T11:44:18","date_gmt":"2025-08-28T08:44:18","guid":{"rendered":"https:\/\/roveyayinevi.com.tr\/index.php\/urun\/catisma-yonetimi\/"},"modified":"2026-03-25T20:53:09","modified_gmt":"2026-03-25T17:53:09","slug":"catisma-yonetimi","status":"publish","type":"product","link":"https:\/\/roveyayinevi.com.tr\/index.php\/urun\/catisma-yonetimi\/","title":{"rendered":"\u00c7at\u0131\u015fma Y\u00f6netimi"},"content":{"rendered":"<p>Habil ile Kabil kavgas\u0131n\u0131n, Birinci D\u00fcnya Sava\u015f\u0131n\u0131n, So\u011fuk Sava\u015f\u0131n, K\u00fcrt Sorununun, Ba\u015f\u00f6rt\u00fcs\u00fc meselesinin, zorunlu din dersinin, n\u00fckleer silah anla\u015fmazl\u0131\u011f\u0131n\u0131n ve basit bir sokak tart\u0131\u015fmas\u0131n\u0131n ortak paydas\u0131 nedir? Bunlar\u0131n hepsi yo\u011funluk derecesi ve \u015fiddet ile ili\u015fkisi farkl\u0131 d\u00fczeylerde olan birer \u00e7at\u0131\u015fma \u00f6rnekleridir. Basit bir fikir ayr\u0131l\u0131\u011f\u0131ndan sava\u015flara kadar geni\u015f bir eylem ve durum yelpazesini kapsayan \u00e7at\u0131\u015fma, hayat\u0131m\u0131z\u0131n do\u011fal bir par\u00e7as\u0131d\u0131r. Her g\u00fcn ya\u015fad\u0131\u011f\u0131m\u0131z pek \u00e7ok \u00e7at\u0131\u015fman\u0131n bir k\u0131sm\u0131n\u0131 \u00e7\u00f6zer, bir k\u0131sm\u0131yla ya\u015famaya devam ederiz. G\u00fcnl\u00fck hayat\u0131m\u0131z\u0131n bir par\u00e7as\u0131 olan \u00e7at\u0131\u015fma, genel kan\u0131n\u0131n aksine menfi bir durum de\u011fildir, \u00f6nemli olan nas\u0131l y\u00f6netildi\u011fidir. \u0130yi y\u00f6netilen bir \u00e7at\u0131\u015fma iyi, k\u00f6t\u00fc y\u00f6netilen (daha do\u011frusu y\u00f6netilemeyen) bir \u00e7at\u0131\u015fma k\u00f6t\u00fc sonu\u00e7lar verebilir.Toplumlarda ya da toplumlararas\u0131nda var olan \u00e7at\u0131\u015fmalar \u00e7o\u011fu zaman sosyal ve siyasal de\u011fi\u015fimin, d\u00f6n\u00fc\u015f\u00fcm\u00fcn ve geli\u015fimin arac\u0131 ve kataliz\u00f6r\u00fc olurken, \u015fiddete varan \u00e7at\u0131\u015fmalar ise tahribat\u0131n ve par\u00e7alanman\u0131n ara\u00e7lar\u0131 haline gelebilirler. Bu nedenle, \u00e7at\u0131\u015fma de\u011fil, \u00f6nemli olan \u00e7at\u0131\u015fma y\u00f6netimidir. \u00c7at\u0131\u015fma y\u00f6netimi son y\u0131llarda teori ve pratikte kar\u015f\u0131la\u015f\u0131lan bir tak\u0131m zorluk ve eksikliklerine ra\u011fmen, d\u00fcnya bar\u0131\u015f\u0131na \u00f6nemli katk\u0131lar sa\u011flam\u0131\u015ft\u0131r.D\u00fcnyadaki \u00e7at\u0131\u015fmalar son bir as\u0131rda nas\u0131l bir seyir izlemi\u015ftir?D\u00fcnyadaki belli ba\u015fl\u0131 \u00e7at\u0131\u015fmalar\u0131n s\u00fcre\u00e7leri nas\u0131l geli\u015fmi\u015ftir?Neden baz\u0131 \u00e7at\u0131\u015fmalar \u00e7\u00f6z\u00fclme s\u00fcrecine girerken, baz\u0131lar\u0131 kendisini yeniden \u00fcretemeye devam etmektedir?Bar\u0131\u015f k\u00fclt\u00fcrel mi, yoksa \u00f6\u011frenilen bir \u015fey mi?D\u00fcnyada \u00e7at\u0131\u015fma y\u00f6netiminin bar\u0131\u015f\u00e7\u0131l metotlar\u0131 giderek yayg\u0131nla\u015f\u0131rken, her sorununu \u00e7at\u0131\u015fmaya d\u00f6n\u00fc\u015ft\u00fcrme becerisini g\u00f6steren \u00fclkemizde, bu disiplin uzun bir s\u00fcre hem uygulamada hem de literat\u00fcrde g\u00f6rmezden gelindi. T\u00fcrkiye her sorununu bir \u00e7at\u0131\u015fmaya d\u00f6n\u00fc\u015ft\u00fcrmede olduk\u00e7a yeteneklidir, fakat yetene\u011fi bununla da s\u0131n\u0131rl\u0131 de\u011fildir: Hi\u00e7bir sorununu \u00e7\u00f6zmemekte de b\u00fcy\u00fck bir maharet sahibidir.Sorunlar\u0131n bar\u0131\u015f\u00e7\u0131l yollarla \u00e7\u00f6z\u00fclmesi ve bir insan hakk\u0131 olan bar\u0131\u015f, \u00f6\u011frenilen bir \u015feydir ve bu topraklarda uzun bir zamand\u0131r bar\u0131\u015f e\u011fitimi terk edildi\u011finden, bir \u00e7at\u0131\u015fmac\u0131 k\u00fclt\u00fcr geli\u015fmi\u015ftir. Bu nedenle, i\u00e7imiz, d\u0131\u015f\u0131m\u0131z ve d\u00f6rt taraf\u0131m\u0131z \u00e7at\u0131\u015fmalarla doludur. Bu kadar \u00e7at\u0131\u015fmay\u0131 bar\u0131\u015f\u00e7\u0131l yollarla \u00e7\u00f6zmek yerine, \u015fiddetle ba\u015fka bir \u00e7at\u0131\u015fma formuna d\u00f6n\u00fc\u015ft\u00fcrerek \u00e7o\u011falt\u0131yoruz. Oysa tersi m\u00fcmk\u00fcn ve i\u015fe Bar\u0131\u015f\u0131 konu\u015fmakla ba\u015flanabilir. Fakat Bar\u0131\u015f\u0131 Konu\u015fmak i\u00e7in onu bilmek laz\u0131m.Bu kitap i\u00e7erdi\u011fi teorik ve kavramsal analizler, de\u011ferlendirmeler, d\u00fcnyadaki belli ba\u015fl\u0131 \u00e7at\u0131\u015fmalar\u0131n \u00e7\u00f6z\u00fclme y\u00f6ntemleri, bar\u0131\u015fa giden yolda tekrar eden desenler ve \u00e7\u0131kar\u0131lan derslerle az da olsa \u00fclkemizdeki bar\u0131\u015f e\u011fitimine, bilincine, k\u00fclt\u00fcr\u00fcne, ahlak\u0131na ve toplumda bar\u0131\u015f\u00e7\u0131l ili\u015fkilerin geli\u015fmesine katk\u0131 sa\u011flamak amac\u0131yla haz\u0131rlanm\u0131\u015ft\u0131r.<\/p>\n","protected":false},"excerpt":{"rendered":"<p>Habil ile Kabil kavgas\u0131n\u0131n, Birinci D\u00fcnya Sava\u015f\u0131n\u0131n, So\u011fuk Sava\u015f\u0131n, K\u00fcrt Sorununun, Ba\u015f\u00f6rt\u00fcs\u00fc meselesinin, zorunlu din dersinin, n\u00fckleer silah anla\u015fmazl\u0131\u011f\u0131n\u0131n ve basit bir sokak tart\u0131\u015fmas\u0131n\u0131n ortak paydas\u0131<span class=\"excerpt-hellip\"> [\u2026]<\/span><\/p>\n","protected":false},"featured_media":0,"template":"","meta":{"_monsterinsights_skip_tracking":false,"_monsterinsights_sitenote_active":false,"_monsterinsights_sitenote_note":"","_monsterinsights_sitenote_category":0},"product_brand":[],"product_cat":[12365,12364],"product_tag":[],"class_list":{"0":"post-765475","1":"product","2":"type-product","3":"status-publish","5":"product_cat-diger-genel-konular","6":"product_cat-genel-konular","7":"pa_cilt-ciltsiz","8":"pa_tur-kitap","9":"pa_yayinevi-orion-kitabevi","10":"pa_yazar-nezir-akyesilmen","12":"first","13":"instock","14":"sale","15":"shipping-taxable","16":"purchasable","17":"product-type-simple"},"_links":{"self":[{"href":"https:\/\/roveyayinevi.com.tr\/index.php\/wp-json\/wp\/v2\/product\/765475","targetHints":{"allow":["GET"]}}],"collection":[{"href":"https:\/\/roveyayinevi.com.tr\/index.php\/wp-json\/wp\/v2\/product"}],"about":[{"href":"https:\/\/roveyayinevi.com.tr\/index.php\/wp-json\/wp\/v2\/types\/product"}],"wp:attachment":[{"href":"https:\/\/roveyayinevi.com.tr\/index.php\/wp-json\/wp\/v2\/media?parent=765475"}],"wp:term":[{"taxonomy":"product_brand","embeddable":true,"href":"https:\/\/roveyayinevi.com.tr\/index.php\/wp-json\/wp\/v2\/product_brand?post=765475"},{"taxonomy":"product_cat","embeddable":true,"href":"https:\/\/roveyayinevi.com.tr\/index.php\/wp-json\/wp\/v2\/product_cat?post=765475"},{"taxonomy":"product_tag","embeddable":true,"href":"https:\/\/roveyayinevi.com.tr\/index.php\/wp-json\/wp\/v2\/product_tag?post=765475"}],"curies":[{"name":"wp","href":"https:\/\/api.w.org\/{rel}","templated":true}]}}