{"id":765474,"date":"2025-08-28T11:44:17","date_gmt":"2025-08-28T08:44:17","guid":{"rendered":"https:\/\/roveyayinevi.com.tr\/index.php\/urun\/calisma-ekonomisi-ve-endustri-iliskileri\/"},"modified":"2026-04-15T03:31:28","modified_gmt":"2026-04-15T00:31:28","slug":"calisma-ekonomisi-ve-endustri-iliskileri","status":"publish","type":"product","link":"https:\/\/roveyayinevi.com.tr\/index.php\/urun\/calisma-ekonomisi-ve-endustri-iliskileri\/","title":{"rendered":"\u00c7al\u0131\u015fma Ekonomisi ve End\u00fcstri \u0130li\u015fkileri"},"content":{"rendered":"<p>\u00c7al\u0131\u015fma Ekonomisi ve End\u00fcstri \u0130li\u015fkileri ad\u0131yla haz\u0131rlanan bu kitap; \u00e7al\u0131\u015fma ekonomisi, i\u015f hukuku ve sosyal g\u00fcvenlik hukukunun temel konular\u0131n\u0131 i\u00e7ermektedir.Kitap fak\u00fcltelerde ve meslek y\u00fcksekokullar\u0131nda \u201c\u00c7al\u0131\u015fma Ekonomisi ve End\u00fcstri \u0130li\u015fkileri\u201d derslerinde okutulabilece\u011fi gibi mesleki s\u0131navlar (KPSS, \u0130dari Hakimlik, Kaymakaml\u0131k, Uzmanl\u0131k, Denet\u00e7ilik, M\u00fcfetti\u015flik, Kontrol\u00f6rl\u00fck) i\u00e7in de \u00e7al\u0131\u015fma kitab\u0131 niteli\u011findedir.<\/p>\n","protected":false},"excerpt":{"rendered":"<p>\u00c7al\u0131\u015fma Ekonomisi ve End\u00fcstri \u0130li\u015fkileri ad\u0131yla haz\u0131rlanan bu kitap; \u00e7al\u0131\u015fma ekonomisi, i\u015f hukuku ve sosyal g\u00fcvenlik hukukunun temel konular\u0131n\u0131 i\u00e7ermektedir.Kitap fak\u00fcltelerde ve meslek y\u00fcksekokullar\u0131nda \u201c\u00c7al\u0131\u015fma Ekonomisi<span class=\"excerpt-hellip\"> [\u2026]<\/span><\/p>\n","protected":false},"featured_media":0,"template":"","meta":{"_monsterinsights_skip_tracking":false,"_monsterinsights_sitenote_active":false,"_monsterinsights_sitenote_note":"","_monsterinsights_sitenote_category":0},"product_brand":[],"product_cat":[12365,12364],"product_tag":[],"class_list":{"0":"post-765474","1":"product","2":"type-product","3":"status-publish","5":"product_cat-diger-genel-konular","6":"product_cat-genel-konular","7":"pa_cilt-ciltsiz","8":"pa_tur-kitap","9":"pa_yayinevi-orion-kitabevi","10":"pa_yazar-taner-akcaci","12":"first","13":"instock","14":"sale","15":"shipping-taxable","16":"purchasable","17":"product-type-simple"},"_links":{"self":[{"href":"https:\/\/roveyayinevi.com.tr\/index.php\/wp-json\/wp\/v2\/product\/765474","targetHints":{"allow":["GET"]}}],"collection":[{"href":"https:\/\/roveyayinevi.com.tr\/index.php\/wp-json\/wp\/v2\/product"}],"about":[{"href":"https:\/\/roveyayinevi.com.tr\/index.php\/wp-json\/wp\/v2\/types\/product"}],"wp:attachment":[{"href":"https:\/\/roveyayinevi.com.tr\/index.php\/wp-json\/wp\/v2\/media?parent=765474"}],"wp:term":[{"taxonomy":"product_brand","embeddable":true,"href":"https:\/\/roveyayinevi.com.tr\/index.php\/wp-json\/wp\/v2\/product_brand?post=765474"},{"taxonomy":"product_cat","embeddable":true,"href":"https:\/\/roveyayinevi.com.tr\/index.php\/wp-json\/wp\/v2\/product_cat?post=765474"},{"taxonomy":"product_tag","embeddable":true,"href":"https:\/\/roveyayinevi.com.tr\/index.php\/wp-json\/wp\/v2\/product_tag?post=765474"}],"curies":[{"name":"wp","href":"https:\/\/api.w.org\/{rel}","templated":true}]}}