{"id":765473,"date":"2025-08-28T11:44:16","date_gmt":"2025-08-28T08:44:16","guid":{"rendered":"https:\/\/roveyayinevi.com.tr\/index.php\/urun\/cagdas-siyaset-sosyolojisi\/"},"modified":"2026-04-15T03:31:27","modified_gmt":"2026-04-15T00:31:27","slug":"cagdas-siyaset-sosyolojisi","status":"publish","type":"product","link":"https:\/\/roveyayinevi.com.tr\/index.php\/urun\/cagdas-siyaset-sosyolojisi\/","title":{"rendered":"\u00c7a\u011fda\u015f Siyaset Sosyolojisi"},"content":{"rendered":"<p>&#8220;Siyasetin g\u00fcn\u00fcm\u00fczdeki halinin Kate Nash&#8217;\u0131n \u00c7a\u011fda\u015f Siyasal Sosyolojisinden daha g\u00fcncel ve ele\u015ftirel bir derlemesini bulamazs\u0131n\u0131z.&#8221;- Steven Seidman, New York State University, Albany.Bu g\u00f6zde kitab\u0131n ikinci bask\u0131s\u0131 \u00e7a\u011fda\u015f siyasal sosyolojideki geli\u015fmelere \u00f6zellikle k\u00fcreselle\u015fme \u00fczerine h\u0131zla b\u00fcy\u00fcyen literat\u00fcre dair tamam\u0131yla g\u00f6zden ge\u00e7irilmi\u015f ve g\u00fcncellenmi\u015f bir giri\u015f niteli\u011findedir. \u00c7a\u011fda\u015f siyaseti anlamak i\u00e7in k\u00fclt\u00fcrel anlamlar\u0131n rekabetine ve bunun sosyal eylemin toplumsal yap\u0131land\u0131r\u0131lmas\u0131na ve demokratikle\u015ftirilmesine etkilerine kar\u015f\u0131 ne \u015fekilde bir duyarl\u0131l\u0131k g\u00f6sterece\u011fimize dair d\u00fc\u015f\u00fcnceler kitap boyunca de\u011ferlendirmektedir.Kitap ba\u015ftan sona sosyolojik ara\u015ft\u0131rman\u0131n en temel alanlar\u0131na odaklanmaktad\u0131r. \u0130ktidar ve siyasetin tan\u0131mlar\u0131; k\u00fcreselle\u015fmenin k\u00fcresel y\u00f6neti\u015fim; devletin d\u00f6n\u00fc\u015f\u00fcm\u00fc, medya ve siyasal cemaati i\u00e7eren makro teorileri; toplumsal hareketlere dair son \u00e7al\u0131\u015fmalar; vatanda\u015fl\u0131k, refah ve yoksullu\u011fun daha geni\u015f bir tart\u0131\u015fmas\u0131n\u0131 i\u00e7eren e\u015fitlik ve &#8220;farkl\u0131l\u0131k&#8221; siyaseti \u00fczerine g\u00fcncellenmi\u015f b\u00f6l\u00fcmlerden olu\u015fmaktad\u0131r. Hakeza k\u00fcresel bir ba\u011flamda demokrasi, demokratikle\u015fme ve \u00e7evrecilik \u00fczerine yeni bir b\u00f6l\u00fcm ilave edilmi\u015ftir.T\u00fcm bunlar\u0131n \u00f6tesinde kitap sosyoloji ve siayset \u00f6\u011frencilerine kendileri ad\u0131na karar vermek ve anlamak i\u00e7in yeni gere\u00e7ler sunacak \u015fekilde \u00e7a\u011fda\u015f siyasette son zamanlarda yeniden sergilenen temel bir tart\u0131\u015fman\u0131n, k\u00fcreselle\u015fmenin ne \u015fekilde hem emperyalizm ile ba\u011flant\u0131l\u0131 oldu\u011funu ama ayn\u0131 zamanda demokrasi, bar\u0131\u015f ve insan haklar\u0131na sayg\u0131 i\u00e7in yeni olas\u0131l\u0131klar sundu\u011funun, hatlar\u0131n\u0131 d\u00f6\u015femektedir.Kate Nash Londra \u00dcniversitesi K\u00fcresel Medya ve Demokrasi Ara\u015ft\u0131rmalar\u0131 Merkezi&#8217;nin e\u015f ba\u015fkan\u0131 ve Yale \u00dcniversitesi K\u00fclt\u00fcrel Sosyoloji Merkezi bilim kurulu \u00fcyesidir. Transnationalizing Public Sphere&#8217;in Nancy Fraser ile Wiley-Blackwell Compation to Political Sociology&#8217;in Edwin Amenta ve Alan Scott ile birlikte yazarl\u0131\u011f\u0131n\u0131 yapm\u0131\u015ft\u0131r.Hayrettin \u00d6zler, Sheffield Hallam \u00dcniversitesi&#8217;nden MBA, Strathclyde \u00dcniversitesi&#8217;nden siyaset bilimi alan\u0131nda doktora derecesi alm\u0131\u015ft\u0131r. Halen Dumlup\u0131nar \u00dcniversitesi \u0130\u0130BF Kamu Y\u00d6netimi B\u00f6l\u00fcm\u00fc \u00f6\u011fretim \u00fcyesidir.<\/p>\n","protected":false},"excerpt":{"rendered":"<p>&#8220;Siyasetin g\u00fcn\u00fcm\u00fczdeki halinin Kate Nash&#8217;\u0131n \u00c7a\u011fda\u015f Siyasal Sosyolojisinden daha g\u00fcncel ve ele\u015ftirel bir derlemesini bulamazs\u0131n\u0131z.&#8221;- Steven Seidman, New York State University, Albany.Bu g\u00f6zde kitab\u0131n ikinci bask\u0131s\u0131<span class=\"excerpt-hellip\"> [\u2026]<\/span><\/p>\n","protected":false},"featured_media":0,"template":"","meta":{"_monsterinsights_skip_tracking":false,"_monsterinsights_sitenote_active":false,"_monsterinsights_sitenote_note":"","_monsterinsights_sitenote_category":0},"product_brand":[],"product_cat":[12351,12324],"product_tag":[],"class_list":{"0":"post-765473","1":"product","2":"type-product","3":"status-publish","5":"product_cat-siyaset-sosyolojisi","6":"product_cat-sosyoloji","7":"pa_cilt-ciltsiz","8":"pa_tur-kitap","9":"pa_yayinevi-orion-kitabevi","10":"pa_yazar-kate-nash","12":"first","13":"instock","14":"sale","15":"shipping-taxable","16":"purchasable","17":"product-type-simple"},"_links":{"self":[{"href":"https:\/\/roveyayinevi.com.tr\/index.php\/wp-json\/wp\/v2\/product\/765473","targetHints":{"allow":["GET"]}}],"collection":[{"href":"https:\/\/roveyayinevi.com.tr\/index.php\/wp-json\/wp\/v2\/product"}],"about":[{"href":"https:\/\/roveyayinevi.com.tr\/index.php\/wp-json\/wp\/v2\/types\/product"}],"wp:attachment":[{"href":"https:\/\/roveyayinevi.com.tr\/index.php\/wp-json\/wp\/v2\/media?parent=765473"}],"wp:term":[{"taxonomy":"product_brand","embeddable":true,"href":"https:\/\/roveyayinevi.com.tr\/index.php\/wp-json\/wp\/v2\/product_brand?post=765473"},{"taxonomy":"product_cat","embeddable":true,"href":"https:\/\/roveyayinevi.com.tr\/index.php\/wp-json\/wp\/v2\/product_cat?post=765473"},{"taxonomy":"product_tag","embeddable":true,"href":"https:\/\/roveyayinevi.com.tr\/index.php\/wp-json\/wp\/v2\/product_tag?post=765473"}],"curies":[{"name":"wp","href":"https:\/\/api.w.org\/{rel}","templated":true}]}}